{"id":11804,"date":"2025-02-05T11:10:20","date_gmt":"2025-02-05T08:10:20","guid":{"rendered":"https:\/\/ulmeka.com\/?post_type=product&#038;p=11804"},"modified":"2025-02-26T13:24:25","modified_gmt":"2025-02-26T10:24:25","slug":"biosafety-cabinet-class-ii-b-2-2","status":"publish","type":"product","link":"https:\/\/ulmeka.com\/en\/urun\/biosafety-cabinet-class-ii-b-2-2\/","title":{"rendered":"BIOSAFETY CABINET CLASS II B 2"},"content":{"rendered":"<p><strong>The Class II (laminar flow) biosafety cabinet<\/strong> is designed to minimize the hazards inherent in working with agents assigned to biosafety levels 1, 2, 3, or 4.<\/p>\n<p>Biosafety cabinets (BSCs) meet the essential requirements of EN 12469 and NSF\/ANSI 49 standards for their design, construction, and performance intended to protect personnel, products, and the environment.<\/p>\n<p>Class II (Types A1, A2, B1, and B2) biosafety cabinets are partial barrier systems that rely on air movement to provide personnel, environmental, and product protection. Personnel and product protection is provided by the combination of inflow and downstream airflow captured by the cab front grille.<\/p>\n<p>Class II Type B2 Biological Safety Cabinets work under principles with full exhaust of pre-filtered\/HEPA-filtered fresh air to the outer atmosphere without recirculation. Exhausting through a HEPA filter also protects the environment.<\/p>\n<table>\n<thead>\n<tr>\n<th>Property<\/th>\n<th>Value<\/th>\n<\/tr>\n<\/thead>\n<tbody>\n<tr>\n<td>Average Inflow Velocity<\/td>\n<td>\u2265 0,51 m\/s<\/td>\n<\/tr>\n<tr>\n<td>Average Downflow Velocity<\/td>\n<td>0,25 &#8211; 0,40 m\/s<\/td>\n<\/tr>\n<tr>\n<td>Downflow Air Filter\/Main Filter<\/td>\n<td>H14 HEPA, 0.3 \u03bcm particulate 99.995% (EN 1822)<\/td>\n<\/tr>\n<tr>\n<td>Exhaust Filter<\/td>\n<td>H14 HEPA, 0.3 \u03bcm particulate 99.995% (EN 1822)<\/td>\n<\/tr>\n<tr>\n<td>Front Filter<\/td>\n<td>G4<\/td>\n<\/tr>\n<tr>\n<td>Air Cleanliness Class<\/td>\n<td>ISO Class 5 (ISO 14644-1) &#8211; Class 100 (FED 209 E)<\/td>\n<\/tr>\n<tr>\n<td>Bench\/Working Table (Standard)<\/td>\n<td>316 or 304 Stainless Steel<\/td>\n<\/tr>\n<tr>\n<td>Front Sash\/Window Standard Opening<\/td>\n<td>200mm \u00b1 10 mm<\/td>\n<\/tr>\n<tr>\n<td>Front Sash\/Window Maximum Opening<\/td>\n<td>530mm \u00b1 10 mm<\/td>\n<\/tr>\n<tr>\n<td>Noise Level (Normal Mode)<\/td>\n<td>&lt; 60 dB(A)<\/td>\n<\/tr>\n<tr>\n<td>Noise Level (Economy Mode)<\/td>\n<td>&lt; 55 dB(A)<\/td>\n<\/tr>\n<tr>\n<td>Illumination<\/td>\n<td>850 \u2013 1150 Lux<\/td>\n<\/tr>\n<tr>\n<td>Supply Voltage \/ Frequency<\/td>\n<td>230 V \/ 50 Hz<\/td>\n<\/tr>\n<tr>\n<td>Power Consumption \/ Current<\/td>\n<td>1000 W \/ 16A<\/td>\n<\/tr>\n<tr>\n<td>Fan<\/td>\n<td>ebmpapst-Greentech EC<\/td>\n<\/tr>\n<\/tbody>\n<\/table>\n<p>You can <a href=\"mailto: info@ulmeka.com\">contact us<\/a> to get more information about this test device and to place an order in custom dimensions.<\/p>\n","protected":false},"excerpt":{"rendered":"<p>You can <a href=\"mailto: info@ulmeka.com\">contact us<\/a> to get more information about this test device and to place an order in custom dimensions.<\/p>\n","protected":false},"featured_media":12122,"template":"","meta":[],"product_brand":[],"product_cat":[313,315],"product_tag":[],"class_list":{"0":"post-11804","1":"product","2":"type-product","3":"status-publish","4":"has-post-thumbnail","6":"product_cat-laboratory-devices-en","7":"product_cat-microbiological-safety-cabinets","9":"first","10":"instock","11":"shipping-taxable","12":"product-type-simple"},"yoast_head":"<!-- This site is optimized with the Yoast SEO plugin v24.3 - https:\/\/yoast.com\/wordpress\/plugins\/seo\/ -->\n<title>BIOSAFETY CABINET CLASS II B 2 - Ulmeka Mechatronics<\/title>\n<meta name=\"robots\" content=\"index, follow, max-snippet:-1, max-image-preview:large, max-video-preview:-1\" \/>\n<link rel=\"canonical\" href=\"https:\/\/ulmeka.com\/en\/urun\/biosafety-cabinet-class-ii-b-2-2\/\" \/>\n<meta property=\"og:locale\" content=\"en_US\" \/>\n<meta property=\"og:type\" content=\"article\" \/>\n<meta property=\"og:title\" content=\"BIOSAFETY CABINET CLASS II B 2 - Ulmeka Mechatronics\" \/>\n<meta property=\"og:description\" content=\"You can contact us to get more information about this test device and to place an order in custom dimensions.\" \/>\n<meta property=\"og:url\" content=\"https:\/\/ulmeka.com\/en\/urun\/biosafety-cabinet-class-ii-b-2-2\/\" \/>\n<meta property=\"og:site_name\" content=\"Ulmeka Mechatronics\" \/>\n<meta property=\"article:publisher\" content=\"https:\/\/www.facebook.com\/ulmekamekatronik\" \/>\n<meta property=\"article:modified_time\" content=\"2025-02-26T10:24:25+00:00\" \/>\n<meta property=\"og:image\" content=\"https:\/\/ulmeka.com\/wp-content\/uploads\/2025\/02\/BIOSAFETY-CABINET-CLASS-II-A-2-1.jpg\" \/>\n\t<meta property=\"og:image:width\" content=\"600\" \/>\n\t<meta property=\"og:image:height\" content=\"600\" \/>\n\t<meta property=\"og:image:type\" content=\"image\/jpeg\" \/>\n<meta name=\"twitter:card\" content=\"summary_large_image\" \/>\n<meta name=\"twitter:label1\" content=\"Est. reading time\" \/>\n\t<meta name=\"twitter:data1\" content=\"2 minutes\" \/>\n<script type=\"application\/ld+json\" class=\"yoast-schema-graph\">{\"@context\":\"https:\/\/schema.org\",\"@graph\":[{\"@type\":\"WebPage\",\"@id\":\"https:\/\/ulmeka.com\/en\/urun\/biosafety-cabinet-class-ii-b-2-2\/\",\"url\":\"https:\/\/ulmeka.com\/en\/urun\/biosafety-cabinet-class-ii-b-2-2\/\",\"name\":\"BIOSAFETY CABINET CLASS II B 2 - Ulmeka Mechatronics\",\"isPartOf\":{\"@id\":\"https:\/\/ulmeka.com\/en\/#website\"},\"primaryImageOfPage\":{\"@id\":\"https:\/\/ulmeka.com\/en\/urun\/biosafety-cabinet-class-ii-b-2-2\/#primaryimage\"},\"image\":{\"@id\":\"https:\/\/ulmeka.com\/en\/urun\/biosafety-cabinet-class-ii-b-2-2\/#primaryimage\"},\"thumbnailUrl\":\"https:\/\/ulmeka.com\/wp-content\/uploads\/2025\/02\/BIOSAFETY-CABINET-CLASS-II-A-2-1.jpg\",\"datePublished\":\"2025-02-05T08:10:20+00:00\",\"dateModified\":\"2025-02-26T10:24:25+00:00\",\"breadcrumb\":{\"@id\":\"https:\/\/ulmeka.com\/en\/urun\/biosafety-cabinet-class-ii-b-2-2\/#breadcrumb\"},\"inLanguage\":\"en-US\",\"potentialAction\":[{\"@type\":\"ReadAction\",\"target\":[\"https:\/\/ulmeka.com\/en\/urun\/biosafety-cabinet-class-ii-b-2-2\/\"]}]},{\"@type\":\"ImageObject\",\"inLanguage\":\"en-US\",\"@id\":\"https:\/\/ulmeka.com\/en\/urun\/biosafety-cabinet-class-ii-b-2-2\/#primaryimage\",\"url\":\"https:\/\/ulmeka.com\/wp-content\/uploads\/2025\/02\/BIOSAFETY-CABINET-CLASS-II-A-2-1.jpg\",\"contentUrl\":\"https:\/\/ulmeka.com\/wp-content\/uploads\/2025\/02\/BIOSAFETY-CABINET-CLASS-II-A-2-1.jpg\",\"width\":600,\"height\":600},{\"@type\":\"BreadcrumbList\",\"@id\":\"https:\/\/ulmeka.com\/en\/urun\/biosafety-cabinet-class-ii-b-2-2\/#breadcrumb\",\"itemListElement\":[{\"@type\":\"ListItem\",\"position\":1,\"name\":\"Homepage\",\"item\":\"https:\/\/ulmeka.com\/en\/\"},{\"@type\":\"ListItem\",\"position\":2,\"name\":\"Shop\",\"item\":\"https:\/\/ulmeka.com\/en\/?page_id=10392\"},{\"@type\":\"ListItem\",\"position\":3,\"name\":\"BIOSAFETY CABINET CLASS II B 2\"}]},{\"@type\":\"WebSite\",\"@id\":\"https:\/\/ulmeka.com\/en\/#website\",\"url\":\"https:\/\/ulmeka.com\/en\/\",\"name\":\"Ulmeka Mekatronik - Test Cihazlar\u0131\",\"description\":\"Test Makinalar\u0131 - \u00d6zel Makina \u0130malat\u0131 - Otomasyon - Yaz\u0131l\u0131m - Makina Otomasyonu\",\"publisher\":{\"@id\":\"https:\/\/ulmeka.com\/en\/#organization\"},\"potentialAction\":[{\"@type\":\"SearchAction\",\"target\":{\"@type\":\"EntryPoint\",\"urlTemplate\":\"https:\/\/ulmeka.com\/en\/?s={search_term_string}\"},\"query-input\":{\"@type\":\"PropertyValueSpecification\",\"valueRequired\":true,\"valueName\":\"search_term_string\"}}],\"inLanguage\":\"en-US\"},{\"@type\":\"Organization\",\"@id\":\"https:\/\/ulmeka.com\/en\/#organization\",\"name\":\"Ulmeka Mechatronics - Test Equipment\",\"url\":\"https:\/\/ulmeka.com\/en\/\",\"logo\":{\"@type\":\"ImageObject\",\"inLanguage\":\"en-US\",\"@id\":\"https:\/\/ulmeka.com\/en\/#\/schema\/logo\/image\/\",\"url\":\"https:\/\/ulmeka.com\/wp-content\/uploads\/2023\/09\/ulmeka-logo.webp\",\"contentUrl\":\"https:\/\/ulmeka.com\/wp-content\/uploads\/2023\/09\/ulmeka-logo.webp\",\"width\":1427,\"height\":385,\"caption\":\"Ulmeka Mechatronics - Test Equipment\"},\"image\":{\"@id\":\"https:\/\/ulmeka.com\/en\/#\/schema\/logo\/image\/\"},\"sameAs\":[\"https:\/\/www.facebook.com\/ulmekamekatronik\"]}]}<\/script>\n<!-- \/ Yoast SEO plugin. -->","yoast_head_json":{"title":"BIOSAFETY CABINET CLASS II B 2 - Ulmeka Mechatronics","robots":{"index":"index","follow":"follow","max-snippet":"max-snippet:-1","max-image-preview":"max-image-preview:large","max-video-preview":"max-video-preview:-1"},"canonical":"https:\/\/ulmeka.com\/en\/urun\/biosafety-cabinet-class-ii-b-2-2\/","og_locale":"en_US","og_type":"article","og_title":"BIOSAFETY CABINET CLASS II B 2 - Ulmeka Mechatronics","og_description":"You can contact us to get more information about this test device and to place an order in custom dimensions.","og_url":"https:\/\/ulmeka.com\/en\/urun\/biosafety-cabinet-class-ii-b-2-2\/","og_site_name":"Ulmeka Mechatronics","article_publisher":"https:\/\/www.facebook.com\/ulmekamekatronik","article_modified_time":"2025-02-26T10:24:25+00:00","og_image":[{"width":600,"height":600,"url":"https:\/\/ulmeka.com\/wp-content\/uploads\/2025\/02\/BIOSAFETY-CABINET-CLASS-II-A-2-1.jpg","type":"image\/jpeg"}],"twitter_card":"summary_large_image","twitter_misc":{"Est. reading time":"2 minutes"},"schema":{"@context":"https:\/\/schema.org","@graph":[{"@type":"WebPage","@id":"https:\/\/ulmeka.com\/en\/urun\/biosafety-cabinet-class-ii-b-2-2\/","url":"https:\/\/ulmeka.com\/en\/urun\/biosafety-cabinet-class-ii-b-2-2\/","name":"BIOSAFETY CABINET CLASS II B 2 - Ulmeka Mechatronics","isPartOf":{"@id":"https:\/\/ulmeka.com\/en\/#website"},"primaryImageOfPage":{"@id":"https:\/\/ulmeka.com\/en\/urun\/biosafety-cabinet-class-ii-b-2-2\/#primaryimage"},"image":{"@id":"https:\/\/ulmeka.com\/en\/urun\/biosafety-cabinet-class-ii-b-2-2\/#primaryimage"},"thumbnailUrl":"https:\/\/ulmeka.com\/wp-content\/uploads\/2025\/02\/BIOSAFETY-CABINET-CLASS-II-A-2-1.jpg","datePublished":"2025-02-05T08:10:20+00:00","dateModified":"2025-02-26T10:24:25+00:00","breadcrumb":{"@id":"https:\/\/ulmeka.com\/en\/urun\/biosafety-cabinet-class-ii-b-2-2\/#breadcrumb"},"inLanguage":"en-US","potentialAction":[{"@type":"ReadAction","target":["https:\/\/ulmeka.com\/en\/urun\/biosafety-cabinet-class-ii-b-2-2\/"]}]},{"@type":"ImageObject","inLanguage":"en-US","@id":"https:\/\/ulmeka.com\/en\/urun\/biosafety-cabinet-class-ii-b-2-2\/#primaryimage","url":"https:\/\/ulmeka.com\/wp-content\/uploads\/2025\/02\/BIOSAFETY-CABINET-CLASS-II-A-2-1.jpg","contentUrl":"https:\/\/ulmeka.com\/wp-content\/uploads\/2025\/02\/BIOSAFETY-CABINET-CLASS-II-A-2-1.jpg","width":600,"height":600},{"@type":"BreadcrumbList","@id":"https:\/\/ulmeka.com\/en\/urun\/biosafety-cabinet-class-ii-b-2-2\/#breadcrumb","itemListElement":[{"@type":"ListItem","position":1,"name":"Homepage","item":"https:\/\/ulmeka.com\/en\/"},{"@type":"ListItem","position":2,"name":"Shop","item":"https:\/\/ulmeka.com\/en\/?page_id=10392"},{"@type":"ListItem","position":3,"name":"BIOSAFETY CABINET CLASS II B 2"}]},{"@type":"WebSite","@id":"https:\/\/ulmeka.com\/en\/#website","url":"https:\/\/ulmeka.com\/en\/","name":"Ulmeka Mekatronik - Test Cihazlar\u0131","description":"Test Makinalar\u0131 - \u00d6zel Makina \u0130malat\u0131 - Otomasyon - Yaz\u0131l\u0131m - Makina Otomasyonu","publisher":{"@id":"https:\/\/ulmeka.com\/en\/#organization"},"potentialAction":[{"@type":"SearchAction","target":{"@type":"EntryPoint","urlTemplate":"https:\/\/ulmeka.com\/en\/?s={search_term_string}"},"query-input":{"@type":"PropertyValueSpecification","valueRequired":true,"valueName":"search_term_string"}}],"inLanguage":"en-US"},{"@type":"Organization","@id":"https:\/\/ulmeka.com\/en\/#organization","name":"Ulmeka Mechatronics - Test Equipment","url":"https:\/\/ulmeka.com\/en\/","logo":{"@type":"ImageObject","inLanguage":"en-US","@id":"https:\/\/ulmeka.com\/en\/#\/schema\/logo\/image\/","url":"https:\/\/ulmeka.com\/wp-content\/uploads\/2023\/09\/ulmeka-logo.webp","contentUrl":"https:\/\/ulmeka.com\/wp-content\/uploads\/2023\/09\/ulmeka-logo.webp","width":1427,"height":385,"caption":"Ulmeka Mechatronics - Test Equipment"},"image":{"@id":"https:\/\/ulmeka.com\/en\/#\/schema\/logo\/image\/"},"sameAs":["https:\/\/www.facebook.com\/ulmekamekatronik"]}]}},"jetpack_sharing_enabled":true,"_links":{"self":[{"href":"https:\/\/ulmeka.com\/en\/wp-json\/wp\/v2\/product\/11804","targetHints":{"allow":["GET"]}}],"collection":[{"href":"https:\/\/ulmeka.com\/en\/wp-json\/wp\/v2\/product"}],"about":[{"href":"https:\/\/ulmeka.com\/en\/wp-json\/wp\/v2\/types\/product"}],"version-history":[{"count":2,"href":"https:\/\/ulmeka.com\/en\/wp-json\/wp\/v2\/product\/11804\/revisions"}],"predecessor-version":[{"id":12124,"href":"https:\/\/ulmeka.com\/en\/wp-json\/wp\/v2\/product\/11804\/revisions\/12124"}],"wp:featuredmedia":[{"embeddable":true,"href":"https:\/\/ulmeka.com\/en\/wp-json\/wp\/v2\/media\/12122"}],"wp:attachment":[{"href":"https:\/\/ulmeka.com\/en\/wp-json\/wp\/v2\/media?parent=11804"}],"wp:term":[{"taxonomy":"product_brand","embeddable":true,"href":"https:\/\/ulmeka.com\/en\/wp-json\/wp\/v2\/product_brand?post=11804"},{"taxonomy":"product_cat","embeddable":true,"href":"https:\/\/ulmeka.com\/en\/wp-json\/wp\/v2\/product_cat?post=11804"},{"taxonomy":"product_tag","embeddable":true,"href":"https:\/\/ulmeka.com\/en\/wp-json\/wp\/v2\/product_tag?post=11804"}],"curies":[{"name":"wp","href":"https:\/\/api.w.org\/{rel}","templated":true}]}}