{"id":11682,"date":"2025-02-04T10:58:03","date_gmt":"2025-02-04T07:58:03","guid":{"rendered":"https:\/\/ulmeka.com\/?post_type=product&#038;p=11682"},"modified":"2025-02-10T15:54:19","modified_gmt":"2025-02-10T12:54:19","slug":"shaking-incubator","status":"publish","type":"product","link":"https:\/\/ulmeka.com\/en\/urun\/shaking-incubator\/","title":{"rendered":"SHAKING INCUBATOR"},"content":{"rendered":"<p>Simple and compact, <strong>shaking incubators<\/strong> are designed for precise mixing and shaking with reproducible circular movements and temperatures up to 60\u00b0C. These incubators are ideal for applications such as homogenization, incubation, fermentation, and chemical or biochemical reactions. Each unit comes with a universal platform with springs.<\/p>\n<p>Our models feature a microprocessor PID controller and a forced-air circulation system, ensuring exceptional temperature uniformity and rapid heat recovery within the stainless steel chamber. The programmable timer allows precise control, while an independent over-temperature thermostat prevents overheating. Additionally, the incubators include an inner glass door for improved visibility and insulation.<\/p>\n<p>All our incubators are energy-efficient and equipped with various safety and convenience features to ensure reliable and easy operation.<\/p>\n<h3><strong>Technical Specifications<\/strong><\/h3>\n<table>\n<thead>\n<tr>\n<th>Feature<\/th>\n<th>Specification<\/th>\n<\/tr>\n<\/thead>\n<tbody>\n<tr>\n<td><strong>Temperature Working Range<\/strong><\/td>\n<td>+5\u00b0C to +60\u00b0C<\/td>\n<\/tr>\n<tr>\n<td><strong>Control System<\/strong><\/td>\n<td>Programmable PID Microprocessor Control System<\/td>\n<\/tr>\n<tr>\n<td><strong>Display<\/strong><\/td>\n<td>LCD Full-Color Touch Screen<\/td>\n<\/tr>\n<tr>\n<td><strong>Temperature Display Accuracy<\/strong><\/td>\n<td>0.1\u00b0C<\/td>\n<\/tr>\n<tr>\n<td><strong>Time Setting<\/strong><\/td>\n<td>1 Minute \u2013 99.9 Hours + Hold Position<\/td>\n<\/tr>\n<tr>\n<td><strong>Speed Range<\/strong><\/td>\n<td>50-250 rpm, Orbital Shaking Motion<\/td>\n<\/tr>\n<tr>\n<td><strong>Program Delay<\/strong><\/td>\n<td>0-99 Hours 59 Minutes<\/td>\n<\/tr>\n<tr>\n<td><strong>Program Memory<\/strong><\/td>\n<td>9 Programs with 9 Steps Each<\/td>\n<\/tr>\n<tr>\n<td><strong>Capacity (L)<\/strong><\/td>\n<td>55<\/td>\n<\/tr>\n<tr>\n<td><strong>Shaking Platform<\/strong><\/td>\n<td>Universal with Springs<\/td>\n<\/tr>\n<tr>\n<td><strong>Flask Holders (Optional)<\/strong><\/td>\n<td>250 ml \/ 500 ml<\/td>\n<\/tr>\n<tr>\n<td><strong>Power Consumption (W)<\/strong><\/td>\n<td>350<\/td>\n<\/tr>\n<tr>\n<td><strong>Power Supply<\/strong><\/td>\n<td>220 V 50 Hz<\/td>\n<\/tr>\n<tr>\n<td><strong>Internal Surface<\/strong><\/td>\n<td>Stainless Steel<\/td>\n<\/tr>\n<tr>\n<td><strong>External Surface Structure<\/strong><\/td>\n<td>Electrostatic Powder Painted Steel<\/td>\n<\/tr>\n<tr>\n<td><strong>Internal Dimensions (W x D x H) cm<\/strong><\/td>\n<td>38 \u00d7 45 \u00d7 38<\/td>\n<\/tr>\n<tr>\n<td><strong>External Dimensions (W x D x H) cm<\/strong><\/td>\n<td>53 \u00d7 61 \u00d7 77<\/td>\n<\/tr>\n<\/tbody>\n<\/table>\n<p>You can <a href=\"mailto: info@ulmeka.com\">contact us<\/a> to get more information about this test device and to place an order in custom dimensions.<\/p>\n","protected":false},"excerpt":{"rendered":"<p>You can <a href=\"mailto: info@ulmeka.com\">contact us<\/a> to get more information about this test device and to place an order in custom dimensions.<\/p>\n","protected":false},"featured_media":12128,"template":"","meta":[],"product_brand":[],"product_cat":[314,313],"product_tag":[],"class_list":{"0":"post-11682","1":"product","2":"type-product","3":"status-publish","4":"has-post-thumbnail","6":"product_cat-incubators","7":"product_cat-laboratory-devices-en","9":"first","10":"instock","11":"shipping-taxable","12":"product-type-simple"},"yoast_head":"<!-- This site is optimized with the Yoast SEO plugin v24.3 - https:\/\/yoast.com\/wordpress\/plugins\/seo\/ -->\n<title>SHAKING INCUBATOR - Ulmeka Mechatronics<\/title>\n<meta name=\"robots\" content=\"index, follow, max-snippet:-1, max-image-preview:large, max-video-preview:-1\" \/>\n<link rel=\"canonical\" href=\"https:\/\/ulmeka.com\/en\/urun\/shaking-incubator\/\" \/>\n<meta property=\"og:locale\" content=\"en_US\" \/>\n<meta property=\"og:type\" content=\"article\" \/>\n<meta property=\"og:title\" content=\"SHAKING INCUBATOR - Ulmeka Mechatronics\" \/>\n<meta property=\"og:description\" content=\"You can contact us to get more information about this test device and to place an order in custom dimensions.\" \/>\n<meta property=\"og:url\" content=\"https:\/\/ulmeka.com\/en\/urun\/shaking-incubator\/\" \/>\n<meta property=\"og:site_name\" content=\"Ulmeka Mechatronics\" \/>\n<meta property=\"article:publisher\" content=\"https:\/\/www.facebook.com\/ulmekamekatronik\" \/>\n<meta property=\"article:modified_time\" content=\"2025-02-10T12:54:19+00:00\" \/>\n<meta property=\"og:image\" content=\"https:\/\/ulmeka.com\/wp-content\/uploads\/2025\/02\/shaking-incubators-1.jpg\" \/>\n\t<meta property=\"og:image:width\" content=\"500\" \/>\n\t<meta property=\"og:image:height\" content=\"500\" \/>\n\t<meta property=\"og:image:type\" content=\"image\/jpeg\" \/>\n<meta name=\"twitter:card\" content=\"summary_large_image\" \/>\n<meta name=\"twitter:label1\" content=\"Est. reading time\" \/>\n\t<meta name=\"twitter:data1\" content=\"2 minutes\" \/>\n<script type=\"application\/ld+json\" class=\"yoast-schema-graph\">{\"@context\":\"https:\/\/schema.org\",\"@graph\":[{\"@type\":\"WebPage\",\"@id\":\"https:\/\/ulmeka.com\/en\/urun\/shaking-incubator\/\",\"url\":\"https:\/\/ulmeka.com\/en\/urun\/shaking-incubator\/\",\"name\":\"SHAKING INCUBATOR - Ulmeka Mechatronics\",\"isPartOf\":{\"@id\":\"https:\/\/ulmeka.com\/en\/#website\"},\"primaryImageOfPage\":{\"@id\":\"https:\/\/ulmeka.com\/en\/urun\/shaking-incubator\/#primaryimage\"},\"image\":{\"@id\":\"https:\/\/ulmeka.com\/en\/urun\/shaking-incubator\/#primaryimage\"},\"thumbnailUrl\":\"https:\/\/ulmeka.com\/wp-content\/uploads\/2025\/02\/shaking-incubators-1.jpg\",\"datePublished\":\"2025-02-04T07:58:03+00:00\",\"dateModified\":\"2025-02-10T12:54:19+00:00\",\"breadcrumb\":{\"@id\":\"https:\/\/ulmeka.com\/en\/urun\/shaking-incubator\/#breadcrumb\"},\"inLanguage\":\"en-US\",\"potentialAction\":[{\"@type\":\"ReadAction\",\"target\":[\"https:\/\/ulmeka.com\/en\/urun\/shaking-incubator\/\"]}]},{\"@type\":\"ImageObject\",\"inLanguage\":\"en-US\",\"@id\":\"https:\/\/ulmeka.com\/en\/urun\/shaking-incubator\/#primaryimage\",\"url\":\"https:\/\/ulmeka.com\/wp-content\/uploads\/2025\/02\/shaking-incubators-1.jpg\",\"contentUrl\":\"https:\/\/ulmeka.com\/wp-content\/uploads\/2025\/02\/shaking-incubators-1.jpg\",\"width\":500,\"height\":500},{\"@type\":\"BreadcrumbList\",\"@id\":\"https:\/\/ulmeka.com\/en\/urun\/shaking-incubator\/#breadcrumb\",\"itemListElement\":[{\"@type\":\"ListItem\",\"position\":1,\"name\":\"Homepage\",\"item\":\"https:\/\/ulmeka.com\/en\/\"},{\"@type\":\"ListItem\",\"position\":2,\"name\":\"Shop\",\"item\":\"https:\/\/ulmeka.com\/en\/?page_id=10392\"},{\"@type\":\"ListItem\",\"position\":3,\"name\":\"SHAKING INCUBATOR\"}]},{\"@type\":\"WebSite\",\"@id\":\"https:\/\/ulmeka.com\/en\/#website\",\"url\":\"https:\/\/ulmeka.com\/en\/\",\"name\":\"Ulmeka Mekatronik - Test Cihazlar\u0131\",\"description\":\"Test Makinalar\u0131 - \u00d6zel Makina \u0130malat\u0131 - Otomasyon - Yaz\u0131l\u0131m - Makina Otomasyonu\",\"publisher\":{\"@id\":\"https:\/\/ulmeka.com\/en\/#organization\"},\"potentialAction\":[{\"@type\":\"SearchAction\",\"target\":{\"@type\":\"EntryPoint\",\"urlTemplate\":\"https:\/\/ulmeka.com\/en\/?s={search_term_string}\"},\"query-input\":{\"@type\":\"PropertyValueSpecification\",\"valueRequired\":true,\"valueName\":\"search_term_string\"}}],\"inLanguage\":\"en-US\"},{\"@type\":\"Organization\",\"@id\":\"https:\/\/ulmeka.com\/en\/#organization\",\"name\":\"Ulmeka Mechatronics - Test Equipment\",\"url\":\"https:\/\/ulmeka.com\/en\/\",\"logo\":{\"@type\":\"ImageObject\",\"inLanguage\":\"en-US\",\"@id\":\"https:\/\/ulmeka.com\/en\/#\/schema\/logo\/image\/\",\"url\":\"https:\/\/ulmeka.com\/wp-content\/uploads\/2023\/09\/ulmeka-logo.webp\",\"contentUrl\":\"https:\/\/ulmeka.com\/wp-content\/uploads\/2023\/09\/ulmeka-logo.webp\",\"width\":1427,\"height\":385,\"caption\":\"Ulmeka Mechatronics - Test Equipment\"},\"image\":{\"@id\":\"https:\/\/ulmeka.com\/en\/#\/schema\/logo\/image\/\"},\"sameAs\":[\"https:\/\/www.facebook.com\/ulmekamekatronik\"]}]}<\/script>\n<!-- \/ Yoast SEO plugin. -->","yoast_head_json":{"title":"SHAKING INCUBATOR - Ulmeka Mechatronics","robots":{"index":"index","follow":"follow","max-snippet":"max-snippet:-1","max-image-preview":"max-image-preview:large","max-video-preview":"max-video-preview:-1"},"canonical":"https:\/\/ulmeka.com\/en\/urun\/shaking-incubator\/","og_locale":"en_US","og_type":"article","og_title":"SHAKING INCUBATOR - Ulmeka Mechatronics","og_description":"You can contact us to get more information about this test device and to place an order in custom dimensions.","og_url":"https:\/\/ulmeka.com\/en\/urun\/shaking-incubator\/","og_site_name":"Ulmeka Mechatronics","article_publisher":"https:\/\/www.facebook.com\/ulmekamekatronik","article_modified_time":"2025-02-10T12:54:19+00:00","og_image":[{"width":500,"height":500,"url":"https:\/\/ulmeka.com\/wp-content\/uploads\/2025\/02\/shaking-incubators-1.jpg","type":"image\/jpeg"}],"twitter_card":"summary_large_image","twitter_misc":{"Est. reading time":"2 minutes"},"schema":{"@context":"https:\/\/schema.org","@graph":[{"@type":"WebPage","@id":"https:\/\/ulmeka.com\/en\/urun\/shaking-incubator\/","url":"https:\/\/ulmeka.com\/en\/urun\/shaking-incubator\/","name":"SHAKING INCUBATOR - Ulmeka Mechatronics","isPartOf":{"@id":"https:\/\/ulmeka.com\/en\/#website"},"primaryImageOfPage":{"@id":"https:\/\/ulmeka.com\/en\/urun\/shaking-incubator\/#primaryimage"},"image":{"@id":"https:\/\/ulmeka.com\/en\/urun\/shaking-incubator\/#primaryimage"},"thumbnailUrl":"https:\/\/ulmeka.com\/wp-content\/uploads\/2025\/02\/shaking-incubators-1.jpg","datePublished":"2025-02-04T07:58:03+00:00","dateModified":"2025-02-10T12:54:19+00:00","breadcrumb":{"@id":"https:\/\/ulmeka.com\/en\/urun\/shaking-incubator\/#breadcrumb"},"inLanguage":"en-US","potentialAction":[{"@type":"ReadAction","target":["https:\/\/ulmeka.com\/en\/urun\/shaking-incubator\/"]}]},{"@type":"ImageObject","inLanguage":"en-US","@id":"https:\/\/ulmeka.com\/en\/urun\/shaking-incubator\/#primaryimage","url":"https:\/\/ulmeka.com\/wp-content\/uploads\/2025\/02\/shaking-incubators-1.jpg","contentUrl":"https:\/\/ulmeka.com\/wp-content\/uploads\/2025\/02\/shaking-incubators-1.jpg","width":500,"height":500},{"@type":"BreadcrumbList","@id":"https:\/\/ulmeka.com\/en\/urun\/shaking-incubator\/#breadcrumb","itemListElement":[{"@type":"ListItem","position":1,"name":"Homepage","item":"https:\/\/ulmeka.com\/en\/"},{"@type":"ListItem","position":2,"name":"Shop","item":"https:\/\/ulmeka.com\/en\/?page_id=10392"},{"@type":"ListItem","position":3,"name":"SHAKING INCUBATOR"}]},{"@type":"WebSite","@id":"https:\/\/ulmeka.com\/en\/#website","url":"https:\/\/ulmeka.com\/en\/","name":"Ulmeka Mekatronik - Test Cihazlar\u0131","description":"Test Makinalar\u0131 - \u00d6zel Makina \u0130malat\u0131 - Otomasyon - Yaz\u0131l\u0131m - Makina Otomasyonu","publisher":{"@id":"https:\/\/ulmeka.com\/en\/#organization"},"potentialAction":[{"@type":"SearchAction","target":{"@type":"EntryPoint","urlTemplate":"https:\/\/ulmeka.com\/en\/?s={search_term_string}"},"query-input":{"@type":"PropertyValueSpecification","valueRequired":true,"valueName":"search_term_string"}}],"inLanguage":"en-US"},{"@type":"Organization","@id":"https:\/\/ulmeka.com\/en\/#organization","name":"Ulmeka Mechatronics - Test Equipment","url":"https:\/\/ulmeka.com\/en\/","logo":{"@type":"ImageObject","inLanguage":"en-US","@id":"https:\/\/ulmeka.com\/en\/#\/schema\/logo\/image\/","url":"https:\/\/ulmeka.com\/wp-content\/uploads\/2023\/09\/ulmeka-logo.webp","contentUrl":"https:\/\/ulmeka.com\/wp-content\/uploads\/2023\/09\/ulmeka-logo.webp","width":1427,"height":385,"caption":"Ulmeka Mechatronics - Test Equipment"},"image":{"@id":"https:\/\/ulmeka.com\/en\/#\/schema\/logo\/image\/"},"sameAs":["https:\/\/www.facebook.com\/ulmekamekatronik"]}]}},"jetpack_sharing_enabled":true,"_links":{"self":[{"href":"https:\/\/ulmeka.com\/en\/wp-json\/wp\/v2\/product\/11682","targetHints":{"allow":["GET"]}}],"collection":[{"href":"https:\/\/ulmeka.com\/en\/wp-json\/wp\/v2\/product"}],"about":[{"href":"https:\/\/ulmeka.com\/en\/wp-json\/wp\/v2\/types\/product"}],"version-history":[{"count":2,"href":"https:\/\/ulmeka.com\/en\/wp-json\/wp\/v2\/product\/11682\/revisions"}],"predecessor-version":[{"id":12130,"href":"https:\/\/ulmeka.com\/en\/wp-json\/wp\/v2\/product\/11682\/revisions\/12130"}],"wp:featuredmedia":[{"embeddable":true,"href":"https:\/\/ulmeka.com\/en\/wp-json\/wp\/v2\/media\/12128"}],"wp:attachment":[{"href":"https:\/\/ulmeka.com\/en\/wp-json\/wp\/v2\/media?parent=11682"}],"wp:term":[{"taxonomy":"product_brand","embeddable":true,"href":"https:\/\/ulmeka.com\/en\/wp-json\/wp\/v2\/product_brand?post=11682"},{"taxonomy":"product_cat","embeddable":true,"href":"https:\/\/ulmeka.com\/en\/wp-json\/wp\/v2\/product_cat?post=11682"},{"taxonomy":"product_tag","embeddable":true,"href":"https:\/\/ulmeka.com\/en\/wp-json\/wp\/v2\/product_tag?post=11682"}],"curies":[{"name":"wp","href":"https:\/\/api.w.org\/{rel}","templated":true}]}}