{"id":11678,"date":"2025-02-04T10:52:00","date_gmt":"2025-02-04T07:52:00","guid":{"rendered":"https:\/\/ulmeka.com\/?post_type=product&#038;p=11678"},"modified":"2025-02-10T15:55:42","modified_gmt":"2025-02-10T12:55:42","slug":"shaking-water-bath","status":"publish","type":"product","link":"https:\/\/ulmeka.com\/en\/urun\/shaking-water-bath\/","title":{"rendered":"SHAKING WATER BATH"},"content":{"rendered":"<p><strong>Shaking baths<\/strong> are designed for samples that require agitation during incubation. These water baths provide rapid and efficient heat transfer, ensuring uniform sample mixing under controlled temperature conditions, making them suitable for various experimental needs.<\/p>\n<p>With a 30-liter capacity, the shaking bath features precision digital PID control and an LCD screen that clearly displays the working status and settings, offering a user-friendly operation experience. It comes with a stainless steel wire rack, and the shaking speed is adjustable. A simple-to-use drain is also included for convenience.<\/p>\n<p>The main body is constructed from corrosion-protected mild steel with an epoxy powder-coated finish, while the inner tank is made from grade 304 stainless steel, ensuring exceptional corrosion resistance. The rounded inner tank corners allow for easy cleaning.<\/p>\n<p>Equipped with safety features such as over-temperature protection, the shaking water bath automatically shuts off the heating element if the temperature exceeds a set limit, ensuring the safety of both samples and the device.<\/p>\n<h3><strong>Technical Specifications<\/strong><\/h3>\n<table>\n<thead>\n<tr>\n<th>Feature<\/th>\n<th>Specification<\/th>\n<\/tr>\n<\/thead>\n<tbody>\n<tr>\n<td><strong>Temperature Range<\/strong><\/td>\n<td>Ambient Temp + 5\u00b0C to 99.9\u00b0C<\/td>\n<\/tr>\n<tr>\n<td><strong>Control System<\/strong><\/td>\n<td>PID Microprocessor Control<\/td>\n<\/tr>\n<tr>\n<td><strong>Temperature Display Accuracy<\/strong><\/td>\n<td>0.1\u00b0C<\/td>\n<\/tr>\n<tr>\n<td><strong>Temperature Sensor<\/strong><\/td>\n<td>PT 100<\/td>\n<\/tr>\n<tr>\n<td><strong>Time Setting<\/strong><\/td>\n<td>1 min \u2013 99.9 hours + Hold position<\/td>\n<\/tr>\n<tr>\n<td><strong>Delayed Start Timer<\/strong><\/td>\n<td>1 min \u2013 99.9 hours<\/td>\n<\/tr>\n<tr>\n<td><strong>Temperature Uniformity @37\u00b0C<\/strong><\/td>\n<td>\u00b10.5\u00b0C<\/td>\n<\/tr>\n<tr>\n<td><strong>Shaking Speed Range<\/strong><\/td>\n<td>50-250 rpm<\/td>\n<\/tr>\n<tr>\n<td><strong>Shaking Motion<\/strong><\/td>\n<td>Horizontal<\/td>\n<\/tr>\n<tr>\n<td><strong>Capacity<\/strong><\/td>\n<td>30 L<\/td>\n<\/tr>\n<tr>\n<td><strong>Power Consumption<\/strong><\/td>\n<td>1750 W<\/td>\n<\/tr>\n<tr>\n<td><strong>Power Supply<\/strong><\/td>\n<td>220 V 50 Hz<\/td>\n<\/tr>\n<tr>\n<td><strong>Internal Surface<\/strong><\/td>\n<td>Stainless Steel<\/td>\n<\/tr>\n<tr>\n<td><strong>External Surface Structure<\/strong><\/td>\n<td>Electrostatic Powder Painted Steel<\/td>\n<\/tr>\n<tr>\n<td><strong>Internal Dimensions (W x D x H)<\/strong><\/td>\n<td>30 \u00d7 50.5 \u00d7 19 cm<\/td>\n<\/tr>\n<tr>\n<td><strong>External Dimensions (W x D x H)<\/strong><\/td>\n<td>77 \u00d7 36 \u00d7 44 cm<\/td>\n<\/tr>\n<\/tbody>\n<\/table>\n<p>You can <a href=\"mailto: info@ulmeka.com\">contact us<\/a> to get more information about this test device and to place an order in custom dimensions.<\/p>\n","protected":false},"excerpt":{"rendered":"<p>You can <a href=\"mailto: info@ulmeka.com\">contact us<\/a> to get more information about this test device and to place an order in custom dimensions.<\/p>\n","protected":false},"featured_media":12131,"template":"","meta":[],"product_brand":[],"product_cat":[313],"product_tag":[],"class_list":{"0":"post-11678","1":"product","2":"type-product","3":"status-publish","4":"has-post-thumbnail","6":"product_cat-laboratory-devices-en","8":"first","9":"instock","10":"shipping-taxable","11":"product-type-simple"},"yoast_head":"<!-- This site is optimized with the Yoast SEO plugin v24.3 - https:\/\/yoast.com\/wordpress\/plugins\/seo\/ -->\n<title>SHAKING WATER BATH - Ulmeka Mechatronics<\/title>\n<meta name=\"robots\" content=\"index, follow, max-snippet:-1, max-image-preview:large, max-video-preview:-1\" \/>\n<link rel=\"canonical\" href=\"https:\/\/ulmeka.com\/en\/urun\/shaking-water-bath\/\" \/>\n<meta property=\"og:locale\" content=\"en_US\" \/>\n<meta property=\"og:type\" content=\"article\" \/>\n<meta property=\"og:title\" content=\"SHAKING WATER BATH - Ulmeka Mechatronics\" \/>\n<meta property=\"og:description\" content=\"You can contact us to get more information about this test device and to place an order in custom dimensions.\" \/>\n<meta property=\"og:url\" content=\"https:\/\/ulmeka.com\/en\/urun\/shaking-water-bath\/\" \/>\n<meta property=\"og:site_name\" content=\"Ulmeka Mechatronics\" \/>\n<meta property=\"article:publisher\" content=\"https:\/\/www.facebook.com\/ulmekamekatronik\" \/>\n<meta property=\"article:modified_time\" content=\"2025-02-10T12:55:42+00:00\" \/>\n<meta property=\"og:image\" content=\"https:\/\/ulmeka.com\/wp-content\/uploads\/2025\/02\/shaking-water-bath-1.jpg\" \/>\n\t<meta property=\"og:image:width\" content=\"500\" \/>\n\t<meta property=\"og:image:height\" content=\"500\" \/>\n\t<meta property=\"og:image:type\" content=\"image\/jpeg\" \/>\n<meta name=\"twitter:card\" content=\"summary_large_image\" \/>\n<meta name=\"twitter:label1\" content=\"Est. reading time\" \/>\n\t<meta name=\"twitter:data1\" content=\"2 minutes\" \/>\n<script type=\"application\/ld+json\" class=\"yoast-schema-graph\">{\"@context\":\"https:\/\/schema.org\",\"@graph\":[{\"@type\":\"WebPage\",\"@id\":\"https:\/\/ulmeka.com\/en\/urun\/shaking-water-bath\/\",\"url\":\"https:\/\/ulmeka.com\/en\/urun\/shaking-water-bath\/\",\"name\":\"SHAKING WATER BATH - Ulmeka Mechatronics\",\"isPartOf\":{\"@id\":\"https:\/\/ulmeka.com\/en\/#website\"},\"primaryImageOfPage\":{\"@id\":\"https:\/\/ulmeka.com\/en\/urun\/shaking-water-bath\/#primaryimage\"},\"image\":{\"@id\":\"https:\/\/ulmeka.com\/en\/urun\/shaking-water-bath\/#primaryimage\"},\"thumbnailUrl\":\"https:\/\/ulmeka.com\/wp-content\/uploads\/2025\/02\/shaking-water-bath-1.jpg\",\"datePublished\":\"2025-02-04T07:52:00+00:00\",\"dateModified\":\"2025-02-10T12:55:42+00:00\",\"breadcrumb\":{\"@id\":\"https:\/\/ulmeka.com\/en\/urun\/shaking-water-bath\/#breadcrumb\"},\"inLanguage\":\"en-US\",\"potentialAction\":[{\"@type\":\"ReadAction\",\"target\":[\"https:\/\/ulmeka.com\/en\/urun\/shaking-water-bath\/\"]}]},{\"@type\":\"ImageObject\",\"inLanguage\":\"en-US\",\"@id\":\"https:\/\/ulmeka.com\/en\/urun\/shaking-water-bath\/#primaryimage\",\"url\":\"https:\/\/ulmeka.com\/wp-content\/uploads\/2025\/02\/shaking-water-bath-1.jpg\",\"contentUrl\":\"https:\/\/ulmeka.com\/wp-content\/uploads\/2025\/02\/shaking-water-bath-1.jpg\",\"width\":500,\"height\":500},{\"@type\":\"BreadcrumbList\",\"@id\":\"https:\/\/ulmeka.com\/en\/urun\/shaking-water-bath\/#breadcrumb\",\"itemListElement\":[{\"@type\":\"ListItem\",\"position\":1,\"name\":\"Homepage\",\"item\":\"https:\/\/ulmeka.com\/en\/\"},{\"@type\":\"ListItem\",\"position\":2,\"name\":\"Shop\",\"item\":\"https:\/\/ulmeka.com\/en\/?page_id=10392\"},{\"@type\":\"ListItem\",\"position\":3,\"name\":\"SHAKING WATER BATH\"}]},{\"@type\":\"WebSite\",\"@id\":\"https:\/\/ulmeka.com\/en\/#website\",\"url\":\"https:\/\/ulmeka.com\/en\/\",\"name\":\"Ulmeka Mekatronik - Test Cihazlar\u0131\",\"description\":\"Test Makinalar\u0131 - \u00d6zel Makina \u0130malat\u0131 - Otomasyon - Yaz\u0131l\u0131m - Makina Otomasyonu\",\"publisher\":{\"@id\":\"https:\/\/ulmeka.com\/en\/#organization\"},\"potentialAction\":[{\"@type\":\"SearchAction\",\"target\":{\"@type\":\"EntryPoint\",\"urlTemplate\":\"https:\/\/ulmeka.com\/en\/?s={search_term_string}\"},\"query-input\":{\"@type\":\"PropertyValueSpecification\",\"valueRequired\":true,\"valueName\":\"search_term_string\"}}],\"inLanguage\":\"en-US\"},{\"@type\":\"Organization\",\"@id\":\"https:\/\/ulmeka.com\/en\/#organization\",\"name\":\"Ulmeka Mechatronics - Test Equipment\",\"url\":\"https:\/\/ulmeka.com\/en\/\",\"logo\":{\"@type\":\"ImageObject\",\"inLanguage\":\"en-US\",\"@id\":\"https:\/\/ulmeka.com\/en\/#\/schema\/logo\/image\/\",\"url\":\"https:\/\/ulmeka.com\/wp-content\/uploads\/2023\/09\/ulmeka-logo.webp\",\"contentUrl\":\"https:\/\/ulmeka.com\/wp-content\/uploads\/2023\/09\/ulmeka-logo.webp\",\"width\":1427,\"height\":385,\"caption\":\"Ulmeka Mechatronics - Test Equipment\"},\"image\":{\"@id\":\"https:\/\/ulmeka.com\/en\/#\/schema\/logo\/image\/\"},\"sameAs\":[\"https:\/\/www.facebook.com\/ulmekamekatronik\"]}]}<\/script>\n<!-- \/ Yoast SEO plugin. -->","yoast_head_json":{"title":"SHAKING WATER BATH - Ulmeka Mechatronics","robots":{"index":"index","follow":"follow","max-snippet":"max-snippet:-1","max-image-preview":"max-image-preview:large","max-video-preview":"max-video-preview:-1"},"canonical":"https:\/\/ulmeka.com\/en\/urun\/shaking-water-bath\/","og_locale":"en_US","og_type":"article","og_title":"SHAKING WATER BATH - Ulmeka Mechatronics","og_description":"You can contact us to get more information about this test device and to place an order in custom dimensions.","og_url":"https:\/\/ulmeka.com\/en\/urun\/shaking-water-bath\/","og_site_name":"Ulmeka Mechatronics","article_publisher":"https:\/\/www.facebook.com\/ulmekamekatronik","article_modified_time":"2025-02-10T12:55:42+00:00","og_image":[{"width":500,"height":500,"url":"https:\/\/ulmeka.com\/wp-content\/uploads\/2025\/02\/shaking-water-bath-1.jpg","type":"image\/jpeg"}],"twitter_card":"summary_large_image","twitter_misc":{"Est. reading time":"2 minutes"},"schema":{"@context":"https:\/\/schema.org","@graph":[{"@type":"WebPage","@id":"https:\/\/ulmeka.com\/en\/urun\/shaking-water-bath\/","url":"https:\/\/ulmeka.com\/en\/urun\/shaking-water-bath\/","name":"SHAKING WATER BATH - Ulmeka Mechatronics","isPartOf":{"@id":"https:\/\/ulmeka.com\/en\/#website"},"primaryImageOfPage":{"@id":"https:\/\/ulmeka.com\/en\/urun\/shaking-water-bath\/#primaryimage"},"image":{"@id":"https:\/\/ulmeka.com\/en\/urun\/shaking-water-bath\/#primaryimage"},"thumbnailUrl":"https:\/\/ulmeka.com\/wp-content\/uploads\/2025\/02\/shaking-water-bath-1.jpg","datePublished":"2025-02-04T07:52:00+00:00","dateModified":"2025-02-10T12:55:42+00:00","breadcrumb":{"@id":"https:\/\/ulmeka.com\/en\/urun\/shaking-water-bath\/#breadcrumb"},"inLanguage":"en-US","potentialAction":[{"@type":"ReadAction","target":["https:\/\/ulmeka.com\/en\/urun\/shaking-water-bath\/"]}]},{"@type":"ImageObject","inLanguage":"en-US","@id":"https:\/\/ulmeka.com\/en\/urun\/shaking-water-bath\/#primaryimage","url":"https:\/\/ulmeka.com\/wp-content\/uploads\/2025\/02\/shaking-water-bath-1.jpg","contentUrl":"https:\/\/ulmeka.com\/wp-content\/uploads\/2025\/02\/shaking-water-bath-1.jpg","width":500,"height":500},{"@type":"BreadcrumbList","@id":"https:\/\/ulmeka.com\/en\/urun\/shaking-water-bath\/#breadcrumb","itemListElement":[{"@type":"ListItem","position":1,"name":"Homepage","item":"https:\/\/ulmeka.com\/en\/"},{"@type":"ListItem","position":2,"name":"Shop","item":"https:\/\/ulmeka.com\/en\/?page_id=10392"},{"@type":"ListItem","position":3,"name":"SHAKING WATER BATH"}]},{"@type":"WebSite","@id":"https:\/\/ulmeka.com\/en\/#website","url":"https:\/\/ulmeka.com\/en\/","name":"Ulmeka Mekatronik - Test Cihazlar\u0131","description":"Test Makinalar\u0131 - \u00d6zel Makina \u0130malat\u0131 - Otomasyon - Yaz\u0131l\u0131m - Makina Otomasyonu","publisher":{"@id":"https:\/\/ulmeka.com\/en\/#organization"},"potentialAction":[{"@type":"SearchAction","target":{"@type":"EntryPoint","urlTemplate":"https:\/\/ulmeka.com\/en\/?s={search_term_string}"},"query-input":{"@type":"PropertyValueSpecification","valueRequired":true,"valueName":"search_term_string"}}],"inLanguage":"en-US"},{"@type":"Organization","@id":"https:\/\/ulmeka.com\/en\/#organization","name":"Ulmeka Mechatronics - Test Equipment","url":"https:\/\/ulmeka.com\/en\/","logo":{"@type":"ImageObject","inLanguage":"en-US","@id":"https:\/\/ulmeka.com\/en\/#\/schema\/logo\/image\/","url":"https:\/\/ulmeka.com\/wp-content\/uploads\/2023\/09\/ulmeka-logo.webp","contentUrl":"https:\/\/ulmeka.com\/wp-content\/uploads\/2023\/09\/ulmeka-logo.webp","width":1427,"height":385,"caption":"Ulmeka Mechatronics - Test Equipment"},"image":{"@id":"https:\/\/ulmeka.com\/en\/#\/schema\/logo\/image\/"},"sameAs":["https:\/\/www.facebook.com\/ulmekamekatronik"]}]}},"jetpack_sharing_enabled":true,"_links":{"self":[{"href":"https:\/\/ulmeka.com\/en\/wp-json\/wp\/v2\/product\/11678","targetHints":{"allow":["GET"]}}],"collection":[{"href":"https:\/\/ulmeka.com\/en\/wp-json\/wp\/v2\/product"}],"about":[{"href":"https:\/\/ulmeka.com\/en\/wp-json\/wp\/v2\/types\/product"}],"version-history":[{"count":2,"href":"https:\/\/ulmeka.com\/en\/wp-json\/wp\/v2\/product\/11678\/revisions"}],"predecessor-version":[{"id":12133,"href":"https:\/\/ulmeka.com\/en\/wp-json\/wp\/v2\/product\/11678\/revisions\/12133"}],"wp:featuredmedia":[{"embeddable":true,"href":"https:\/\/ulmeka.com\/en\/wp-json\/wp\/v2\/media\/12131"}],"wp:attachment":[{"href":"https:\/\/ulmeka.com\/en\/wp-json\/wp\/v2\/media?parent=11678"}],"wp:term":[{"taxonomy":"product_brand","embeddable":true,"href":"https:\/\/ulmeka.com\/en\/wp-json\/wp\/v2\/product_brand?post=11678"},{"taxonomy":"product_cat","embeddable":true,"href":"https:\/\/ulmeka.com\/en\/wp-json\/wp\/v2\/product_cat?post=11678"},{"taxonomy":"product_tag","embeddable":true,"href":"https:\/\/ulmeka.com\/en\/wp-json\/wp\/v2\/product_tag?post=11678"}],"curies":[{"name":"wp","href":"https:\/\/api.w.org\/{rel}","templated":true}]}}