{"id":11651,"date":"2025-02-04T09:36:54","date_gmt":"2025-02-04T06:36:54","guid":{"rendered":"https:\/\/ulmeka.com\/?post_type=product&#038;p=11651"},"modified":"2025-02-10T16:06:48","modified_gmt":"2025-02-10T13:06:48","slug":"water-distiller","status":"publish","type":"product","link":"https:\/\/ulmeka.com\/en\/urun\/water-distiller\/","title":{"rendered":"WATER DISTILLER"},"content":{"rendered":"<p>The <strong>water distiller<\/strong> is a device used to purify water through the distillation process. This involves boiling impure water and then collecting the condensed water in a separate container. The distilled water produced is commonly used in laboratories, organic chemistry labs, clinics, fermentation processes, and the medical industry.<br \/>\nULMEKA offers a wide range of water distillers, both with and without storage tanks, capable of generating high-grade distilled water.<\/p>\n<h3>Features:<\/h3>\n<ul>\n<li>Fully automatic operation with a microprocessor control system<\/li>\n<li>Automatic control system that stops the device when the distilled water tank is full and restarts when the tank is empty<\/li>\n<li>High purity distilled water \u2013 conductivity approx. 2.3 \u03bcS\/cm<\/li>\n<li>Suitable for bench and wall mounting<\/li>\n<li>All parts that come into contact with water or steam are made of high-quality stainless steel<\/li>\n<li>Easily accessible evaporator and storage tank for effortless cleaning and maintenance<\/li>\n<li>All parts and tools for installation included<\/li>\n<li>Optionally available with a Siliphos cartridge filter to reduce calcification on the heaters<\/li>\n<\/ul>\n<p>You can <a href=\"mailto: info@ulmeka.com\">contact us<\/a> to get more information about this test device and to place an order in custom dimensions.<\/p>\n","protected":false},"excerpt":{"rendered":"<p>You can <a href=\"mailto: info@ulmeka.com\">contact us<\/a> to get more information about this test device and to place an order in custom dimensions.<\/p>\n","protected":false},"featured_media":12149,"template":"","meta":[],"product_brand":[],"product_cat":[313],"product_tag":[],"class_list":{"0":"post-11651","1":"product","2":"type-product","3":"status-publish","4":"has-post-thumbnail","6":"product_cat-laboratory-devices-en","8":"first","9":"instock","10":"shipping-taxable","11":"product-type-simple"},"yoast_head":"<!-- This site is optimized with the Yoast SEO plugin v24.3 - https:\/\/yoast.com\/wordpress\/plugins\/seo\/ -->\n<title>WATER DISTILLER - Ulmeka Mechatronics<\/title>\n<meta name=\"robots\" content=\"index, follow, max-snippet:-1, max-image-preview:large, max-video-preview:-1\" \/>\n<link rel=\"canonical\" href=\"https:\/\/ulmeka.com\/en\/urun\/water-distiller\/\" \/>\n<meta property=\"og:locale\" content=\"en_US\" \/>\n<meta property=\"og:type\" content=\"article\" \/>\n<meta property=\"og:title\" content=\"WATER DISTILLER - Ulmeka Mechatronics\" \/>\n<meta property=\"og:description\" content=\"You can contact us to get more information about this test device and to place an order in custom dimensions.\" \/>\n<meta property=\"og:url\" content=\"https:\/\/ulmeka.com\/en\/urun\/water-distiller\/\" \/>\n<meta property=\"og:site_name\" content=\"Ulmeka Mechatronics\" \/>\n<meta property=\"article:publisher\" content=\"https:\/\/www.facebook.com\/ulmekamekatronik\" \/>\n<meta property=\"article:modified_time\" content=\"2025-02-10T13:06:48+00:00\" \/>\n<meta property=\"og:image\" content=\"https:\/\/ulmeka.com\/wp-content\/uploads\/2025\/02\/water-disteller-1.jpg\" \/>\n\t<meta property=\"og:image:width\" content=\"600\" \/>\n\t<meta property=\"og:image:height\" content=\"600\" \/>\n\t<meta property=\"og:image:type\" content=\"image\/jpeg\" \/>\n<meta name=\"twitter:card\" content=\"summary_large_image\" \/>\n<meta name=\"twitter:label1\" content=\"Est. reading time\" \/>\n\t<meta name=\"twitter:data1\" content=\"2 minutes\" \/>\n<script type=\"application\/ld+json\" class=\"yoast-schema-graph\">{\"@context\":\"https:\/\/schema.org\",\"@graph\":[{\"@type\":\"WebPage\",\"@id\":\"https:\/\/ulmeka.com\/en\/urun\/water-distiller\/\",\"url\":\"https:\/\/ulmeka.com\/en\/urun\/water-distiller\/\",\"name\":\"WATER DISTILLER - Ulmeka Mechatronics\",\"isPartOf\":{\"@id\":\"https:\/\/ulmeka.com\/en\/#website\"},\"primaryImageOfPage\":{\"@id\":\"https:\/\/ulmeka.com\/en\/urun\/water-distiller\/#primaryimage\"},\"image\":{\"@id\":\"https:\/\/ulmeka.com\/en\/urun\/water-distiller\/#primaryimage\"},\"thumbnailUrl\":\"https:\/\/ulmeka.com\/wp-content\/uploads\/2025\/02\/water-disteller-1.jpg\",\"datePublished\":\"2025-02-04T06:36:54+00:00\",\"dateModified\":\"2025-02-10T13:06:48+00:00\",\"breadcrumb\":{\"@id\":\"https:\/\/ulmeka.com\/en\/urun\/water-distiller\/#breadcrumb\"},\"inLanguage\":\"en-US\",\"potentialAction\":[{\"@type\":\"ReadAction\",\"target\":[\"https:\/\/ulmeka.com\/en\/urun\/water-distiller\/\"]}]},{\"@type\":\"ImageObject\",\"inLanguage\":\"en-US\",\"@id\":\"https:\/\/ulmeka.com\/en\/urun\/water-distiller\/#primaryimage\",\"url\":\"https:\/\/ulmeka.com\/wp-content\/uploads\/2025\/02\/water-disteller-1.jpg\",\"contentUrl\":\"https:\/\/ulmeka.com\/wp-content\/uploads\/2025\/02\/water-disteller-1.jpg\",\"width\":600,\"height\":600},{\"@type\":\"BreadcrumbList\",\"@id\":\"https:\/\/ulmeka.com\/en\/urun\/water-distiller\/#breadcrumb\",\"itemListElement\":[{\"@type\":\"ListItem\",\"position\":1,\"name\":\"Homepage\",\"item\":\"https:\/\/ulmeka.com\/en\/\"},{\"@type\":\"ListItem\",\"position\":2,\"name\":\"Shop\",\"item\":\"https:\/\/ulmeka.com\/en\/?page_id=10392\"},{\"@type\":\"ListItem\",\"position\":3,\"name\":\"WATER DISTILLER\"}]},{\"@type\":\"WebSite\",\"@id\":\"https:\/\/ulmeka.com\/en\/#website\",\"url\":\"https:\/\/ulmeka.com\/en\/\",\"name\":\"Ulmeka Mekatronik - Test Cihazlar\u0131\",\"description\":\"Test Makinalar\u0131 - \u00d6zel Makina \u0130malat\u0131 - Otomasyon - Yaz\u0131l\u0131m - Makina Otomasyonu\",\"publisher\":{\"@id\":\"https:\/\/ulmeka.com\/en\/#organization\"},\"potentialAction\":[{\"@type\":\"SearchAction\",\"target\":{\"@type\":\"EntryPoint\",\"urlTemplate\":\"https:\/\/ulmeka.com\/en\/?s={search_term_string}\"},\"query-input\":{\"@type\":\"PropertyValueSpecification\",\"valueRequired\":true,\"valueName\":\"search_term_string\"}}],\"inLanguage\":\"en-US\"},{\"@type\":\"Organization\",\"@id\":\"https:\/\/ulmeka.com\/en\/#organization\",\"name\":\"Ulmeka Mechatronics - Test Equipment\",\"url\":\"https:\/\/ulmeka.com\/en\/\",\"logo\":{\"@type\":\"ImageObject\",\"inLanguage\":\"en-US\",\"@id\":\"https:\/\/ulmeka.com\/en\/#\/schema\/logo\/image\/\",\"url\":\"https:\/\/ulmeka.com\/wp-content\/uploads\/2023\/09\/ulmeka-logo.webp\",\"contentUrl\":\"https:\/\/ulmeka.com\/wp-content\/uploads\/2023\/09\/ulmeka-logo.webp\",\"width\":1427,\"height\":385,\"caption\":\"Ulmeka Mechatronics - Test Equipment\"},\"image\":{\"@id\":\"https:\/\/ulmeka.com\/en\/#\/schema\/logo\/image\/\"},\"sameAs\":[\"https:\/\/www.facebook.com\/ulmekamekatronik\"]}]}<\/script>\n<!-- \/ Yoast SEO plugin. -->","yoast_head_json":{"title":"WATER DISTILLER - Ulmeka Mechatronics","robots":{"index":"index","follow":"follow","max-snippet":"max-snippet:-1","max-image-preview":"max-image-preview:large","max-video-preview":"max-video-preview:-1"},"canonical":"https:\/\/ulmeka.com\/en\/urun\/water-distiller\/","og_locale":"en_US","og_type":"article","og_title":"WATER DISTILLER - Ulmeka Mechatronics","og_description":"You can contact us to get more information about this test device and to place an order in custom dimensions.","og_url":"https:\/\/ulmeka.com\/en\/urun\/water-distiller\/","og_site_name":"Ulmeka Mechatronics","article_publisher":"https:\/\/www.facebook.com\/ulmekamekatronik","article_modified_time":"2025-02-10T13:06:48+00:00","og_image":[{"width":600,"height":600,"url":"https:\/\/ulmeka.com\/wp-content\/uploads\/2025\/02\/water-disteller-1.jpg","type":"image\/jpeg"}],"twitter_card":"summary_large_image","twitter_misc":{"Est. reading time":"2 minutes"},"schema":{"@context":"https:\/\/schema.org","@graph":[{"@type":"WebPage","@id":"https:\/\/ulmeka.com\/en\/urun\/water-distiller\/","url":"https:\/\/ulmeka.com\/en\/urun\/water-distiller\/","name":"WATER DISTILLER - Ulmeka Mechatronics","isPartOf":{"@id":"https:\/\/ulmeka.com\/en\/#website"},"primaryImageOfPage":{"@id":"https:\/\/ulmeka.com\/en\/urun\/water-distiller\/#primaryimage"},"image":{"@id":"https:\/\/ulmeka.com\/en\/urun\/water-distiller\/#primaryimage"},"thumbnailUrl":"https:\/\/ulmeka.com\/wp-content\/uploads\/2025\/02\/water-disteller-1.jpg","datePublished":"2025-02-04T06:36:54+00:00","dateModified":"2025-02-10T13:06:48+00:00","breadcrumb":{"@id":"https:\/\/ulmeka.com\/en\/urun\/water-distiller\/#breadcrumb"},"inLanguage":"en-US","potentialAction":[{"@type":"ReadAction","target":["https:\/\/ulmeka.com\/en\/urun\/water-distiller\/"]}]},{"@type":"ImageObject","inLanguage":"en-US","@id":"https:\/\/ulmeka.com\/en\/urun\/water-distiller\/#primaryimage","url":"https:\/\/ulmeka.com\/wp-content\/uploads\/2025\/02\/water-disteller-1.jpg","contentUrl":"https:\/\/ulmeka.com\/wp-content\/uploads\/2025\/02\/water-disteller-1.jpg","width":600,"height":600},{"@type":"BreadcrumbList","@id":"https:\/\/ulmeka.com\/en\/urun\/water-distiller\/#breadcrumb","itemListElement":[{"@type":"ListItem","position":1,"name":"Homepage","item":"https:\/\/ulmeka.com\/en\/"},{"@type":"ListItem","position":2,"name":"Shop","item":"https:\/\/ulmeka.com\/en\/?page_id=10392"},{"@type":"ListItem","position":3,"name":"WATER DISTILLER"}]},{"@type":"WebSite","@id":"https:\/\/ulmeka.com\/en\/#website","url":"https:\/\/ulmeka.com\/en\/","name":"Ulmeka Mekatronik - Test Cihazlar\u0131","description":"Test Makinalar\u0131 - \u00d6zel Makina \u0130malat\u0131 - Otomasyon - Yaz\u0131l\u0131m - Makina Otomasyonu","publisher":{"@id":"https:\/\/ulmeka.com\/en\/#organization"},"potentialAction":[{"@type":"SearchAction","target":{"@type":"EntryPoint","urlTemplate":"https:\/\/ulmeka.com\/en\/?s={search_term_string}"},"query-input":{"@type":"PropertyValueSpecification","valueRequired":true,"valueName":"search_term_string"}}],"inLanguage":"en-US"},{"@type":"Organization","@id":"https:\/\/ulmeka.com\/en\/#organization","name":"Ulmeka Mechatronics - Test Equipment","url":"https:\/\/ulmeka.com\/en\/","logo":{"@type":"ImageObject","inLanguage":"en-US","@id":"https:\/\/ulmeka.com\/en\/#\/schema\/logo\/image\/","url":"https:\/\/ulmeka.com\/wp-content\/uploads\/2023\/09\/ulmeka-logo.webp","contentUrl":"https:\/\/ulmeka.com\/wp-content\/uploads\/2023\/09\/ulmeka-logo.webp","width":1427,"height":385,"caption":"Ulmeka Mechatronics - Test Equipment"},"image":{"@id":"https:\/\/ulmeka.com\/en\/#\/schema\/logo\/image\/"},"sameAs":["https:\/\/www.facebook.com\/ulmekamekatronik"]}]}},"jetpack_sharing_enabled":true,"_links":{"self":[{"href":"https:\/\/ulmeka.com\/en\/wp-json\/wp\/v2\/product\/11651","targetHints":{"allow":["GET"]}}],"collection":[{"href":"https:\/\/ulmeka.com\/en\/wp-json\/wp\/v2\/product"}],"about":[{"href":"https:\/\/ulmeka.com\/en\/wp-json\/wp\/v2\/types\/product"}],"version-history":[{"count":4,"href":"https:\/\/ulmeka.com\/en\/wp-json\/wp\/v2\/product\/11651\/revisions"}],"predecessor-version":[{"id":12151,"href":"https:\/\/ulmeka.com\/en\/wp-json\/wp\/v2\/product\/11651\/revisions\/12151"}],"wp:featuredmedia":[{"embeddable":true,"href":"https:\/\/ulmeka.com\/en\/wp-json\/wp\/v2\/media\/12149"}],"wp:attachment":[{"href":"https:\/\/ulmeka.com\/en\/wp-json\/wp\/v2\/media?parent=11651"}],"wp:term":[{"taxonomy":"product_brand","embeddable":true,"href":"https:\/\/ulmeka.com\/en\/wp-json\/wp\/v2\/product_brand?post=11651"},{"taxonomy":"product_cat","embeddable":true,"href":"https:\/\/ulmeka.com\/en\/wp-json\/wp\/v2\/product_cat?post=11651"},{"taxonomy":"product_tag","embeddable":true,"href":"https:\/\/ulmeka.com\/en\/wp-json\/wp\/v2\/product_tag?post=11651"}],"curies":[{"name":"wp","href":"https:\/\/api.w.org\/{rel}","templated":true}]}}