{"id":11647,"date":"2025-02-03T12:22:09","date_gmt":"2025-02-03T09:22:09","guid":{"rendered":"https:\/\/ulmeka.com\/?post_type=product&#038;p=11647"},"modified":"2025-02-10T16:08:34","modified_gmt":"2025-02-10T13:08:34","slug":"saybolt-viscometer","status":"publish","type":"product","link":"https:\/\/ulmeka.com\/en\/urun\/saybolt-viscometer\/","title":{"rendered":"Saybolt Viscometer"},"content":{"rendered":"<p>The <strong>Saybolt Viscometer<\/strong> is used to determine the empirical measurement of Saybolt Viscosity of petroleum products at specified temperatures. The time it takes for a 60mL sample to flow through a tube with a specified diameter (furol or universal) is measured and reported in seconds.<br \/>\nThe viscometer can be used for temperatures between 21 to 99 \u00b0C (70 to 210 \u00b0F).<\/p>\n<p>The viscometer includes water-oil bath, stirrer, cooling coil, electric heater with digital thermo regulator, furol orifice, universal orifice, thermometer support, and 2 x 60 ml glass Saybolt viscosity flasks. The Viscosity Thermometer set consists of 6 thermometers with the temperature ranges: 19 to 27\u00b0C, 34 to 42\u00b0C, 49 to 57\u00b0C, 57 to 65\u00b0C, 79 to 87\u00b0C (250 mm length), and 95 to 103\u00b0C, with each thermometer having 0.1\u00b0C subdivisions. Filter funnel, withdrawal tube, and thermometer set should be ordered separately.<\/p>\n<p>You can <a href=\"mailto: info@ulmeka.com\">contact us<\/a> to get more information about this test device and to place an order in custom dimensions.<\/p>\n","protected":false},"excerpt":{"rendered":"<p>You can <a href=\"mailto: info@ulmeka.com\">contact us<\/a> to get more information about this test device and to place an order in custom dimensions.<\/p>\n","protected":false},"featured_media":12152,"template":"","meta":[],"product_brand":[],"product_cat":[313,315],"product_tag":[],"class_list":{"0":"post-11647","1":"product","2":"type-product","3":"status-publish","4":"has-post-thumbnail","6":"product_cat-laboratory-devices-en","7":"product_cat-microbiological-safety-cabinets","9":"first","10":"instock","11":"shipping-taxable","12":"product-type-simple"},"yoast_head":"<!-- This site is optimized with the Yoast SEO plugin v24.3 - https:\/\/yoast.com\/wordpress\/plugins\/seo\/ -->\n<title>Saybolt Viscometer - Ulmeka Mechatronics<\/title>\n<meta name=\"robots\" content=\"index, follow, max-snippet:-1, max-image-preview:large, max-video-preview:-1\" \/>\n<link rel=\"canonical\" href=\"https:\/\/ulmeka.com\/en\/urun\/saybolt-viscometer\/\" \/>\n<meta property=\"og:locale\" content=\"en_US\" \/>\n<meta property=\"og:type\" content=\"article\" \/>\n<meta property=\"og:title\" content=\"Saybolt Viscometer - Ulmeka Mechatronics\" \/>\n<meta property=\"og:description\" content=\"You can contact us to get more information about this test device and to place an order in custom dimensions.\" \/>\n<meta property=\"og:url\" content=\"https:\/\/ulmeka.com\/en\/urun\/saybolt-viscometer\/\" \/>\n<meta property=\"og:site_name\" content=\"Ulmeka Mechatronics\" \/>\n<meta property=\"article:publisher\" content=\"https:\/\/www.facebook.com\/ulmekamekatronik\" \/>\n<meta property=\"article:modified_time\" content=\"2025-02-10T13:08:34+00:00\" \/>\n<meta property=\"og:image\" content=\"https:\/\/ulmeka.com\/wp-content\/uploads\/2025\/02\/saybolt-viscometer-1.jpg\" \/>\n\t<meta property=\"og:image:width\" content=\"500\" \/>\n\t<meta property=\"og:image:height\" content=\"500\" \/>\n\t<meta property=\"og:image:type\" content=\"image\/jpeg\" \/>\n<meta name=\"twitter:card\" content=\"summary_large_image\" \/>\n<meta name=\"twitter:label1\" content=\"Est. reading time\" \/>\n\t<meta name=\"twitter:data1\" content=\"2 minutes\" \/>\n<script type=\"application\/ld+json\" class=\"yoast-schema-graph\">{\"@context\":\"https:\/\/schema.org\",\"@graph\":[{\"@type\":\"WebPage\",\"@id\":\"https:\/\/ulmeka.com\/en\/urun\/saybolt-viscometer\/\",\"url\":\"https:\/\/ulmeka.com\/en\/urun\/saybolt-viscometer\/\",\"name\":\"Saybolt Viscometer - Ulmeka Mechatronics\",\"isPartOf\":{\"@id\":\"https:\/\/ulmeka.com\/en\/#website\"},\"primaryImageOfPage\":{\"@id\":\"https:\/\/ulmeka.com\/en\/urun\/saybolt-viscometer\/#primaryimage\"},\"image\":{\"@id\":\"https:\/\/ulmeka.com\/en\/urun\/saybolt-viscometer\/#primaryimage\"},\"thumbnailUrl\":\"https:\/\/ulmeka.com\/wp-content\/uploads\/2025\/02\/saybolt-viscometer-1.jpg\",\"datePublished\":\"2025-02-03T09:22:09+00:00\",\"dateModified\":\"2025-02-10T13:08:34+00:00\",\"breadcrumb\":{\"@id\":\"https:\/\/ulmeka.com\/en\/urun\/saybolt-viscometer\/#breadcrumb\"},\"inLanguage\":\"en-US\",\"potentialAction\":[{\"@type\":\"ReadAction\",\"target\":[\"https:\/\/ulmeka.com\/en\/urun\/saybolt-viscometer\/\"]}]},{\"@type\":\"ImageObject\",\"inLanguage\":\"en-US\",\"@id\":\"https:\/\/ulmeka.com\/en\/urun\/saybolt-viscometer\/#primaryimage\",\"url\":\"https:\/\/ulmeka.com\/wp-content\/uploads\/2025\/02\/saybolt-viscometer-1.jpg\",\"contentUrl\":\"https:\/\/ulmeka.com\/wp-content\/uploads\/2025\/02\/saybolt-viscometer-1.jpg\",\"width\":500,\"height\":500},{\"@type\":\"BreadcrumbList\",\"@id\":\"https:\/\/ulmeka.com\/en\/urun\/saybolt-viscometer\/#breadcrumb\",\"itemListElement\":[{\"@type\":\"ListItem\",\"position\":1,\"name\":\"Homepage\",\"item\":\"https:\/\/ulmeka.com\/en\/\"},{\"@type\":\"ListItem\",\"position\":2,\"name\":\"Shop\",\"item\":\"https:\/\/ulmeka.com\/en\/?page_id=10392\"},{\"@type\":\"ListItem\",\"position\":3,\"name\":\"Saybolt Viscometer\"}]},{\"@type\":\"WebSite\",\"@id\":\"https:\/\/ulmeka.com\/en\/#website\",\"url\":\"https:\/\/ulmeka.com\/en\/\",\"name\":\"Ulmeka Mekatronik - Test Cihazlar\u0131\",\"description\":\"Test Makinalar\u0131 - \u00d6zel Makina \u0130malat\u0131 - Otomasyon - Yaz\u0131l\u0131m - Makina Otomasyonu\",\"publisher\":{\"@id\":\"https:\/\/ulmeka.com\/en\/#organization\"},\"potentialAction\":[{\"@type\":\"SearchAction\",\"target\":{\"@type\":\"EntryPoint\",\"urlTemplate\":\"https:\/\/ulmeka.com\/en\/?s={search_term_string}\"},\"query-input\":{\"@type\":\"PropertyValueSpecification\",\"valueRequired\":true,\"valueName\":\"search_term_string\"}}],\"inLanguage\":\"en-US\"},{\"@type\":\"Organization\",\"@id\":\"https:\/\/ulmeka.com\/en\/#organization\",\"name\":\"Ulmeka Mechatronics - Test Equipment\",\"url\":\"https:\/\/ulmeka.com\/en\/\",\"logo\":{\"@type\":\"ImageObject\",\"inLanguage\":\"en-US\",\"@id\":\"https:\/\/ulmeka.com\/en\/#\/schema\/logo\/image\/\",\"url\":\"https:\/\/ulmeka.com\/wp-content\/uploads\/2023\/09\/ulmeka-logo.webp\",\"contentUrl\":\"https:\/\/ulmeka.com\/wp-content\/uploads\/2023\/09\/ulmeka-logo.webp\",\"width\":1427,\"height\":385,\"caption\":\"Ulmeka Mechatronics - Test Equipment\"},\"image\":{\"@id\":\"https:\/\/ulmeka.com\/en\/#\/schema\/logo\/image\/\"},\"sameAs\":[\"https:\/\/www.facebook.com\/ulmekamekatronik\"]}]}<\/script>\n<!-- \/ Yoast SEO plugin. -->","yoast_head_json":{"title":"Saybolt Viscometer - Ulmeka Mechatronics","robots":{"index":"index","follow":"follow","max-snippet":"max-snippet:-1","max-image-preview":"max-image-preview:large","max-video-preview":"max-video-preview:-1"},"canonical":"https:\/\/ulmeka.com\/en\/urun\/saybolt-viscometer\/","og_locale":"en_US","og_type":"article","og_title":"Saybolt Viscometer - Ulmeka Mechatronics","og_description":"You can contact us to get more information about this test device and to place an order in custom dimensions.","og_url":"https:\/\/ulmeka.com\/en\/urun\/saybolt-viscometer\/","og_site_name":"Ulmeka Mechatronics","article_publisher":"https:\/\/www.facebook.com\/ulmekamekatronik","article_modified_time":"2025-02-10T13:08:34+00:00","og_image":[{"width":500,"height":500,"url":"https:\/\/ulmeka.com\/wp-content\/uploads\/2025\/02\/saybolt-viscometer-1.jpg","type":"image\/jpeg"}],"twitter_card":"summary_large_image","twitter_misc":{"Est. reading time":"2 minutes"},"schema":{"@context":"https:\/\/schema.org","@graph":[{"@type":"WebPage","@id":"https:\/\/ulmeka.com\/en\/urun\/saybolt-viscometer\/","url":"https:\/\/ulmeka.com\/en\/urun\/saybolt-viscometer\/","name":"Saybolt Viscometer - Ulmeka Mechatronics","isPartOf":{"@id":"https:\/\/ulmeka.com\/en\/#website"},"primaryImageOfPage":{"@id":"https:\/\/ulmeka.com\/en\/urun\/saybolt-viscometer\/#primaryimage"},"image":{"@id":"https:\/\/ulmeka.com\/en\/urun\/saybolt-viscometer\/#primaryimage"},"thumbnailUrl":"https:\/\/ulmeka.com\/wp-content\/uploads\/2025\/02\/saybolt-viscometer-1.jpg","datePublished":"2025-02-03T09:22:09+00:00","dateModified":"2025-02-10T13:08:34+00:00","breadcrumb":{"@id":"https:\/\/ulmeka.com\/en\/urun\/saybolt-viscometer\/#breadcrumb"},"inLanguage":"en-US","potentialAction":[{"@type":"ReadAction","target":["https:\/\/ulmeka.com\/en\/urun\/saybolt-viscometer\/"]}]},{"@type":"ImageObject","inLanguage":"en-US","@id":"https:\/\/ulmeka.com\/en\/urun\/saybolt-viscometer\/#primaryimage","url":"https:\/\/ulmeka.com\/wp-content\/uploads\/2025\/02\/saybolt-viscometer-1.jpg","contentUrl":"https:\/\/ulmeka.com\/wp-content\/uploads\/2025\/02\/saybolt-viscometer-1.jpg","width":500,"height":500},{"@type":"BreadcrumbList","@id":"https:\/\/ulmeka.com\/en\/urun\/saybolt-viscometer\/#breadcrumb","itemListElement":[{"@type":"ListItem","position":1,"name":"Homepage","item":"https:\/\/ulmeka.com\/en\/"},{"@type":"ListItem","position":2,"name":"Shop","item":"https:\/\/ulmeka.com\/en\/?page_id=10392"},{"@type":"ListItem","position":3,"name":"Saybolt Viscometer"}]},{"@type":"WebSite","@id":"https:\/\/ulmeka.com\/en\/#website","url":"https:\/\/ulmeka.com\/en\/","name":"Ulmeka Mekatronik - Test Cihazlar\u0131","description":"Test Makinalar\u0131 - \u00d6zel Makina \u0130malat\u0131 - Otomasyon - Yaz\u0131l\u0131m - Makina Otomasyonu","publisher":{"@id":"https:\/\/ulmeka.com\/en\/#organization"},"potentialAction":[{"@type":"SearchAction","target":{"@type":"EntryPoint","urlTemplate":"https:\/\/ulmeka.com\/en\/?s={search_term_string}"},"query-input":{"@type":"PropertyValueSpecification","valueRequired":true,"valueName":"search_term_string"}}],"inLanguage":"en-US"},{"@type":"Organization","@id":"https:\/\/ulmeka.com\/en\/#organization","name":"Ulmeka Mechatronics - Test Equipment","url":"https:\/\/ulmeka.com\/en\/","logo":{"@type":"ImageObject","inLanguage":"en-US","@id":"https:\/\/ulmeka.com\/en\/#\/schema\/logo\/image\/","url":"https:\/\/ulmeka.com\/wp-content\/uploads\/2023\/09\/ulmeka-logo.webp","contentUrl":"https:\/\/ulmeka.com\/wp-content\/uploads\/2023\/09\/ulmeka-logo.webp","width":1427,"height":385,"caption":"Ulmeka Mechatronics - Test Equipment"},"image":{"@id":"https:\/\/ulmeka.com\/en\/#\/schema\/logo\/image\/"},"sameAs":["https:\/\/www.facebook.com\/ulmekamekatronik"]}]}},"jetpack_sharing_enabled":true,"_links":{"self":[{"href":"https:\/\/ulmeka.com\/en\/wp-json\/wp\/v2\/product\/11647","targetHints":{"allow":["GET"]}}],"collection":[{"href":"https:\/\/ulmeka.com\/en\/wp-json\/wp\/v2\/product"}],"about":[{"href":"https:\/\/ulmeka.com\/en\/wp-json\/wp\/v2\/types\/product"}],"version-history":[{"count":2,"href":"https:\/\/ulmeka.com\/en\/wp-json\/wp\/v2\/product\/11647\/revisions"}],"predecessor-version":[{"id":12154,"href":"https:\/\/ulmeka.com\/en\/wp-json\/wp\/v2\/product\/11647\/revisions\/12154"}],"wp:featuredmedia":[{"embeddable":true,"href":"https:\/\/ulmeka.com\/en\/wp-json\/wp\/v2\/media\/12152"}],"wp:attachment":[{"href":"https:\/\/ulmeka.com\/en\/wp-json\/wp\/v2\/media?parent=11647"}],"wp:term":[{"taxonomy":"product_brand","embeddable":true,"href":"https:\/\/ulmeka.com\/en\/wp-json\/wp\/v2\/product_brand?post=11647"},{"taxonomy":"product_cat","embeddable":true,"href":"https:\/\/ulmeka.com\/en\/wp-json\/wp\/v2\/product_cat?post=11647"},{"taxonomy":"product_tag","embeddable":true,"href":"https:\/\/ulmeka.com\/en\/wp-json\/wp\/v2\/product_tag?post=11647"}],"curies":[{"name":"wp","href":"https:\/\/api.w.org\/{rel}","templated":true}]}}