{"id":11631,"date":"2025-02-03T11:49:16","date_gmt":"2025-02-03T08:49:16","guid":{"rendered":"https:\/\/ulmeka.com\/?post_type=product&#038;p=11631"},"modified":"2025-02-10T16:15:39","modified_gmt":"2025-02-10T13:15:39","slug":"orbital-shaker","status":"publish","type":"product","link":"https:\/\/ulmeka.com\/en\/urun\/orbital-shaker\/","title":{"rendered":"ORBITAL SHAKER"},"content":{"rendered":"<p>The <strong>orbital shaker<\/strong> is a laboratory device used to shake liquids in closed vessels such as flasks, test tubes, bottles, culture plates, and more. This shaker is widely used in chemistry, biochemistry, molecular biology, microbiology, and other scientific research laboratories.<\/p>\n<p>The MOC model is a compact benchtop unit. This shaker operates with a 10-mm diameter orbital action, with a shaking speed range from 25 rpm to 250 rpm. The brushless DC motor ensures maintenance-free, reliable, and quiet operation. The shakers are equipped with touchpad controls and an easy-to-read, independent LCD screen for speed and time, allowing the operator to view both settings simultaneously.<\/p>\n<p>The cradle platform has rubber-cushioned horizontal securing bars with quick-release handles. These can be easily adjusted both vertically and horizontally to hold most sizes and types of vessels, including flasks, bottles, and beakers. The primary advantage of this cradle system is that it can accommodate different sizes of vessels, a common requirement when shakers are used by different people in the laboratory simultaneously.<\/p>\n<p>You can <a href=\"mailto: info@ulmeka.com\">contact us<\/a> to get more information about this test device and to place an order in custom dimensions.<\/p>\n","protected":false},"excerpt":{"rendered":"<p>You can <a href=\"mailto: info@ulmeka.com\">contact us<\/a> to get more information about this test device and to place an order in custom dimensions.<\/p>\n","protected":false},"featured_media":12163,"template":"","meta":[],"product_brand":[],"product_cat":[313],"product_tag":[],"class_list":{"0":"post-11631","1":"product","2":"type-product","3":"status-publish","4":"has-post-thumbnail","6":"product_cat-laboratory-devices-en","8":"first","9":"instock","10":"shipping-taxable","11":"product-type-simple"},"yoast_head":"<!-- This site is optimized with the Yoast SEO plugin v24.3 - https:\/\/yoast.com\/wordpress\/plugins\/seo\/ -->\n<title>ORBITAL SHAKER - Ulmeka Mechatronics<\/title>\n<meta name=\"robots\" content=\"index, follow, max-snippet:-1, max-image-preview:large, max-video-preview:-1\" \/>\n<link rel=\"canonical\" href=\"https:\/\/ulmeka.com\/en\/urun\/orbital-shaker\/\" \/>\n<meta property=\"og:locale\" content=\"en_US\" \/>\n<meta property=\"og:type\" content=\"article\" \/>\n<meta property=\"og:title\" content=\"ORBITAL SHAKER - Ulmeka Mechatronics\" \/>\n<meta property=\"og:description\" content=\"You can contact us to get more information about this test device and to place an order in custom dimensions.\" \/>\n<meta property=\"og:url\" content=\"https:\/\/ulmeka.com\/en\/urun\/orbital-shaker\/\" \/>\n<meta property=\"og:site_name\" content=\"Ulmeka Mechatronics\" \/>\n<meta property=\"article:publisher\" content=\"https:\/\/www.facebook.com\/ulmekamekatronik\" \/>\n<meta property=\"article:modified_time\" content=\"2025-02-10T13:15:39+00:00\" \/>\n<meta property=\"og:image\" content=\"https:\/\/ulmeka.com\/wp-content\/uploads\/2025\/02\/orbital-shaker-1.jpg\" \/>\n\t<meta property=\"og:image:width\" content=\"500\" \/>\n\t<meta property=\"og:image:height\" content=\"500\" \/>\n\t<meta property=\"og:image:type\" content=\"image\/jpeg\" \/>\n<meta name=\"twitter:card\" content=\"summary_large_image\" \/>\n<meta name=\"twitter:label1\" content=\"Est. reading time\" \/>\n\t<meta name=\"twitter:data1\" content=\"2 minutes\" \/>\n<script type=\"application\/ld+json\" class=\"yoast-schema-graph\">{\"@context\":\"https:\/\/schema.org\",\"@graph\":[{\"@type\":\"WebPage\",\"@id\":\"https:\/\/ulmeka.com\/en\/urun\/orbital-shaker\/\",\"url\":\"https:\/\/ulmeka.com\/en\/urun\/orbital-shaker\/\",\"name\":\"ORBITAL SHAKER - Ulmeka Mechatronics\",\"isPartOf\":{\"@id\":\"https:\/\/ulmeka.com\/en\/#website\"},\"primaryImageOfPage\":{\"@id\":\"https:\/\/ulmeka.com\/en\/urun\/orbital-shaker\/#primaryimage\"},\"image\":{\"@id\":\"https:\/\/ulmeka.com\/en\/urun\/orbital-shaker\/#primaryimage\"},\"thumbnailUrl\":\"https:\/\/ulmeka.com\/wp-content\/uploads\/2025\/02\/orbital-shaker-1.jpg\",\"datePublished\":\"2025-02-03T08:49:16+00:00\",\"dateModified\":\"2025-02-10T13:15:39+00:00\",\"breadcrumb\":{\"@id\":\"https:\/\/ulmeka.com\/en\/urun\/orbital-shaker\/#breadcrumb\"},\"inLanguage\":\"en-US\",\"potentialAction\":[{\"@type\":\"ReadAction\",\"target\":[\"https:\/\/ulmeka.com\/en\/urun\/orbital-shaker\/\"]}]},{\"@type\":\"ImageObject\",\"inLanguage\":\"en-US\",\"@id\":\"https:\/\/ulmeka.com\/en\/urun\/orbital-shaker\/#primaryimage\",\"url\":\"https:\/\/ulmeka.com\/wp-content\/uploads\/2025\/02\/orbital-shaker-1.jpg\",\"contentUrl\":\"https:\/\/ulmeka.com\/wp-content\/uploads\/2025\/02\/orbital-shaker-1.jpg\",\"width\":500,\"height\":500},{\"@type\":\"BreadcrumbList\",\"@id\":\"https:\/\/ulmeka.com\/en\/urun\/orbital-shaker\/#breadcrumb\",\"itemListElement\":[{\"@type\":\"ListItem\",\"position\":1,\"name\":\"Homepage\",\"item\":\"https:\/\/ulmeka.com\/en\/\"},{\"@type\":\"ListItem\",\"position\":2,\"name\":\"Shop\",\"item\":\"https:\/\/ulmeka.com\/en\/?page_id=10392\"},{\"@type\":\"ListItem\",\"position\":3,\"name\":\"ORBITAL SHAKER\"}]},{\"@type\":\"WebSite\",\"@id\":\"https:\/\/ulmeka.com\/en\/#website\",\"url\":\"https:\/\/ulmeka.com\/en\/\",\"name\":\"Ulmeka Mekatronik - Test Cihazlar\u0131\",\"description\":\"Test Makinalar\u0131 - \u00d6zel Makina \u0130malat\u0131 - Otomasyon - Yaz\u0131l\u0131m - Makina Otomasyonu\",\"publisher\":{\"@id\":\"https:\/\/ulmeka.com\/en\/#organization\"},\"potentialAction\":[{\"@type\":\"SearchAction\",\"target\":{\"@type\":\"EntryPoint\",\"urlTemplate\":\"https:\/\/ulmeka.com\/en\/?s={search_term_string}\"},\"query-input\":{\"@type\":\"PropertyValueSpecification\",\"valueRequired\":true,\"valueName\":\"search_term_string\"}}],\"inLanguage\":\"en-US\"},{\"@type\":\"Organization\",\"@id\":\"https:\/\/ulmeka.com\/en\/#organization\",\"name\":\"Ulmeka Mechatronics - Test Equipment\",\"url\":\"https:\/\/ulmeka.com\/en\/\",\"logo\":{\"@type\":\"ImageObject\",\"inLanguage\":\"en-US\",\"@id\":\"https:\/\/ulmeka.com\/en\/#\/schema\/logo\/image\/\",\"url\":\"https:\/\/ulmeka.com\/wp-content\/uploads\/2023\/09\/ulmeka-logo.webp\",\"contentUrl\":\"https:\/\/ulmeka.com\/wp-content\/uploads\/2023\/09\/ulmeka-logo.webp\",\"width\":1427,\"height\":385,\"caption\":\"Ulmeka Mechatronics - Test Equipment\"},\"image\":{\"@id\":\"https:\/\/ulmeka.com\/en\/#\/schema\/logo\/image\/\"},\"sameAs\":[\"https:\/\/www.facebook.com\/ulmekamekatronik\"]}]}<\/script>\n<!-- \/ Yoast SEO plugin. -->","yoast_head_json":{"title":"ORBITAL SHAKER - Ulmeka Mechatronics","robots":{"index":"index","follow":"follow","max-snippet":"max-snippet:-1","max-image-preview":"max-image-preview:large","max-video-preview":"max-video-preview:-1"},"canonical":"https:\/\/ulmeka.com\/en\/urun\/orbital-shaker\/","og_locale":"en_US","og_type":"article","og_title":"ORBITAL SHAKER - Ulmeka Mechatronics","og_description":"You can contact us to get more information about this test device and to place an order in custom dimensions.","og_url":"https:\/\/ulmeka.com\/en\/urun\/orbital-shaker\/","og_site_name":"Ulmeka Mechatronics","article_publisher":"https:\/\/www.facebook.com\/ulmekamekatronik","article_modified_time":"2025-02-10T13:15:39+00:00","og_image":[{"width":500,"height":500,"url":"https:\/\/ulmeka.com\/wp-content\/uploads\/2025\/02\/orbital-shaker-1.jpg","type":"image\/jpeg"}],"twitter_card":"summary_large_image","twitter_misc":{"Est. reading time":"2 minutes"},"schema":{"@context":"https:\/\/schema.org","@graph":[{"@type":"WebPage","@id":"https:\/\/ulmeka.com\/en\/urun\/orbital-shaker\/","url":"https:\/\/ulmeka.com\/en\/urun\/orbital-shaker\/","name":"ORBITAL SHAKER - Ulmeka Mechatronics","isPartOf":{"@id":"https:\/\/ulmeka.com\/en\/#website"},"primaryImageOfPage":{"@id":"https:\/\/ulmeka.com\/en\/urun\/orbital-shaker\/#primaryimage"},"image":{"@id":"https:\/\/ulmeka.com\/en\/urun\/orbital-shaker\/#primaryimage"},"thumbnailUrl":"https:\/\/ulmeka.com\/wp-content\/uploads\/2025\/02\/orbital-shaker-1.jpg","datePublished":"2025-02-03T08:49:16+00:00","dateModified":"2025-02-10T13:15:39+00:00","breadcrumb":{"@id":"https:\/\/ulmeka.com\/en\/urun\/orbital-shaker\/#breadcrumb"},"inLanguage":"en-US","potentialAction":[{"@type":"ReadAction","target":["https:\/\/ulmeka.com\/en\/urun\/orbital-shaker\/"]}]},{"@type":"ImageObject","inLanguage":"en-US","@id":"https:\/\/ulmeka.com\/en\/urun\/orbital-shaker\/#primaryimage","url":"https:\/\/ulmeka.com\/wp-content\/uploads\/2025\/02\/orbital-shaker-1.jpg","contentUrl":"https:\/\/ulmeka.com\/wp-content\/uploads\/2025\/02\/orbital-shaker-1.jpg","width":500,"height":500},{"@type":"BreadcrumbList","@id":"https:\/\/ulmeka.com\/en\/urun\/orbital-shaker\/#breadcrumb","itemListElement":[{"@type":"ListItem","position":1,"name":"Homepage","item":"https:\/\/ulmeka.com\/en\/"},{"@type":"ListItem","position":2,"name":"Shop","item":"https:\/\/ulmeka.com\/en\/?page_id=10392"},{"@type":"ListItem","position":3,"name":"ORBITAL SHAKER"}]},{"@type":"WebSite","@id":"https:\/\/ulmeka.com\/en\/#website","url":"https:\/\/ulmeka.com\/en\/","name":"Ulmeka Mekatronik - Test Cihazlar\u0131","description":"Test Makinalar\u0131 - \u00d6zel Makina \u0130malat\u0131 - Otomasyon - Yaz\u0131l\u0131m - Makina Otomasyonu","publisher":{"@id":"https:\/\/ulmeka.com\/en\/#organization"},"potentialAction":[{"@type":"SearchAction","target":{"@type":"EntryPoint","urlTemplate":"https:\/\/ulmeka.com\/en\/?s={search_term_string}"},"query-input":{"@type":"PropertyValueSpecification","valueRequired":true,"valueName":"search_term_string"}}],"inLanguage":"en-US"},{"@type":"Organization","@id":"https:\/\/ulmeka.com\/en\/#organization","name":"Ulmeka Mechatronics - Test Equipment","url":"https:\/\/ulmeka.com\/en\/","logo":{"@type":"ImageObject","inLanguage":"en-US","@id":"https:\/\/ulmeka.com\/en\/#\/schema\/logo\/image\/","url":"https:\/\/ulmeka.com\/wp-content\/uploads\/2023\/09\/ulmeka-logo.webp","contentUrl":"https:\/\/ulmeka.com\/wp-content\/uploads\/2023\/09\/ulmeka-logo.webp","width":1427,"height":385,"caption":"Ulmeka Mechatronics - Test Equipment"},"image":{"@id":"https:\/\/ulmeka.com\/en\/#\/schema\/logo\/image\/"},"sameAs":["https:\/\/www.facebook.com\/ulmekamekatronik"]}]}},"jetpack_sharing_enabled":true,"_links":{"self":[{"href":"https:\/\/ulmeka.com\/en\/wp-json\/wp\/v2\/product\/11631","targetHints":{"allow":["GET"]}}],"collection":[{"href":"https:\/\/ulmeka.com\/en\/wp-json\/wp\/v2\/product"}],"about":[{"href":"https:\/\/ulmeka.com\/en\/wp-json\/wp\/v2\/types\/product"}],"version-history":[{"count":2,"href":"https:\/\/ulmeka.com\/en\/wp-json\/wp\/v2\/product\/11631\/revisions"}],"predecessor-version":[{"id":12165,"href":"https:\/\/ulmeka.com\/en\/wp-json\/wp\/v2\/product\/11631\/revisions\/12165"}],"wp:featuredmedia":[{"embeddable":true,"href":"https:\/\/ulmeka.com\/en\/wp-json\/wp\/v2\/media\/12163"}],"wp:attachment":[{"href":"https:\/\/ulmeka.com\/en\/wp-json\/wp\/v2\/media?parent=11631"}],"wp:term":[{"taxonomy":"product_brand","embeddable":true,"href":"https:\/\/ulmeka.com\/en\/wp-json\/wp\/v2\/product_brand?post=11631"},{"taxonomy":"product_cat","embeddable":true,"href":"https:\/\/ulmeka.com\/en\/wp-json\/wp\/v2\/product_cat?post=11631"},{"taxonomy":"product_tag","embeddable":true,"href":"https:\/\/ulmeka.com\/en\/wp-json\/wp\/v2\/product_tag?post=11631"}],"curies":[{"name":"wp","href":"https:\/\/api.w.org\/{rel}","templated":true}]}}