{"id":11623,"date":"2025-02-03T11:42:52","date_gmt":"2025-02-03T08:42:52","guid":{"rendered":"https:\/\/ulmeka.com\/?post_type=product&#038;p=11623"},"modified":"2025-02-10T16:20:25","modified_gmt":"2025-02-10T13:20:25","slug":"laminar-flow-cabinet","status":"publish","type":"product","link":"https:\/\/ulmeka.com\/en\/urun\/laminar-flow-cabinet\/","title":{"rendered":"LAMINAR FLOW CABINET"},"content":{"rendered":"<p>The <strong>Class II (laminar flow) cabinet<\/strong> is designed to minimize the hazards associated with working with agents classified under biosafety levels 1, 2, 3, or 4.<\/p>\n<p>The laminar flow cabinet meets the essential requirements of the EN 12469 and NSF\/ANSI 49 standards for design, construction, and performance, ensuring protection for personnel, products, and the environment.<\/p>\n<p>A laminar flow cabinet is an enclosed workstation that creates a contamination-free work environment by using filters to capture all particles entering the cabinet.<\/p>\n<p>The cabinet is designed to protect the work from the environment. Air moves in two directions within the cabinet: one part is exhausted to the room at the front, preventing room air from entering the working zone. The remaining internal air is recirculated through the back holes of the cabinet, which helps extend the life of the HEPA filter.<\/p>\n<table>\n<thead>\n<tr>\n<th><strong>Specification<\/strong><\/th>\n<th><strong>Value<\/strong><\/th>\n<\/tr>\n<\/thead>\n<tbody>\n<tr>\n<td><strong>Average Inflow Velocity<\/strong><\/td>\n<td>\u2265 0.51 m\/s<\/td>\n<\/tr>\n<tr>\n<td><strong>Average Downflow Velocity<\/strong><\/td>\n<td>0.25 &#8211; 0.40 m\/s<\/td>\n<\/tr>\n<tr>\n<td><strong>Downflow Air Filter\/Main Filter<\/strong><\/td>\n<td>H14 HEPA, 0.3 \u03bcm particulate 99.995% (EN 1822)<\/td>\n<\/tr>\n<tr>\n<td><strong>Exhaust Filter<\/strong><\/td>\n<td>Not used in Laminar Flow Cabinet<\/td>\n<\/tr>\n<tr>\n<td><strong>Front Filter<\/strong><\/td>\n<td>G4<\/td>\n<\/tr>\n<tr>\n<td><strong>Air Cleanliness Class<\/strong><\/td>\n<td>ISO Class 5 (ISO 14644-1) &#8211; Class 100 (FED 209 E)<\/td>\n<\/tr>\n<tr>\n<td><strong>Bench\/Working Table (Standard)<\/strong><\/td>\n<td>316 Stainless Steel<\/td>\n<\/tr>\n<tr>\n<td><strong>Front Sash\/Window Standard Opening<\/strong><\/td>\n<td>200mm \u00b1 10 mm<\/td>\n<\/tr>\n<tr>\n<td><strong>Front Sash\/Window Maximum Opening<\/strong><\/td>\n<td>530mm \u00b1 10 mm<\/td>\n<\/tr>\n<tr>\n<td><strong>Noise Level (Normal Mode)<\/strong><\/td>\n<td>&lt; 60 dB(A)<\/td>\n<\/tr>\n<tr>\n<td><strong>Noise Level (Economy Mode)<\/strong><\/td>\n<td>&lt; 55 dB(A)<\/td>\n<\/tr>\n<tr>\n<td><strong>Illumination<\/strong><\/td>\n<td>850 \u2013 1150 Lux<\/td>\n<\/tr>\n<tr>\n<td><strong>Supply Voltage \/ Frequency<\/strong><\/td>\n<td>230 V \/ 50 Hz<\/td>\n<\/tr>\n<tr>\n<td><strong>Power Consumption \/ Current<\/strong><\/td>\n<td>1000 W \/ 16A<\/td>\n<\/tr>\n<tr>\n<td><strong>Fan<\/strong><\/td>\n<td>ebmpapst-Greentech EC<\/td>\n<\/tr>\n<\/tbody>\n<\/table>\n<p>You can <a href=\"mailto: info@ulmeka.com\">contact us<\/a> to get more information about this test device and to place an order in custom dimensions.<\/p>\n","protected":false},"excerpt":{"rendered":"<p>You can <a href=\"mailto: info@ulmeka.com\">contact us<\/a> to get more information about this test device and to place an order in custom dimensions.<\/p>\n","protected":false},"featured_media":12172,"template":"","meta":[],"product_brand":[],"product_cat":[313],"product_tag":[],"class_list":{"0":"post-11623","1":"product","2":"type-product","3":"status-publish","4":"has-post-thumbnail","6":"product_cat-laboratory-devices-en","8":"first","9":"instock","10":"shipping-taxable","11":"product-type-simple"},"yoast_head":"<!-- This site is optimized with the Yoast SEO plugin v24.3 - https:\/\/yoast.com\/wordpress\/plugins\/seo\/ -->\n<title>LAMINAR FLOW CABINET - Ulmeka Mechatronics<\/title>\n<meta name=\"robots\" content=\"index, follow, max-snippet:-1, max-image-preview:large, max-video-preview:-1\" \/>\n<link rel=\"canonical\" href=\"https:\/\/ulmeka.com\/en\/urun\/laminar-flow-cabinet\/\" \/>\n<meta property=\"og:locale\" content=\"en_US\" \/>\n<meta property=\"og:type\" content=\"article\" \/>\n<meta property=\"og:title\" content=\"LAMINAR FLOW CABINET - Ulmeka Mechatronics\" \/>\n<meta property=\"og:description\" content=\"You can contact us to get more information about this test device and to place an order in custom dimensions.\" \/>\n<meta property=\"og:url\" content=\"https:\/\/ulmeka.com\/en\/urun\/laminar-flow-cabinet\/\" \/>\n<meta property=\"og:site_name\" content=\"Ulmeka Mechatronics\" \/>\n<meta property=\"article:publisher\" content=\"https:\/\/www.facebook.com\/ulmekamekatronik\" \/>\n<meta property=\"article:modified_time\" content=\"2025-02-10T13:20:25+00:00\" \/>\n<meta property=\"og:image\" content=\"https:\/\/ulmeka.com\/wp-content\/uploads\/2025\/02\/laminar-flow-cabinet-2.jpg\" \/>\n\t<meta property=\"og:image:width\" content=\"500\" \/>\n\t<meta property=\"og:image:height\" content=\"500\" \/>\n\t<meta property=\"og:image:type\" content=\"image\/jpeg\" \/>\n<meta name=\"twitter:card\" content=\"summary_large_image\" \/>\n<meta name=\"twitter:label1\" content=\"Est. reading time\" \/>\n\t<meta name=\"twitter:data1\" content=\"2 minutes\" \/>\n<script type=\"application\/ld+json\" class=\"yoast-schema-graph\">{\"@context\":\"https:\/\/schema.org\",\"@graph\":[{\"@type\":\"WebPage\",\"@id\":\"https:\/\/ulmeka.com\/en\/urun\/laminar-flow-cabinet\/\",\"url\":\"https:\/\/ulmeka.com\/en\/urun\/laminar-flow-cabinet\/\",\"name\":\"LAMINAR FLOW CABINET - Ulmeka Mechatronics\",\"isPartOf\":{\"@id\":\"https:\/\/ulmeka.com\/en\/#website\"},\"primaryImageOfPage\":{\"@id\":\"https:\/\/ulmeka.com\/en\/urun\/laminar-flow-cabinet\/#primaryimage\"},\"image\":{\"@id\":\"https:\/\/ulmeka.com\/en\/urun\/laminar-flow-cabinet\/#primaryimage\"},\"thumbnailUrl\":\"https:\/\/ulmeka.com\/wp-content\/uploads\/2025\/02\/laminar-flow-cabinet-2.jpg\",\"datePublished\":\"2025-02-03T08:42:52+00:00\",\"dateModified\":\"2025-02-10T13:20:25+00:00\",\"breadcrumb\":{\"@id\":\"https:\/\/ulmeka.com\/en\/urun\/laminar-flow-cabinet\/#breadcrumb\"},\"inLanguage\":\"en-US\",\"potentialAction\":[{\"@type\":\"ReadAction\",\"target\":[\"https:\/\/ulmeka.com\/en\/urun\/laminar-flow-cabinet\/\"]}]},{\"@type\":\"ImageObject\",\"inLanguage\":\"en-US\",\"@id\":\"https:\/\/ulmeka.com\/en\/urun\/laminar-flow-cabinet\/#primaryimage\",\"url\":\"https:\/\/ulmeka.com\/wp-content\/uploads\/2025\/02\/laminar-flow-cabinet-2.jpg\",\"contentUrl\":\"https:\/\/ulmeka.com\/wp-content\/uploads\/2025\/02\/laminar-flow-cabinet-2.jpg\",\"width\":500,\"height\":500},{\"@type\":\"BreadcrumbList\",\"@id\":\"https:\/\/ulmeka.com\/en\/urun\/laminar-flow-cabinet\/#breadcrumb\",\"itemListElement\":[{\"@type\":\"ListItem\",\"position\":1,\"name\":\"Homepage\",\"item\":\"https:\/\/ulmeka.com\/en\/\"},{\"@type\":\"ListItem\",\"position\":2,\"name\":\"Shop\",\"item\":\"https:\/\/ulmeka.com\/en\/?page_id=10392\"},{\"@type\":\"ListItem\",\"position\":3,\"name\":\"LAMINAR FLOW CABINET\"}]},{\"@type\":\"WebSite\",\"@id\":\"https:\/\/ulmeka.com\/en\/#website\",\"url\":\"https:\/\/ulmeka.com\/en\/\",\"name\":\"Ulmeka Mekatronik - Test Cihazlar\u0131\",\"description\":\"Test Makinalar\u0131 - \u00d6zel Makina \u0130malat\u0131 - Otomasyon - Yaz\u0131l\u0131m - Makina Otomasyonu\",\"publisher\":{\"@id\":\"https:\/\/ulmeka.com\/en\/#organization\"},\"potentialAction\":[{\"@type\":\"SearchAction\",\"target\":{\"@type\":\"EntryPoint\",\"urlTemplate\":\"https:\/\/ulmeka.com\/en\/?s={search_term_string}\"},\"query-input\":{\"@type\":\"PropertyValueSpecification\",\"valueRequired\":true,\"valueName\":\"search_term_string\"}}],\"inLanguage\":\"en-US\"},{\"@type\":\"Organization\",\"@id\":\"https:\/\/ulmeka.com\/en\/#organization\",\"name\":\"Ulmeka Mechatronics - Test Equipment\",\"url\":\"https:\/\/ulmeka.com\/en\/\",\"logo\":{\"@type\":\"ImageObject\",\"inLanguage\":\"en-US\",\"@id\":\"https:\/\/ulmeka.com\/en\/#\/schema\/logo\/image\/\",\"url\":\"https:\/\/ulmeka.com\/wp-content\/uploads\/2023\/09\/ulmeka-logo.webp\",\"contentUrl\":\"https:\/\/ulmeka.com\/wp-content\/uploads\/2023\/09\/ulmeka-logo.webp\",\"width\":1427,\"height\":385,\"caption\":\"Ulmeka Mechatronics - Test Equipment\"},\"image\":{\"@id\":\"https:\/\/ulmeka.com\/en\/#\/schema\/logo\/image\/\"},\"sameAs\":[\"https:\/\/www.facebook.com\/ulmekamekatronik\"]}]}<\/script>\n<!-- \/ Yoast SEO plugin. -->","yoast_head_json":{"title":"LAMINAR FLOW CABINET - Ulmeka Mechatronics","robots":{"index":"index","follow":"follow","max-snippet":"max-snippet:-1","max-image-preview":"max-image-preview:large","max-video-preview":"max-video-preview:-1"},"canonical":"https:\/\/ulmeka.com\/en\/urun\/laminar-flow-cabinet\/","og_locale":"en_US","og_type":"article","og_title":"LAMINAR FLOW CABINET - Ulmeka Mechatronics","og_description":"You can contact us to get more information about this test device and to place an order in custom dimensions.","og_url":"https:\/\/ulmeka.com\/en\/urun\/laminar-flow-cabinet\/","og_site_name":"Ulmeka Mechatronics","article_publisher":"https:\/\/www.facebook.com\/ulmekamekatronik","article_modified_time":"2025-02-10T13:20:25+00:00","og_image":[{"width":500,"height":500,"url":"https:\/\/ulmeka.com\/wp-content\/uploads\/2025\/02\/laminar-flow-cabinet-2.jpg","type":"image\/jpeg"}],"twitter_card":"summary_large_image","twitter_misc":{"Est. reading time":"2 minutes"},"schema":{"@context":"https:\/\/schema.org","@graph":[{"@type":"WebPage","@id":"https:\/\/ulmeka.com\/en\/urun\/laminar-flow-cabinet\/","url":"https:\/\/ulmeka.com\/en\/urun\/laminar-flow-cabinet\/","name":"LAMINAR FLOW CABINET - Ulmeka Mechatronics","isPartOf":{"@id":"https:\/\/ulmeka.com\/en\/#website"},"primaryImageOfPage":{"@id":"https:\/\/ulmeka.com\/en\/urun\/laminar-flow-cabinet\/#primaryimage"},"image":{"@id":"https:\/\/ulmeka.com\/en\/urun\/laminar-flow-cabinet\/#primaryimage"},"thumbnailUrl":"https:\/\/ulmeka.com\/wp-content\/uploads\/2025\/02\/laminar-flow-cabinet-2.jpg","datePublished":"2025-02-03T08:42:52+00:00","dateModified":"2025-02-10T13:20:25+00:00","breadcrumb":{"@id":"https:\/\/ulmeka.com\/en\/urun\/laminar-flow-cabinet\/#breadcrumb"},"inLanguage":"en-US","potentialAction":[{"@type":"ReadAction","target":["https:\/\/ulmeka.com\/en\/urun\/laminar-flow-cabinet\/"]}]},{"@type":"ImageObject","inLanguage":"en-US","@id":"https:\/\/ulmeka.com\/en\/urun\/laminar-flow-cabinet\/#primaryimage","url":"https:\/\/ulmeka.com\/wp-content\/uploads\/2025\/02\/laminar-flow-cabinet-2.jpg","contentUrl":"https:\/\/ulmeka.com\/wp-content\/uploads\/2025\/02\/laminar-flow-cabinet-2.jpg","width":500,"height":500},{"@type":"BreadcrumbList","@id":"https:\/\/ulmeka.com\/en\/urun\/laminar-flow-cabinet\/#breadcrumb","itemListElement":[{"@type":"ListItem","position":1,"name":"Homepage","item":"https:\/\/ulmeka.com\/en\/"},{"@type":"ListItem","position":2,"name":"Shop","item":"https:\/\/ulmeka.com\/en\/?page_id=10392"},{"@type":"ListItem","position":3,"name":"LAMINAR FLOW CABINET"}]},{"@type":"WebSite","@id":"https:\/\/ulmeka.com\/en\/#website","url":"https:\/\/ulmeka.com\/en\/","name":"Ulmeka Mekatronik - Test Cihazlar\u0131","description":"Test Makinalar\u0131 - \u00d6zel Makina \u0130malat\u0131 - Otomasyon - Yaz\u0131l\u0131m - Makina Otomasyonu","publisher":{"@id":"https:\/\/ulmeka.com\/en\/#organization"},"potentialAction":[{"@type":"SearchAction","target":{"@type":"EntryPoint","urlTemplate":"https:\/\/ulmeka.com\/en\/?s={search_term_string}"},"query-input":{"@type":"PropertyValueSpecification","valueRequired":true,"valueName":"search_term_string"}}],"inLanguage":"en-US"},{"@type":"Organization","@id":"https:\/\/ulmeka.com\/en\/#organization","name":"Ulmeka Mechatronics - Test Equipment","url":"https:\/\/ulmeka.com\/en\/","logo":{"@type":"ImageObject","inLanguage":"en-US","@id":"https:\/\/ulmeka.com\/en\/#\/schema\/logo\/image\/","url":"https:\/\/ulmeka.com\/wp-content\/uploads\/2023\/09\/ulmeka-logo.webp","contentUrl":"https:\/\/ulmeka.com\/wp-content\/uploads\/2023\/09\/ulmeka-logo.webp","width":1427,"height":385,"caption":"Ulmeka Mechatronics - Test Equipment"},"image":{"@id":"https:\/\/ulmeka.com\/en\/#\/schema\/logo\/image\/"},"sameAs":["https:\/\/www.facebook.com\/ulmekamekatronik"]}]}},"jetpack_sharing_enabled":true,"_links":{"self":[{"href":"https:\/\/ulmeka.com\/en\/wp-json\/wp\/v2\/product\/11623","targetHints":{"allow":["GET"]}}],"collection":[{"href":"https:\/\/ulmeka.com\/en\/wp-json\/wp\/v2\/product"}],"about":[{"href":"https:\/\/ulmeka.com\/en\/wp-json\/wp\/v2\/types\/product"}],"version-history":[{"count":2,"href":"https:\/\/ulmeka.com\/en\/wp-json\/wp\/v2\/product\/11623\/revisions"}],"predecessor-version":[{"id":12174,"href":"https:\/\/ulmeka.com\/en\/wp-json\/wp\/v2\/product\/11623\/revisions\/12174"}],"wp:featuredmedia":[{"embeddable":true,"href":"https:\/\/ulmeka.com\/en\/wp-json\/wp\/v2\/media\/12172"}],"wp:attachment":[{"href":"https:\/\/ulmeka.com\/en\/wp-json\/wp\/v2\/media?parent=11623"}],"wp:term":[{"taxonomy":"product_brand","embeddable":true,"href":"https:\/\/ulmeka.com\/en\/wp-json\/wp\/v2\/product_brand?post=11623"},{"taxonomy":"product_cat","embeddable":true,"href":"https:\/\/ulmeka.com\/en\/wp-json\/wp\/v2\/product_cat?post=11623"},{"taxonomy":"product_tag","embeddable":true,"href":"https:\/\/ulmeka.com\/en\/wp-json\/wp\/v2\/product_tag?post=11623"}],"curies":[{"name":"wp","href":"https:\/\/api.w.org\/{rel}","templated":true}]}}