{"id":11284,"date":"2025-01-29T17:02:13","date_gmt":"2025-01-29T14:02:13","guid":{"rendered":"https:\/\/ulmeka.com\/urun\/iec-68-2-27-section-3-5-laboratory-shock-and-drop-testing-equipment-mechanical-impact-tester\/"},"modified":"2025-02-06T16:15:25","modified_gmt":"2025-02-06T13:15:25","slug":"iec-68-2-27-section-3-5-laboratory-shock-and-drop-testing-equipment-mechanical-impact-tester","status":"publish","type":"product","link":"https:\/\/ulmeka.com\/en\/urun\/iec-68-2-27-section-3-5-laboratory-shock-and-drop-testing-equipment-mechanical-impact-tester\/","title":{"rendered":"IEC-68-2-27 &#8211; Section 3.5 Laboratory Shock and Drop Testing Equipment \/ Mechanical Impact Tester"},"content":{"rendered":"<p><strong>IEC-68-2-27 &#8211; Section 3.5 Laboratory Shock and Drop Testing Equipment \/ Mechanical Impact Tester<\/strong><\/p>\n<p><strong>IEC-68-2-27 &#8211; Section 3.5<\/strong> Laboratory Shock and Drop Testing Equipment is a test device designed to evaluate the resistance of electronic components and devices to mechanical impacts. This equipment, specifically in accordance with <strong>IEC-68-2-27 &#8211; Section 3.5<\/strong>, can perform tests with 1500G acceleration and 0.5 millisecond pulse duration.<\/p>\n<p><strong>Main Features:<\/strong><\/p>\n<ul>\n<li><strong>High Acceleration Capacity:<\/strong> Tests the resistance of components to high-intensity impacts by applying accelerations up to 1500G.<\/li>\n<li><strong>Short Pulse Duration:<\/strong> Simulates sudden and intense shock conditions with a short pulse duration of 0.5 milliseconds.<\/li>\n<li><strong>Various Test Modes:<\/strong> Provides flexible test options with different shock waveforms such as half-sine and square waves.<\/li>\n<li><strong>User-Friendly Control Panel:<\/strong> Allows for easy operation and quick settings adjustments with a touchscreen interface.<\/li>\n<li><strong>Sturdy Construction:<\/strong> Offers long-lasting and reliable performance with high-rigidity shock tables and robust construction.<\/li>\n<\/ul>\n<p><strong>Technical Specifications:<\/strong><\/p>\n<ul>\n<li><strong>Table Size:<\/strong> Available in various size options, from 40&#215;40 cm to 200&#215;200 cm.<\/li>\n<li><strong>Maximum Sample Weight:<\/strong> Compatible with weights ranging from 30 kg to 1000 kg.<\/li>\n<li><strong>Acceleration Range:<\/strong> Can apply accelerations from 300G to 600G for half-sine wave, and from 100G to 150G for square wave.<\/li>\n<li><strong>Pulse Duration:<\/strong> Adjustable from 20 ms to 40 ms for half-sine wave, and 30 ms for square wave.<\/li>\n<li><strong>Machine Size:<\/strong> Varies based on the table size; for instance, the machine size for a 40&#215;40 cm table is 120x110x245 cm.<\/li>\n<li><strong>Machine Weight:<\/strong> Ranges from 1900 kg to 19500 kg, depending on the table size and features.<\/li>\n<\/ul>\n<p><strong>Applications:<\/strong><\/p>\n<ul>\n<li><strong>Electronic Components:<\/strong> Testing sensitive electronic products such as mobile phones, computer components, optical elements.<\/li>\n<li><strong>Automotive Industry:<\/strong> Evaluating the durability of in-vehicle electronic systems and components.<\/li>\n<li><strong>Military and Aerospace:<\/strong> Testing equipment designed for harsh conditions.<\/li>\n<li><strong>Consumer Electronics:<\/strong> Measuring the durability of consumer products against impacts encountered during transportation and use.<\/li>\n<\/ul>\n<p><strong>Sections of the Standard Where the Test is Included:<\/strong><\/p>\n<ul>\n<li>The <strong>JESD22-B104<\/strong> standard is included in the Condition B section. This section requires the test to be conducted with 1500G acceleration and a 0.5 millisecond pulse duration.<\/li>\n<li>The <strong>MIL-STD-202F<\/strong> standard defines shock tests and related procedures in <strong>Method 213 (Shock)<\/strong>.<\/li>\n<li>The <strong>IEC-68-2-27<\/strong> standard, Section 3.5, specifies the types of shocks, durations, and acceleration values to be applied for shock testing.<\/li>\n<\/ul>\n<p><strong>High Acceleration Shock Test System Applications:<\/strong><\/p>\n<p>Testing the durability of products such as mobile phones, computer components, connectors, optical elements, mobile products, etc.<\/p>\n<p><strong>High Acceleration Shock Test System Specifications:<\/strong><\/p>\n<ul>\n<li><strong>Table Size:<\/strong> 15&#215;15 cm, 20&#215;20 cm<\/li>\n<li><strong>Shock Pulse:<\/strong> Half-sine wave<\/li>\n<li><strong>Maximum Sample Weight:<\/strong> 5-10 kg<\/li>\n<li><strong>Acceleration Range:<\/strong> 20G ~ 1500G, 20G ~ 10000G<\/li>\n<li><strong>Pulse Duration:<\/strong> 0.5 ms ~ 11 ms, 0.2 ms ~ 11 ms<\/li>\n<\/ul>\n<p>You can also <a href=\"mailto: info@ulmeka.com\">contact us<\/a> for more information about <strong>IEC-68-2-27 &#8211; Section 3.5 Laboratory Shock and Drop Testing Equipment \/ Mechanical Impact Tester<\/strong> and to place orders for custom sizes.<\/p>\n","protected":false},"excerpt":{"rendered":"<p>IEC-68-2-27 &#8211; Section 3.5 Laboratory Shock and Drop Testing Equipment \/ Mechanical Impact Tester IEC-68-2-27 &#8211; Section 3.5 Laboratory Shock<\/p>\n","protected":false},"featured_media":12084,"template":"","meta":[],"product_brand":[],"product_cat":[296,249],"product_tag":[],"class_list":{"0":"post-11284","1":"product","2":"type-product","3":"status-publish","4":"has-post-thumbnail","6":"product_cat-iec-68-en","7":"product_cat-standards","9":"first","10":"instock","11":"shipping-taxable","12":"product-type-simple"},"yoast_head":"<!-- This site is optimized with the Yoast SEO plugin v24.3 - https:\/\/yoast.com\/wordpress\/plugins\/seo\/ -->\n<title>IEC-68-2-27 - Section 3.5 Laboratory Shock and Drop Testing Equipment \/ Mechanical Impact Tester - Ulmeka Mechatronics<\/title>\n<meta name=\"robots\" content=\"index, follow, max-snippet:-1, max-image-preview:large, max-video-preview:-1\" \/>\n<link rel=\"canonical\" href=\"https:\/\/ulmeka.com\/en\/urun\/iec-68-2-27-section-3-5-laboratory-shock-and-drop-testing-equipment-mechanical-impact-tester\/\" \/>\n<meta property=\"og:locale\" content=\"en_US\" \/>\n<meta property=\"og:type\" content=\"article\" \/>\n<meta property=\"og:title\" content=\"IEC-68-2-27 - Section 3.5 Laboratory Shock and Drop Testing Equipment \/ Mechanical Impact Tester - Ulmeka Mechatronics\" \/>\n<meta property=\"og:description\" content=\"IEC-68-2-27 &#8211; Section 3.5 Laboratory Shock and Drop Testing Equipment \/ Mechanical Impact Tester IEC-68-2-27 &#8211; Section 3.5 Laboratory Shock\" \/>\n<meta property=\"og:url\" content=\"https:\/\/ulmeka.com\/en\/urun\/iec-68-2-27-section-3-5-laboratory-shock-and-drop-testing-equipment-mechanical-impact-tester\/\" \/>\n<meta property=\"og:site_name\" content=\"Ulmeka Mechatronics\" \/>\n<meta property=\"article:publisher\" content=\"https:\/\/www.facebook.com\/ulmekamekatronik\" \/>\n<meta property=\"article:modified_time\" content=\"2025-02-06T13:15:25+00:00\" \/>\n<meta property=\"og:image\" content=\"https:\/\/ulmeka.com\/wp-content\/uploads\/2025\/01\/IEC68-2-27-section-3.5.jpg\" \/>\n\t<meta property=\"og:image:width\" content=\"221\" \/>\n\t<meta property=\"og:image:height\" content=\"500\" \/>\n\t<meta property=\"og:image:type\" content=\"image\/jpeg\" \/>\n<meta name=\"twitter:card\" content=\"summary_large_image\" \/>\n<meta name=\"twitter:label1\" content=\"Est. reading time\" \/>\n\t<meta name=\"twitter:data1\" content=\"3 minutes\" \/>\n<script type=\"application\/ld+json\" class=\"yoast-schema-graph\">{\"@context\":\"https:\/\/schema.org\",\"@graph\":[{\"@type\":\"WebPage\",\"@id\":\"https:\/\/ulmeka.com\/en\/urun\/iec-68-2-27-section-3-5-laboratory-shock-and-drop-testing-equipment-mechanical-impact-tester\/\",\"url\":\"https:\/\/ulmeka.com\/en\/urun\/iec-68-2-27-section-3-5-laboratory-shock-and-drop-testing-equipment-mechanical-impact-tester\/\",\"name\":\"IEC-68-2-27 - Section 3.5 Laboratory Shock and Drop Testing Equipment \/ Mechanical Impact Tester - Ulmeka Mechatronics\",\"isPartOf\":{\"@id\":\"https:\/\/ulmeka.com\/en\/#website\"},\"primaryImageOfPage\":{\"@id\":\"https:\/\/ulmeka.com\/en\/urun\/iec-68-2-27-section-3-5-laboratory-shock-and-drop-testing-equipment-mechanical-impact-tester\/#primaryimage\"},\"image\":{\"@id\":\"https:\/\/ulmeka.com\/en\/urun\/iec-68-2-27-section-3-5-laboratory-shock-and-drop-testing-equipment-mechanical-impact-tester\/#primaryimage\"},\"thumbnailUrl\":\"https:\/\/ulmeka.com\/wp-content\/uploads\/2025\/01\/IEC68-2-27-section-3.5-1.jpg\",\"datePublished\":\"2025-01-29T14:02:13+00:00\",\"dateModified\":\"2025-02-06T13:15:25+00:00\",\"breadcrumb\":{\"@id\":\"https:\/\/ulmeka.com\/en\/urun\/iec-68-2-27-section-3-5-laboratory-shock-and-drop-testing-equipment-mechanical-impact-tester\/#breadcrumb\"},\"inLanguage\":\"en-US\",\"potentialAction\":[{\"@type\":\"ReadAction\",\"target\":[\"https:\/\/ulmeka.com\/en\/urun\/iec-68-2-27-section-3-5-laboratory-shock-and-drop-testing-equipment-mechanical-impact-tester\/\"]}]},{\"@type\":\"ImageObject\",\"inLanguage\":\"en-US\",\"@id\":\"https:\/\/ulmeka.com\/en\/urun\/iec-68-2-27-section-3-5-laboratory-shock-and-drop-testing-equipment-mechanical-impact-tester\/#primaryimage\",\"url\":\"https:\/\/ulmeka.com\/wp-content\/uploads\/2025\/01\/IEC68-2-27-section-3.5-1.jpg\",\"contentUrl\":\"https:\/\/ulmeka.com\/wp-content\/uploads\/2025\/01\/IEC68-2-27-section-3.5-1.jpg\",\"width\":598,\"height\":602},{\"@type\":\"BreadcrumbList\",\"@id\":\"https:\/\/ulmeka.com\/en\/urun\/iec-68-2-27-section-3-5-laboratory-shock-and-drop-testing-equipment-mechanical-impact-tester\/#breadcrumb\",\"itemListElement\":[{\"@type\":\"ListItem\",\"position\":1,\"name\":\"Homepage\",\"item\":\"https:\/\/ulmeka.com\/en\/\"},{\"@type\":\"ListItem\",\"position\":2,\"name\":\"Shop\",\"item\":\"https:\/\/ulmeka.com\/en\/?page_id=10392\"},{\"@type\":\"ListItem\",\"position\":3,\"name\":\"IEC-68-2-27 &#8211; Section 3.5 Laboratory Shock and Drop Testing Equipment \/ Mechanical Impact Tester\"}]},{\"@type\":\"WebSite\",\"@id\":\"https:\/\/ulmeka.com\/en\/#website\",\"url\":\"https:\/\/ulmeka.com\/en\/\",\"name\":\"Ulmeka Mekatronik - Test Cihazlar\u0131\",\"description\":\"Test Makinalar\u0131 - \u00d6zel Makina \u0130malat\u0131 - Otomasyon - Yaz\u0131l\u0131m - Makina Otomasyonu\",\"publisher\":{\"@id\":\"https:\/\/ulmeka.com\/en\/#organization\"},\"potentialAction\":[{\"@type\":\"SearchAction\",\"target\":{\"@type\":\"EntryPoint\",\"urlTemplate\":\"https:\/\/ulmeka.com\/en\/?s={search_term_string}\"},\"query-input\":{\"@type\":\"PropertyValueSpecification\",\"valueRequired\":true,\"valueName\":\"search_term_string\"}}],\"inLanguage\":\"en-US\"},{\"@type\":\"Organization\",\"@id\":\"https:\/\/ulmeka.com\/en\/#organization\",\"name\":\"Ulmeka Mechatronics - Test Equipment\",\"url\":\"https:\/\/ulmeka.com\/en\/\",\"logo\":{\"@type\":\"ImageObject\",\"inLanguage\":\"en-US\",\"@id\":\"https:\/\/ulmeka.com\/en\/#\/schema\/logo\/image\/\",\"url\":\"https:\/\/ulmeka.com\/wp-content\/uploads\/2023\/09\/ulmeka-logo.webp\",\"contentUrl\":\"https:\/\/ulmeka.com\/wp-content\/uploads\/2023\/09\/ulmeka-logo.webp\",\"width\":1427,\"height\":385,\"caption\":\"Ulmeka Mechatronics - Test Equipment\"},\"image\":{\"@id\":\"https:\/\/ulmeka.com\/en\/#\/schema\/logo\/image\/\"},\"sameAs\":[\"https:\/\/www.facebook.com\/ulmekamekatronik\"]}]}<\/script>\n<!-- \/ Yoast SEO plugin. -->","yoast_head_json":{"title":"IEC-68-2-27 - Section 3.5 Laboratory Shock and Drop Testing Equipment \/ Mechanical Impact Tester - Ulmeka Mechatronics","robots":{"index":"index","follow":"follow","max-snippet":"max-snippet:-1","max-image-preview":"max-image-preview:large","max-video-preview":"max-video-preview:-1"},"canonical":"https:\/\/ulmeka.com\/en\/urun\/iec-68-2-27-section-3-5-laboratory-shock-and-drop-testing-equipment-mechanical-impact-tester\/","og_locale":"en_US","og_type":"article","og_title":"IEC-68-2-27 - Section 3.5 Laboratory Shock and Drop Testing Equipment \/ Mechanical Impact Tester - Ulmeka Mechatronics","og_description":"IEC-68-2-27 &#8211; Section 3.5 Laboratory Shock and Drop Testing Equipment \/ Mechanical Impact Tester IEC-68-2-27 &#8211; Section 3.5 Laboratory Shock","og_url":"https:\/\/ulmeka.com\/en\/urun\/iec-68-2-27-section-3-5-laboratory-shock-and-drop-testing-equipment-mechanical-impact-tester\/","og_site_name":"Ulmeka Mechatronics","article_publisher":"https:\/\/www.facebook.com\/ulmekamekatronik","article_modified_time":"2025-02-06T13:15:25+00:00","og_image":[{"width":221,"height":500,"url":"https:\/\/ulmeka.com\/wp-content\/uploads\/2025\/01\/IEC68-2-27-section-3.5.jpg","type":"image\/jpeg"}],"twitter_card":"summary_large_image","twitter_misc":{"Est. reading time":"3 minutes"},"schema":{"@context":"https:\/\/schema.org","@graph":[{"@type":"WebPage","@id":"https:\/\/ulmeka.com\/en\/urun\/iec-68-2-27-section-3-5-laboratory-shock-and-drop-testing-equipment-mechanical-impact-tester\/","url":"https:\/\/ulmeka.com\/en\/urun\/iec-68-2-27-section-3-5-laboratory-shock-and-drop-testing-equipment-mechanical-impact-tester\/","name":"IEC-68-2-27 - Section 3.5 Laboratory Shock and Drop Testing Equipment \/ Mechanical Impact Tester - Ulmeka Mechatronics","isPartOf":{"@id":"https:\/\/ulmeka.com\/en\/#website"},"primaryImageOfPage":{"@id":"https:\/\/ulmeka.com\/en\/urun\/iec-68-2-27-section-3-5-laboratory-shock-and-drop-testing-equipment-mechanical-impact-tester\/#primaryimage"},"image":{"@id":"https:\/\/ulmeka.com\/en\/urun\/iec-68-2-27-section-3-5-laboratory-shock-and-drop-testing-equipment-mechanical-impact-tester\/#primaryimage"},"thumbnailUrl":"https:\/\/ulmeka.com\/wp-content\/uploads\/2025\/01\/IEC68-2-27-section-3.5-1.jpg","datePublished":"2025-01-29T14:02:13+00:00","dateModified":"2025-02-06T13:15:25+00:00","breadcrumb":{"@id":"https:\/\/ulmeka.com\/en\/urun\/iec-68-2-27-section-3-5-laboratory-shock-and-drop-testing-equipment-mechanical-impact-tester\/#breadcrumb"},"inLanguage":"en-US","potentialAction":[{"@type":"ReadAction","target":["https:\/\/ulmeka.com\/en\/urun\/iec-68-2-27-section-3-5-laboratory-shock-and-drop-testing-equipment-mechanical-impact-tester\/"]}]},{"@type":"ImageObject","inLanguage":"en-US","@id":"https:\/\/ulmeka.com\/en\/urun\/iec-68-2-27-section-3-5-laboratory-shock-and-drop-testing-equipment-mechanical-impact-tester\/#primaryimage","url":"https:\/\/ulmeka.com\/wp-content\/uploads\/2025\/01\/IEC68-2-27-section-3.5-1.jpg","contentUrl":"https:\/\/ulmeka.com\/wp-content\/uploads\/2025\/01\/IEC68-2-27-section-3.5-1.jpg","width":598,"height":602},{"@type":"BreadcrumbList","@id":"https:\/\/ulmeka.com\/en\/urun\/iec-68-2-27-section-3-5-laboratory-shock-and-drop-testing-equipment-mechanical-impact-tester\/#breadcrumb","itemListElement":[{"@type":"ListItem","position":1,"name":"Homepage","item":"https:\/\/ulmeka.com\/en\/"},{"@type":"ListItem","position":2,"name":"Shop","item":"https:\/\/ulmeka.com\/en\/?page_id=10392"},{"@type":"ListItem","position":3,"name":"IEC-68-2-27 &#8211; Section 3.5 Laboratory Shock and Drop Testing Equipment \/ Mechanical Impact Tester"}]},{"@type":"WebSite","@id":"https:\/\/ulmeka.com\/en\/#website","url":"https:\/\/ulmeka.com\/en\/","name":"Ulmeka Mekatronik - Test Cihazlar\u0131","description":"Test Makinalar\u0131 - \u00d6zel Makina \u0130malat\u0131 - Otomasyon - Yaz\u0131l\u0131m - Makina Otomasyonu","publisher":{"@id":"https:\/\/ulmeka.com\/en\/#organization"},"potentialAction":[{"@type":"SearchAction","target":{"@type":"EntryPoint","urlTemplate":"https:\/\/ulmeka.com\/en\/?s={search_term_string}"},"query-input":{"@type":"PropertyValueSpecification","valueRequired":true,"valueName":"search_term_string"}}],"inLanguage":"en-US"},{"@type":"Organization","@id":"https:\/\/ulmeka.com\/en\/#organization","name":"Ulmeka Mechatronics - Test Equipment","url":"https:\/\/ulmeka.com\/en\/","logo":{"@type":"ImageObject","inLanguage":"en-US","@id":"https:\/\/ulmeka.com\/en\/#\/schema\/logo\/image\/","url":"https:\/\/ulmeka.com\/wp-content\/uploads\/2023\/09\/ulmeka-logo.webp","contentUrl":"https:\/\/ulmeka.com\/wp-content\/uploads\/2023\/09\/ulmeka-logo.webp","width":1427,"height":385,"caption":"Ulmeka Mechatronics - Test Equipment"},"image":{"@id":"https:\/\/ulmeka.com\/en\/#\/schema\/logo\/image\/"},"sameAs":["https:\/\/www.facebook.com\/ulmekamekatronik"]}]}},"jetpack_sharing_enabled":true,"_links":{"self":[{"href":"https:\/\/ulmeka.com\/en\/wp-json\/wp\/v2\/product\/11284","targetHints":{"allow":["GET"]}}],"collection":[{"href":"https:\/\/ulmeka.com\/en\/wp-json\/wp\/v2\/product"}],"about":[{"href":"https:\/\/ulmeka.com\/en\/wp-json\/wp\/v2\/types\/product"}],"version-history":[{"count":1,"href":"https:\/\/ulmeka.com\/en\/wp-json\/wp\/v2\/product\/11284\/revisions"}],"predecessor-version":[{"id":11287,"href":"https:\/\/ulmeka.com\/en\/wp-json\/wp\/v2\/product\/11284\/revisions\/11287"}],"wp:featuredmedia":[{"embeddable":true,"href":"https:\/\/ulmeka.com\/en\/wp-json\/wp\/v2\/media\/12084"}],"wp:attachment":[{"href":"https:\/\/ulmeka.com\/en\/wp-json\/wp\/v2\/media?parent=11284"}],"wp:term":[{"taxonomy":"product_brand","embeddable":true,"href":"https:\/\/ulmeka.com\/en\/wp-json\/wp\/v2\/product_brand?post=11284"},{"taxonomy":"product_cat","embeddable":true,"href":"https:\/\/ulmeka.com\/en\/wp-json\/wp\/v2\/product_cat?post=11284"},{"taxonomy":"product_tag","embeddable":true,"href":"https:\/\/ulmeka.com\/en\/wp-json\/wp\/v2\/product_tag?post=11284"}],"curies":[{"name":"wp","href":"https:\/\/api.w.org\/{rel}","templated":true}]}}