{"id":10793,"date":"2023-09-22T14:46:35","date_gmt":"2023-09-22T11:46:35","guid":{"rendered":"https:\/\/ulmeka.com\/urun\/conditioning-test-chambers\/"},"modified":"2025-01-23T11:41:53","modified_gmt":"2025-01-23T08:41:53","slug":"conditioning-test-chambers","status":"publish","type":"product","link":"https:\/\/ulmeka.com\/en\/urun\/conditioning-test-chambers\/","title":{"rendered":"Conditioning Test Chambers"},"content":{"rendered":"<p><strong>Conditioning Test Chambers<\/strong><\/p>\n<p><strong>Conditioning Test Chambers<\/strong> are generally used to measure the durability, potential performance issues, and safety of products under various environmental conditions. These chambers simulate various environmental parameters such as temperature, humidity, pressure, and others to test the response of materials and products to these conditions. <strong>Conditioning Test Chambers<\/strong> are widely used in many industries, especially in automotive, aerospace, electronics, energy, and medical sectors. This testing ensures the long-term durability and reliability of materials and products used in the specified industries.<\/p>\n<hr \/>\n<p><strong>Tests in Conditioning Test Chambers<\/strong><\/p>\n<p>In <strong>Conditioning Test Chambers<\/strong>, various tests are conducted, primarily temperature and humidity tests. Temperatures can range from <strong>-70\u00b0C to +180\u00b0C<\/strong>. Adjustments can generally be made based on our customers&#8217; requirements. Some key examples of tests include:<\/p>\n<ul>\n<li><strong>Vibration and Shock Tests<\/strong>: These tests are conducted to measure and determine the mechanical durability of products.<\/li>\n<li><strong>Pressure Tests<\/strong>: These tests simulate high and low pressures to evaluate the performance of materials or products.<\/li>\n<li><strong>Thermal Shock Tests<\/strong>: These tests measure the response of materials or products to sudden temperature changes.<\/li>\n<\/ul>\n<hr \/>\n<p><strong>Conditioning Test Chamber Standards<\/strong>:<\/p>\n<ul>\n<li><strong>TS EN 60068 series<\/strong><\/li>\n<li><strong>IEC 60068 series<\/strong><\/li>\n<li><strong>IEC 61010-2-012<\/strong><\/li>\n<li><strong>EN 60068 series<\/strong><\/li>\n<li><strong>UL 61010-2-012<\/strong><\/li>\n<\/ul>\n<p>For any questions or orders related to this product, please feel free to <strong><a href=\"mailto:info@ulmeka.com\">contact us<\/a><\/strong>.<\/p>\n","protected":false},"excerpt":{"rendered":"<p>Conditioning Test Chambers Conditioning Test Chambers are generally used to measure the durability, potential performance issues, and safety of products<\/p>\n","protected":false},"featured_media":12393,"template":"","meta":[],"product_brand":[],"product_cat":[283,285],"product_tag":[],"class_list":{"0":"post-10793","1":"product","2":"type-product","3":"status-publish","4":"has-post-thumbnail","6":"product_cat-environmental-test-chambers","7":"product_cat-test-chambers","9":"first","10":"instock","11":"shipping-taxable","12":"product-type-simple"},"yoast_head":"<!-- This site is optimized with the Yoast SEO plugin v24.3 - https:\/\/yoast.com\/wordpress\/plugins\/seo\/ -->\n<title>Conditioning Test Chambers - Ulmeka Mechatronics<\/title>\n<meta name=\"robots\" content=\"index, follow, max-snippet:-1, max-image-preview:large, max-video-preview:-1\" \/>\n<link rel=\"canonical\" href=\"https:\/\/ulmeka.com\/en\/urun\/conditioning-test-chambers\/\" \/>\n<meta property=\"og:locale\" content=\"en_US\" \/>\n<meta property=\"og:type\" content=\"article\" \/>\n<meta property=\"og:title\" content=\"Conditioning Test Chambers - Ulmeka Mechatronics\" \/>\n<meta property=\"og:description\" content=\"Conditioning Test Chambers Conditioning Test Chambers are generally used to measure the durability, potential performance issues, and safety of products\" \/>\n<meta property=\"og:url\" content=\"https:\/\/ulmeka.com\/en\/urun\/conditioning-test-chambers\/\" \/>\n<meta property=\"og:site_name\" content=\"Ulmeka Mechatronics\" \/>\n<meta property=\"article:publisher\" content=\"https:\/\/www.facebook.com\/ulmekamekatronik\" \/>\n<meta property=\"article:modified_time\" content=\"2025-01-23T08:41:53+00:00\" \/>\n<meta property=\"og:image\" content=\"https:\/\/ulmeka.com\/wp-content\/uploads\/2023\/09\/climatic-test-chamber.jpg\" \/>\n\t<meta property=\"og:image:width\" content=\"600\" \/>\n\t<meta property=\"og:image:height\" content=\"600\" \/>\n\t<meta property=\"og:image:type\" content=\"image\/jpeg\" \/>\n<meta name=\"twitter:card\" content=\"summary_large_image\" \/>\n<meta name=\"twitter:label1\" content=\"Est. reading time\" \/>\n\t<meta name=\"twitter:data1\" content=\"2 minutes\" \/>\n<script type=\"application\/ld+json\" class=\"yoast-schema-graph\">{\"@context\":\"https:\/\/schema.org\",\"@graph\":[{\"@type\":\"WebPage\",\"@id\":\"https:\/\/ulmeka.com\/en\/urun\/conditioning-test-chambers\/\",\"url\":\"https:\/\/ulmeka.com\/en\/urun\/conditioning-test-chambers\/\",\"name\":\"Conditioning Test Chambers - Ulmeka Mechatronics\",\"isPartOf\":{\"@id\":\"https:\/\/ulmeka.com\/en\/#website\"},\"primaryImageOfPage\":{\"@id\":\"https:\/\/ulmeka.com\/en\/urun\/conditioning-test-chambers\/#primaryimage\"},\"image\":{\"@id\":\"https:\/\/ulmeka.com\/en\/urun\/conditioning-test-chambers\/#primaryimage\"},\"thumbnailUrl\":\"https:\/\/ulmeka.com\/wp-content\/uploads\/2023\/09\/climatic-test-chamber.jpg\",\"datePublished\":\"2023-09-22T11:46:35+00:00\",\"dateModified\":\"2025-01-23T08:41:53+00:00\",\"breadcrumb\":{\"@id\":\"https:\/\/ulmeka.com\/en\/urun\/conditioning-test-chambers\/#breadcrumb\"},\"inLanguage\":\"en-US\",\"potentialAction\":[{\"@type\":\"ReadAction\",\"target\":[\"https:\/\/ulmeka.com\/en\/urun\/conditioning-test-chambers\/\"]}]},{\"@type\":\"ImageObject\",\"inLanguage\":\"en-US\",\"@id\":\"https:\/\/ulmeka.com\/en\/urun\/conditioning-test-chambers\/#primaryimage\",\"url\":\"https:\/\/ulmeka.com\/wp-content\/uploads\/2023\/09\/climatic-test-chamber.jpg\",\"contentUrl\":\"https:\/\/ulmeka.com\/wp-content\/uploads\/2023\/09\/climatic-test-chamber.jpg\",\"width\":600,\"height\":600},{\"@type\":\"BreadcrumbList\",\"@id\":\"https:\/\/ulmeka.com\/en\/urun\/conditioning-test-chambers\/#breadcrumb\",\"itemListElement\":[{\"@type\":\"ListItem\",\"position\":1,\"name\":\"Homepage\",\"item\":\"https:\/\/ulmeka.com\/en\/\"},{\"@type\":\"ListItem\",\"position\":2,\"name\":\"Shop\",\"item\":\"https:\/\/ulmeka.com\/en\/?page_id=10392\"},{\"@type\":\"ListItem\",\"position\":3,\"name\":\"Conditioning Test Chambers\"}]},{\"@type\":\"WebSite\",\"@id\":\"https:\/\/ulmeka.com\/en\/#website\",\"url\":\"https:\/\/ulmeka.com\/en\/\",\"name\":\"Ulmeka Mekatronik - Test Cihazlar\u0131\",\"description\":\"Test Makinalar\u0131 - \u00d6zel Makina \u0130malat\u0131 - Otomasyon - Yaz\u0131l\u0131m - Makina Otomasyonu\",\"publisher\":{\"@id\":\"https:\/\/ulmeka.com\/en\/#organization\"},\"potentialAction\":[{\"@type\":\"SearchAction\",\"target\":{\"@type\":\"EntryPoint\",\"urlTemplate\":\"https:\/\/ulmeka.com\/en\/?s={search_term_string}\"},\"query-input\":{\"@type\":\"PropertyValueSpecification\",\"valueRequired\":true,\"valueName\":\"search_term_string\"}}],\"inLanguage\":\"en-US\"},{\"@type\":\"Organization\",\"@id\":\"https:\/\/ulmeka.com\/en\/#organization\",\"name\":\"Ulmeka Mechatronics - Test Equipment\",\"url\":\"https:\/\/ulmeka.com\/en\/\",\"logo\":{\"@type\":\"ImageObject\",\"inLanguage\":\"en-US\",\"@id\":\"https:\/\/ulmeka.com\/en\/#\/schema\/logo\/image\/\",\"url\":\"https:\/\/ulmeka.com\/wp-content\/uploads\/2023\/09\/ulmeka-logo.webp\",\"contentUrl\":\"https:\/\/ulmeka.com\/wp-content\/uploads\/2023\/09\/ulmeka-logo.webp\",\"width\":1427,\"height\":385,\"caption\":\"Ulmeka Mechatronics - Test Equipment\"},\"image\":{\"@id\":\"https:\/\/ulmeka.com\/en\/#\/schema\/logo\/image\/\"},\"sameAs\":[\"https:\/\/www.facebook.com\/ulmekamekatronik\"]}]}<\/script>\n<!-- \/ Yoast SEO plugin. -->","yoast_head_json":{"title":"Conditioning Test Chambers - Ulmeka Mechatronics","robots":{"index":"index","follow":"follow","max-snippet":"max-snippet:-1","max-image-preview":"max-image-preview:large","max-video-preview":"max-video-preview:-1"},"canonical":"https:\/\/ulmeka.com\/en\/urun\/conditioning-test-chambers\/","og_locale":"en_US","og_type":"article","og_title":"Conditioning Test Chambers - Ulmeka Mechatronics","og_description":"Conditioning Test Chambers Conditioning Test Chambers are generally used to measure the durability, potential performance issues, and safety of products","og_url":"https:\/\/ulmeka.com\/en\/urun\/conditioning-test-chambers\/","og_site_name":"Ulmeka Mechatronics","article_publisher":"https:\/\/www.facebook.com\/ulmekamekatronik","article_modified_time":"2025-01-23T08:41:53+00:00","og_image":[{"width":600,"height":600,"url":"https:\/\/ulmeka.com\/wp-content\/uploads\/2023\/09\/climatic-test-chamber.jpg","type":"image\/jpeg"}],"twitter_card":"summary_large_image","twitter_misc":{"Est. reading time":"2 minutes"},"schema":{"@context":"https:\/\/schema.org","@graph":[{"@type":"WebPage","@id":"https:\/\/ulmeka.com\/en\/urun\/conditioning-test-chambers\/","url":"https:\/\/ulmeka.com\/en\/urun\/conditioning-test-chambers\/","name":"Conditioning Test Chambers - Ulmeka Mechatronics","isPartOf":{"@id":"https:\/\/ulmeka.com\/en\/#website"},"primaryImageOfPage":{"@id":"https:\/\/ulmeka.com\/en\/urun\/conditioning-test-chambers\/#primaryimage"},"image":{"@id":"https:\/\/ulmeka.com\/en\/urun\/conditioning-test-chambers\/#primaryimage"},"thumbnailUrl":"https:\/\/ulmeka.com\/wp-content\/uploads\/2023\/09\/climatic-test-chamber.jpg","datePublished":"2023-09-22T11:46:35+00:00","dateModified":"2025-01-23T08:41:53+00:00","breadcrumb":{"@id":"https:\/\/ulmeka.com\/en\/urun\/conditioning-test-chambers\/#breadcrumb"},"inLanguage":"en-US","potentialAction":[{"@type":"ReadAction","target":["https:\/\/ulmeka.com\/en\/urun\/conditioning-test-chambers\/"]}]},{"@type":"ImageObject","inLanguage":"en-US","@id":"https:\/\/ulmeka.com\/en\/urun\/conditioning-test-chambers\/#primaryimage","url":"https:\/\/ulmeka.com\/wp-content\/uploads\/2023\/09\/climatic-test-chamber.jpg","contentUrl":"https:\/\/ulmeka.com\/wp-content\/uploads\/2023\/09\/climatic-test-chamber.jpg","width":600,"height":600},{"@type":"BreadcrumbList","@id":"https:\/\/ulmeka.com\/en\/urun\/conditioning-test-chambers\/#breadcrumb","itemListElement":[{"@type":"ListItem","position":1,"name":"Homepage","item":"https:\/\/ulmeka.com\/en\/"},{"@type":"ListItem","position":2,"name":"Shop","item":"https:\/\/ulmeka.com\/en\/?page_id=10392"},{"@type":"ListItem","position":3,"name":"Conditioning Test Chambers"}]},{"@type":"WebSite","@id":"https:\/\/ulmeka.com\/en\/#website","url":"https:\/\/ulmeka.com\/en\/","name":"Ulmeka Mekatronik - Test Cihazlar\u0131","description":"Test Makinalar\u0131 - \u00d6zel Makina \u0130malat\u0131 - Otomasyon - Yaz\u0131l\u0131m - Makina Otomasyonu","publisher":{"@id":"https:\/\/ulmeka.com\/en\/#organization"},"potentialAction":[{"@type":"SearchAction","target":{"@type":"EntryPoint","urlTemplate":"https:\/\/ulmeka.com\/en\/?s={search_term_string}"},"query-input":{"@type":"PropertyValueSpecification","valueRequired":true,"valueName":"search_term_string"}}],"inLanguage":"en-US"},{"@type":"Organization","@id":"https:\/\/ulmeka.com\/en\/#organization","name":"Ulmeka Mechatronics - Test Equipment","url":"https:\/\/ulmeka.com\/en\/","logo":{"@type":"ImageObject","inLanguage":"en-US","@id":"https:\/\/ulmeka.com\/en\/#\/schema\/logo\/image\/","url":"https:\/\/ulmeka.com\/wp-content\/uploads\/2023\/09\/ulmeka-logo.webp","contentUrl":"https:\/\/ulmeka.com\/wp-content\/uploads\/2023\/09\/ulmeka-logo.webp","width":1427,"height":385,"caption":"Ulmeka Mechatronics - Test Equipment"},"image":{"@id":"https:\/\/ulmeka.com\/en\/#\/schema\/logo\/image\/"},"sameAs":["https:\/\/www.facebook.com\/ulmekamekatronik"]}]}},"jetpack_sharing_enabled":true,"_links":{"self":[{"href":"https:\/\/ulmeka.com\/en\/wp-json\/wp\/v2\/product\/10793","targetHints":{"allow":["GET"]}}],"collection":[{"href":"https:\/\/ulmeka.com\/en\/wp-json\/wp\/v2\/product"}],"about":[{"href":"https:\/\/ulmeka.com\/en\/wp-json\/wp\/v2\/types\/product"}],"version-history":[{"count":1,"href":"https:\/\/ulmeka.com\/en\/wp-json\/wp\/v2\/product\/10793\/revisions"}],"predecessor-version":[{"id":10794,"href":"https:\/\/ulmeka.com\/en\/wp-json\/wp\/v2\/product\/10793\/revisions\/10794"}],"wp:featuredmedia":[{"embeddable":true,"href":"https:\/\/ulmeka.com\/en\/wp-json\/wp\/v2\/media\/12393"}],"wp:attachment":[{"href":"https:\/\/ulmeka.com\/en\/wp-json\/wp\/v2\/media?parent=10793"}],"wp:term":[{"taxonomy":"product_brand","embeddable":true,"href":"https:\/\/ulmeka.com\/en\/wp-json\/wp\/v2\/product_brand?post=10793"},{"taxonomy":"product_cat","embeddable":true,"href":"https:\/\/ulmeka.com\/en\/wp-json\/wp\/v2\/product_cat?post=10793"},{"taxonomy":"product_tag","embeddable":true,"href":"https:\/\/ulmeka.com\/en\/wp-json\/wp\/v2\/product_tag?post=10793"}],"curies":[{"name":"wp","href":"https:\/\/api.w.org\/{rel}","templated":true}]}}