{"id":10791,"date":"2023-09-22T14:46:35","date_gmt":"2023-09-22T11:46:35","guid":{"rendered":"https:\/\/ulmeka.com\/urun\/mil-std-810-h-g-method-506-6-rain-test-chamber\/"},"modified":"2025-02-04T12:22:56","modified_gmt":"2025-02-04T09:22:56","slug":"mil-std-810-h-g-method-506-6-rain-test-chamber","status":"publish","type":"product","link":"https:\/\/ulmeka.com\/en\/urun\/mil-std-810-h-g-method-506-6-rain-test-chamber\/","title":{"rendered":"MIL-STD-810H Rain (Method 506.6) Test Chamber"},"content":{"rendered":"<p><strong>MIL-STD-810H Rain (MIL-STD-810G Method 506.5) Test Chamber<\/strong><\/p>\n<p>The <strong>MIL-STD-810H Rain Test Chamber<\/strong> is designed to test the resistance of military and commercial materials against rain, water spray, or dripping water. These tests evaluate the material&#8217;s protective ability against water ingress, its functionality after rain exposure, and its physical integrity. The tests are performed using three main procedures. These procedures are as follows:<\/p>\n<hr \/>\n<p><strong>Procedure I: Rain and Wind-driven Rain Test<\/strong><\/p>\n<ul>\n<li>The material is subjected to a specified water flow (minimum <strong>1.7 mm\/min<\/strong>) and wind speed.<\/li>\n<li>All surfaces are exposed to water from different angles for a duration of <strong>30 minutes<\/strong>.<\/li>\n<\/ul>\n<hr \/>\n<p><strong>Procedure II: Intense Test<\/strong><\/p>\n<ul>\n<li>Used for larger materials.<\/li>\n<li>All surfaces are exposed to high-pressure water (<strong>276 kPa<\/strong>) and flow rate (<strong>20.8 L\/min<\/strong>) for <strong>40 minutes<\/strong>.<\/li>\n<\/ul>\n<hr \/>\n<p><strong>Procedure III: Drip Test<\/strong><\/p>\n<ul>\n<li>The material is exposed to water dripping from the upper surfaces for <strong>30 minutes<\/strong>. This test simulates the effects of water caused by condensation.<\/li>\n<\/ul>\n<hr \/>\n<h3><strong>MIL-STD-810H Rain Test Chamber Standards:<\/strong><\/h3>\n<ul>\n<li><strong>IEC 60529<\/strong><\/li>\n<li><strong>EN 60529<\/strong><\/li>\n<li><strong>EN 60068<\/strong><\/li>\n<li><strong>UL 50E<\/strong><\/li>\n<li><strong>UL 60950-1<\/strong><\/li>\n<li><strong>TS EN 60529<\/strong><\/li>\n<\/ul>\n<p>If you need the <strong>MIL-STD-810H Rain Test Chamber<\/strong>, please <strong><a href=\"mailto:info@ulmeka.com\">contact us<\/a><\/strong>.<\/p>\n","protected":false},"excerpt":{"rendered":"<p>MIL-STD-810H Rain (MIL-STD-810G Method 506.5) Test Chamber The MIL-STD-810H Rain Test Chamber is designed to test the resistance of military<\/p>\n","protected":false},"featured_media":10434,"template":"","meta":[],"product_brand":[],"product_cat":[283,284,278,285],"product_tag":[],"class_list":{"0":"post-10791","1":"product","2":"type-product","3":"status-publish","4":"has-post-thumbnail","6":"product_cat-environmental-test-chambers","7":"product_cat-mil-std-tests","8":"product_cat-mil-std-810-h-en","9":"product_cat-test-chambers","11":"first","12":"instock","13":"shipping-taxable","14":"product-type-simple"},"yoast_head":"<!-- This site is optimized with the Yoast SEO plugin v24.3 - https:\/\/yoast.com\/wordpress\/plugins\/seo\/ -->\n<title>MIL-STD-810H Rain (Method 506.6) Test Chamber - Ulmeka Mechatronics<\/title>\n<meta name=\"robots\" content=\"index, follow, max-snippet:-1, max-image-preview:large, max-video-preview:-1\" \/>\n<link rel=\"canonical\" href=\"https:\/\/ulmeka.com\/en\/urun\/mil-std-810-h-g-method-506-6-rain-test-chamber\/\" \/>\n<meta property=\"og:locale\" content=\"en_US\" \/>\n<meta property=\"og:type\" content=\"article\" \/>\n<meta property=\"og:title\" content=\"MIL-STD-810H Rain (Method 506.6) Test Chamber - Ulmeka Mechatronics\" \/>\n<meta property=\"og:description\" content=\"MIL-STD-810H Rain (MIL-STD-810G Method 506.5) Test Chamber The MIL-STD-810H Rain Test Chamber is designed to test the resistance of military\" \/>\n<meta property=\"og:url\" content=\"https:\/\/ulmeka.com\/en\/urun\/mil-std-810-h-g-method-506-6-rain-test-chamber\/\" \/>\n<meta property=\"og:site_name\" content=\"Ulmeka Mechatronics\" \/>\n<meta property=\"article:publisher\" content=\"https:\/\/www.facebook.com\/ulmekamekatronik\" \/>\n<meta property=\"article:modified_time\" content=\"2025-02-04T09:22:56+00:00\" \/>\n<meta property=\"og:image\" content=\"https:\/\/ulmeka.com\/wp-content\/uploads\/2023\/09\/Mil-STD-810-Rain-Test.jpg\" \/>\n\t<meta property=\"og:image:width\" content=\"1000\" \/>\n\t<meta property=\"og:image:height\" content=\"1000\" \/>\n\t<meta property=\"og:image:type\" content=\"image\/jpeg\" \/>\n<meta name=\"twitter:card\" content=\"summary_large_image\" \/>\n<meta name=\"twitter:label1\" content=\"Est. reading time\" \/>\n\t<meta name=\"twitter:data1\" content=\"2 minutes\" \/>\n<script type=\"application\/ld+json\" class=\"yoast-schema-graph\">{\"@context\":\"https:\/\/schema.org\",\"@graph\":[{\"@type\":\"WebPage\",\"@id\":\"https:\/\/ulmeka.com\/en\/urun\/mil-std-810-h-g-method-506-6-rain-test-chamber\/\",\"url\":\"https:\/\/ulmeka.com\/en\/urun\/mil-std-810-h-g-method-506-6-rain-test-chamber\/\",\"name\":\"MIL-STD-810H Rain (Method 506.6) Test Chamber - Ulmeka Mechatronics\",\"isPartOf\":{\"@id\":\"https:\/\/ulmeka.com\/en\/#website\"},\"primaryImageOfPage\":{\"@id\":\"https:\/\/ulmeka.com\/en\/urun\/mil-std-810-h-g-method-506-6-rain-test-chamber\/#primaryimage\"},\"image\":{\"@id\":\"https:\/\/ulmeka.com\/en\/urun\/mil-std-810-h-g-method-506-6-rain-test-chamber\/#primaryimage\"},\"thumbnailUrl\":\"https:\/\/ulmeka.com\/wp-content\/uploads\/2023\/09\/Mil-STD-810-Rain-Test.jpg\",\"datePublished\":\"2023-09-22T11:46:35+00:00\",\"dateModified\":\"2025-02-04T09:22:56+00:00\",\"breadcrumb\":{\"@id\":\"https:\/\/ulmeka.com\/en\/urun\/mil-std-810-h-g-method-506-6-rain-test-chamber\/#breadcrumb\"},\"inLanguage\":\"en-US\",\"potentialAction\":[{\"@type\":\"ReadAction\",\"target\":[\"https:\/\/ulmeka.com\/en\/urun\/mil-std-810-h-g-method-506-6-rain-test-chamber\/\"]}]},{\"@type\":\"ImageObject\",\"inLanguage\":\"en-US\",\"@id\":\"https:\/\/ulmeka.com\/en\/urun\/mil-std-810-h-g-method-506-6-rain-test-chamber\/#primaryimage\",\"url\":\"https:\/\/ulmeka.com\/wp-content\/uploads\/2023\/09\/Mil-STD-810-Rain-Test.jpg\",\"contentUrl\":\"https:\/\/ulmeka.com\/wp-content\/uploads\/2023\/09\/Mil-STD-810-Rain-Test.jpg\",\"width\":1000,\"height\":1000},{\"@type\":\"BreadcrumbList\",\"@id\":\"https:\/\/ulmeka.com\/en\/urun\/mil-std-810-h-g-method-506-6-rain-test-chamber\/#breadcrumb\",\"itemListElement\":[{\"@type\":\"ListItem\",\"position\":1,\"name\":\"Homepage\",\"item\":\"https:\/\/ulmeka.com\/en\/\"},{\"@type\":\"ListItem\",\"position\":2,\"name\":\"Shop\",\"item\":\"https:\/\/ulmeka.com\/en\/?page_id=10392\"},{\"@type\":\"ListItem\",\"position\":3,\"name\":\"MIL-STD-810H Rain (Method 506.6) Test Chamber\"}]},{\"@type\":\"WebSite\",\"@id\":\"https:\/\/ulmeka.com\/en\/#website\",\"url\":\"https:\/\/ulmeka.com\/en\/\",\"name\":\"Ulmeka Mekatronik - Test Cihazlar\u0131\",\"description\":\"Test Makinalar\u0131 - \u00d6zel Makina \u0130malat\u0131 - Otomasyon - Yaz\u0131l\u0131m - Makina Otomasyonu\",\"publisher\":{\"@id\":\"https:\/\/ulmeka.com\/en\/#organization\"},\"potentialAction\":[{\"@type\":\"SearchAction\",\"target\":{\"@type\":\"EntryPoint\",\"urlTemplate\":\"https:\/\/ulmeka.com\/en\/?s={search_term_string}\"},\"query-input\":{\"@type\":\"PropertyValueSpecification\",\"valueRequired\":true,\"valueName\":\"search_term_string\"}}],\"inLanguage\":\"en-US\"},{\"@type\":\"Organization\",\"@id\":\"https:\/\/ulmeka.com\/en\/#organization\",\"name\":\"Ulmeka Mechatronics - Test Equipment\",\"url\":\"https:\/\/ulmeka.com\/en\/\",\"logo\":{\"@type\":\"ImageObject\",\"inLanguage\":\"en-US\",\"@id\":\"https:\/\/ulmeka.com\/en\/#\/schema\/logo\/image\/\",\"url\":\"https:\/\/ulmeka.com\/wp-content\/uploads\/2023\/09\/ulmeka-logo.webp\",\"contentUrl\":\"https:\/\/ulmeka.com\/wp-content\/uploads\/2023\/09\/ulmeka-logo.webp\",\"width\":1427,\"height\":385,\"caption\":\"Ulmeka Mechatronics - Test Equipment\"},\"image\":{\"@id\":\"https:\/\/ulmeka.com\/en\/#\/schema\/logo\/image\/\"},\"sameAs\":[\"https:\/\/www.facebook.com\/ulmekamekatronik\"]}]}<\/script>\n<!-- \/ Yoast SEO plugin. -->","yoast_head_json":{"title":"MIL-STD-810H Rain (Method 506.6) Test Chamber - Ulmeka Mechatronics","robots":{"index":"index","follow":"follow","max-snippet":"max-snippet:-1","max-image-preview":"max-image-preview:large","max-video-preview":"max-video-preview:-1"},"canonical":"https:\/\/ulmeka.com\/en\/urun\/mil-std-810-h-g-method-506-6-rain-test-chamber\/","og_locale":"en_US","og_type":"article","og_title":"MIL-STD-810H Rain (Method 506.6) Test Chamber - Ulmeka Mechatronics","og_description":"MIL-STD-810H Rain (MIL-STD-810G Method 506.5) Test Chamber The MIL-STD-810H Rain Test Chamber is designed to test the resistance of military","og_url":"https:\/\/ulmeka.com\/en\/urun\/mil-std-810-h-g-method-506-6-rain-test-chamber\/","og_site_name":"Ulmeka Mechatronics","article_publisher":"https:\/\/www.facebook.com\/ulmekamekatronik","article_modified_time":"2025-02-04T09:22:56+00:00","og_image":[{"width":1000,"height":1000,"url":"https:\/\/ulmeka.com\/wp-content\/uploads\/2023\/09\/Mil-STD-810-Rain-Test.jpg","type":"image\/jpeg"}],"twitter_card":"summary_large_image","twitter_misc":{"Est. reading time":"2 minutes"},"schema":{"@context":"https:\/\/schema.org","@graph":[{"@type":"WebPage","@id":"https:\/\/ulmeka.com\/en\/urun\/mil-std-810-h-g-method-506-6-rain-test-chamber\/","url":"https:\/\/ulmeka.com\/en\/urun\/mil-std-810-h-g-method-506-6-rain-test-chamber\/","name":"MIL-STD-810H Rain (Method 506.6) Test Chamber - Ulmeka Mechatronics","isPartOf":{"@id":"https:\/\/ulmeka.com\/en\/#website"},"primaryImageOfPage":{"@id":"https:\/\/ulmeka.com\/en\/urun\/mil-std-810-h-g-method-506-6-rain-test-chamber\/#primaryimage"},"image":{"@id":"https:\/\/ulmeka.com\/en\/urun\/mil-std-810-h-g-method-506-6-rain-test-chamber\/#primaryimage"},"thumbnailUrl":"https:\/\/ulmeka.com\/wp-content\/uploads\/2023\/09\/Mil-STD-810-Rain-Test.jpg","datePublished":"2023-09-22T11:46:35+00:00","dateModified":"2025-02-04T09:22:56+00:00","breadcrumb":{"@id":"https:\/\/ulmeka.com\/en\/urun\/mil-std-810-h-g-method-506-6-rain-test-chamber\/#breadcrumb"},"inLanguage":"en-US","potentialAction":[{"@type":"ReadAction","target":["https:\/\/ulmeka.com\/en\/urun\/mil-std-810-h-g-method-506-6-rain-test-chamber\/"]}]},{"@type":"ImageObject","inLanguage":"en-US","@id":"https:\/\/ulmeka.com\/en\/urun\/mil-std-810-h-g-method-506-6-rain-test-chamber\/#primaryimage","url":"https:\/\/ulmeka.com\/wp-content\/uploads\/2023\/09\/Mil-STD-810-Rain-Test.jpg","contentUrl":"https:\/\/ulmeka.com\/wp-content\/uploads\/2023\/09\/Mil-STD-810-Rain-Test.jpg","width":1000,"height":1000},{"@type":"BreadcrumbList","@id":"https:\/\/ulmeka.com\/en\/urun\/mil-std-810-h-g-method-506-6-rain-test-chamber\/#breadcrumb","itemListElement":[{"@type":"ListItem","position":1,"name":"Homepage","item":"https:\/\/ulmeka.com\/en\/"},{"@type":"ListItem","position":2,"name":"Shop","item":"https:\/\/ulmeka.com\/en\/?page_id=10392"},{"@type":"ListItem","position":3,"name":"MIL-STD-810H Rain (Method 506.6) Test Chamber"}]},{"@type":"WebSite","@id":"https:\/\/ulmeka.com\/en\/#website","url":"https:\/\/ulmeka.com\/en\/","name":"Ulmeka Mekatronik - Test Cihazlar\u0131","description":"Test Makinalar\u0131 - \u00d6zel Makina \u0130malat\u0131 - Otomasyon - Yaz\u0131l\u0131m - Makina Otomasyonu","publisher":{"@id":"https:\/\/ulmeka.com\/en\/#organization"},"potentialAction":[{"@type":"SearchAction","target":{"@type":"EntryPoint","urlTemplate":"https:\/\/ulmeka.com\/en\/?s={search_term_string}"},"query-input":{"@type":"PropertyValueSpecification","valueRequired":true,"valueName":"search_term_string"}}],"inLanguage":"en-US"},{"@type":"Organization","@id":"https:\/\/ulmeka.com\/en\/#organization","name":"Ulmeka Mechatronics - Test Equipment","url":"https:\/\/ulmeka.com\/en\/","logo":{"@type":"ImageObject","inLanguage":"en-US","@id":"https:\/\/ulmeka.com\/en\/#\/schema\/logo\/image\/","url":"https:\/\/ulmeka.com\/wp-content\/uploads\/2023\/09\/ulmeka-logo.webp","contentUrl":"https:\/\/ulmeka.com\/wp-content\/uploads\/2023\/09\/ulmeka-logo.webp","width":1427,"height":385,"caption":"Ulmeka Mechatronics - Test Equipment"},"image":{"@id":"https:\/\/ulmeka.com\/en\/#\/schema\/logo\/image\/"},"sameAs":["https:\/\/www.facebook.com\/ulmekamekatronik"]}]}},"jetpack_sharing_enabled":true,"_links":{"self":[{"href":"https:\/\/ulmeka.com\/en\/wp-json\/wp\/v2\/product\/10791","targetHints":{"allow":["GET"]}}],"collection":[{"href":"https:\/\/ulmeka.com\/en\/wp-json\/wp\/v2\/product"}],"about":[{"href":"https:\/\/ulmeka.com\/en\/wp-json\/wp\/v2\/types\/product"}],"version-history":[{"count":2,"href":"https:\/\/ulmeka.com\/en\/wp-json\/wp\/v2\/product\/10791\/revisions"}],"predecessor-version":[{"id":11725,"href":"https:\/\/ulmeka.com\/en\/wp-json\/wp\/v2\/product\/10791\/revisions\/11725"}],"wp:featuredmedia":[{"embeddable":true,"href":"https:\/\/ulmeka.com\/en\/wp-json\/wp\/v2\/media\/10434"}],"wp:attachment":[{"href":"https:\/\/ulmeka.com\/en\/wp-json\/wp\/v2\/media?parent=10791"}],"wp:term":[{"taxonomy":"product_brand","embeddable":true,"href":"https:\/\/ulmeka.com\/en\/wp-json\/wp\/v2\/product_brand?post=10791"},{"taxonomy":"product_cat","embeddable":true,"href":"https:\/\/ulmeka.com\/en\/wp-json\/wp\/v2\/product_cat?post=10791"},{"taxonomy":"product_tag","embeddable":true,"href":"https:\/\/ulmeka.com\/en\/wp-json\/wp\/v2\/product_tag?post=10791"}],"curies":[{"name":"wp","href":"https:\/\/api.w.org\/{rel}","templated":true}]}}