{"id":10783,"date":"2023-09-22T14:46:36","date_gmt":"2023-09-22T11:46:36","guid":{"rendered":"https:\/\/ulmeka.com\/urun\/comparative-tracking-index-cti-test-device\/"},"modified":"2025-01-23T11:40:28","modified_gmt":"2025-01-23T08:40:28","slug":"comparative-tracking-index-cti-test-device","status":"publish","type":"product","link":"https:\/\/ulmeka.com\/en\/urun\/comparative-tracking-index-cti-test-device\/","title":{"rendered":"Comparative Tracking Index (CTI) Test Device"},"content":{"rendered":"<h3><strong>Comparative Tracking Index (CTI) Test Device<\/strong><\/h3>\n<p>The <strong>Comparative Tracking Index (CTI)<\/strong> Test Device is used to determine the tracking resistance of solid insulating materials under humid conditions. Specifically, it tests whether electrical conductive paths form on the surface of the insulating material. This device conducts tests in accordance with specific standards and plays a critical role in assessing the safety performance of insulation materials.<\/p>\n<hr \/>\n<h3><strong>Applicable Standards<\/strong>:<\/h3>\n<p>The <strong>CTI Test Device<\/strong> adheres to the following standards:<\/p>\n<ul>\n<li><strong>IEC 60112<\/strong>: Method for determining the comparative and proven tracking index of solid insulating materials.<\/li>\n<li><strong>UL 746A<\/strong>: Evaluates the electrical properties of plastic materials.<\/li>\n<li><strong>ASTM D3638<\/strong>: Similar tests for electrical insulation materials.<\/li>\n<li><strong>EN 60112 \/ DIN EN 60112<\/strong>: European standard equivalent to <strong>IEC 60112<\/strong>.<\/li>\n<li><strong>TSE (TS EN 60112)<\/strong>: In Turkey, the test is conducted in compliance with <strong>IEC 60112<\/strong>.<\/li>\n<\/ul>\n<hr \/>\n<h3><strong>Test Procedure<\/strong>:<\/h3>\n<p>After adjusting the test parameters and placing the sample on the test table shown on the computer screen, you can begin the test.<\/p>\n<h4><strong>Required Parameters<\/strong>:<\/h4>\n<ul>\n<li>Voltage Test<\/li>\n<li>Maximum Current<\/li>\n<li>Current Limit Error<\/li>\n<li>Number of Drops (N drops)<\/li>\n<li>Time Between Drops<\/li>\n<li>Maximum Duration of Fault Current<\/li>\n<li>Report Number<\/li>\n<li>Customer Name<\/li>\n<\/ul>\n<p>After adjusting all test parameters, click the <strong>Test<\/strong> button. The system will perform the following steps:<\/p>\n<ol>\n<li>Operate the relay to short-circuit the electrodes and measure the current.<\/li>\n<li>Increase the voltage between the electrodes until it reaches the set voltage.<\/li>\n<li>Increase the current until it reaches the set maximum current on this screen.<\/li>\n<li>Close the short-circuit relay.<\/li>\n<li>Begin dropping droplets at specific intervals.<\/li>\n<li>Measure the current and voltage for each droplet.<\/li>\n<\/ol>\n<hr \/>\n<p>For <strong>CTI Test Device<\/strong> orders or detailed inquiries, please feel free to <strong><a href=\"mailto:info@ulmeka.com\">contact us<\/a><\/strong>.<\/p>\n","protected":false},"excerpt":{"rendered":"<p>Comparative Tracking Index (CTI) Test Device The Comparative Tracking Index (CTI) Test Device is used to determine the tracking resistance<\/p>\n","protected":false},"featured_media":10442,"template":"","meta":[],"product_brand":[],"product_cat":[231,254,256,259,267,271],"product_tag":[],"class_list":{"0":"post-10783","1":"product","2":"type-product","3":"status-publish","4":"has-post-thumbnail","6":"product_cat-test-equipment","7":"product_cat-en-60065-iec-60065-en","8":"product_cat-en-60112-iec-60112-en","9":"product_cat-en-60335-iec-60335-en","10":"product_cat-en-60745-iec-60745-en","11":"product_cat-en-61029-iec-61029-en","13":"first","14":"instock","15":"shipping-taxable","16":"product-type-simple"},"yoast_head":"<!-- This site is optimized with the Yoast SEO plugin v24.3 - https:\/\/yoast.com\/wordpress\/plugins\/seo\/ -->\n<title>Comparative Tracking Index (CTI) Test Device - Ulmeka Mechatronics<\/title>\n<meta name=\"robots\" content=\"index, follow, max-snippet:-1, max-image-preview:large, max-video-preview:-1\" \/>\n<link rel=\"canonical\" href=\"https:\/\/ulmeka.com\/en\/urun\/comparative-tracking-index-cti-test-device\/\" \/>\n<meta property=\"og:locale\" content=\"en_US\" \/>\n<meta property=\"og:type\" content=\"article\" \/>\n<meta property=\"og:title\" content=\"Comparative Tracking Index (CTI) Test Device - Ulmeka Mechatronics\" \/>\n<meta property=\"og:description\" content=\"Comparative Tracking Index (CTI) Test Device The Comparative Tracking Index (CTI) Test Device is used to determine the tracking resistance\" \/>\n<meta property=\"og:url\" content=\"https:\/\/ulmeka.com\/en\/urun\/comparative-tracking-index-cti-test-device\/\" \/>\n<meta property=\"og:site_name\" content=\"Ulmeka Mechatronics\" \/>\n<meta property=\"article:publisher\" content=\"https:\/\/www.facebook.com\/ulmekamekatronik\" \/>\n<meta property=\"article:modified_time\" content=\"2025-01-23T08:40:28+00:00\" \/>\n<meta property=\"og:image\" content=\"https:\/\/ulmeka.com\/wp-content\/uploads\/2023\/09\/Cti-Tracking-Device.jpg\" \/>\n\t<meta property=\"og:image:width\" content=\"1000\" \/>\n\t<meta property=\"og:image:height\" content=\"1000\" \/>\n\t<meta property=\"og:image:type\" content=\"image\/jpeg\" \/>\n<meta name=\"twitter:card\" content=\"summary_large_image\" \/>\n<meta name=\"twitter:label1\" content=\"Est. reading time\" \/>\n\t<meta name=\"twitter:data1\" content=\"2 minutes\" \/>\n<script type=\"application\/ld+json\" class=\"yoast-schema-graph\">{\"@context\":\"https:\/\/schema.org\",\"@graph\":[{\"@type\":\"WebPage\",\"@id\":\"https:\/\/ulmeka.com\/en\/urun\/comparative-tracking-index-cti-test-device\/\",\"url\":\"https:\/\/ulmeka.com\/en\/urun\/comparative-tracking-index-cti-test-device\/\",\"name\":\"Comparative Tracking Index (CTI) Test Device - Ulmeka Mechatronics\",\"isPartOf\":{\"@id\":\"https:\/\/ulmeka.com\/en\/#website\"},\"primaryImageOfPage\":{\"@id\":\"https:\/\/ulmeka.com\/en\/urun\/comparative-tracking-index-cti-test-device\/#primaryimage\"},\"image\":{\"@id\":\"https:\/\/ulmeka.com\/en\/urun\/comparative-tracking-index-cti-test-device\/#primaryimage\"},\"thumbnailUrl\":\"https:\/\/ulmeka.com\/wp-content\/uploads\/2023\/09\/Cti-Tracking-Device.jpg\",\"datePublished\":\"2023-09-22T11:46:36+00:00\",\"dateModified\":\"2025-01-23T08:40:28+00:00\",\"breadcrumb\":{\"@id\":\"https:\/\/ulmeka.com\/en\/urun\/comparative-tracking-index-cti-test-device\/#breadcrumb\"},\"inLanguage\":\"en-US\",\"potentialAction\":[{\"@type\":\"ReadAction\",\"target\":[\"https:\/\/ulmeka.com\/en\/urun\/comparative-tracking-index-cti-test-device\/\"]}]},{\"@type\":\"ImageObject\",\"inLanguage\":\"en-US\",\"@id\":\"https:\/\/ulmeka.com\/en\/urun\/comparative-tracking-index-cti-test-device\/#primaryimage\",\"url\":\"https:\/\/ulmeka.com\/wp-content\/uploads\/2023\/09\/Cti-Tracking-Device.jpg\",\"contentUrl\":\"https:\/\/ulmeka.com\/wp-content\/uploads\/2023\/09\/Cti-Tracking-Device.jpg\",\"width\":1000,\"height\":1000},{\"@type\":\"BreadcrumbList\",\"@id\":\"https:\/\/ulmeka.com\/en\/urun\/comparative-tracking-index-cti-test-device\/#breadcrumb\",\"itemListElement\":[{\"@type\":\"ListItem\",\"position\":1,\"name\":\"Homepage\",\"item\":\"https:\/\/ulmeka.com\/en\/\"},{\"@type\":\"ListItem\",\"position\":2,\"name\":\"Shop\",\"item\":\"https:\/\/ulmeka.com\/en\/?page_id=10392\"},{\"@type\":\"ListItem\",\"position\":3,\"name\":\"Comparative Tracking Index (CTI) Test Device\"}]},{\"@type\":\"WebSite\",\"@id\":\"https:\/\/ulmeka.com\/en\/#website\",\"url\":\"https:\/\/ulmeka.com\/en\/\",\"name\":\"Ulmeka Mekatronik - Test Cihazlar\u0131\",\"description\":\"Test Makinalar\u0131 - \u00d6zel Makina \u0130malat\u0131 - Otomasyon - Yaz\u0131l\u0131m - Makina Otomasyonu\",\"publisher\":{\"@id\":\"https:\/\/ulmeka.com\/en\/#organization\"},\"potentialAction\":[{\"@type\":\"SearchAction\",\"target\":{\"@type\":\"EntryPoint\",\"urlTemplate\":\"https:\/\/ulmeka.com\/en\/?s={search_term_string}\"},\"query-input\":{\"@type\":\"PropertyValueSpecification\",\"valueRequired\":true,\"valueName\":\"search_term_string\"}}],\"inLanguage\":\"en-US\"},{\"@type\":\"Organization\",\"@id\":\"https:\/\/ulmeka.com\/en\/#organization\",\"name\":\"Ulmeka Mechatronics - Test Equipment\",\"url\":\"https:\/\/ulmeka.com\/en\/\",\"logo\":{\"@type\":\"ImageObject\",\"inLanguage\":\"en-US\",\"@id\":\"https:\/\/ulmeka.com\/en\/#\/schema\/logo\/image\/\",\"url\":\"https:\/\/ulmeka.com\/wp-content\/uploads\/2023\/09\/ulmeka-logo.webp\",\"contentUrl\":\"https:\/\/ulmeka.com\/wp-content\/uploads\/2023\/09\/ulmeka-logo.webp\",\"width\":1427,\"height\":385,\"caption\":\"Ulmeka Mechatronics - Test Equipment\"},\"image\":{\"@id\":\"https:\/\/ulmeka.com\/en\/#\/schema\/logo\/image\/\"},\"sameAs\":[\"https:\/\/www.facebook.com\/ulmekamekatronik\"]}]}<\/script>\n<!-- \/ Yoast SEO plugin. -->","yoast_head_json":{"title":"Comparative Tracking Index (CTI) Test Device - Ulmeka Mechatronics","robots":{"index":"index","follow":"follow","max-snippet":"max-snippet:-1","max-image-preview":"max-image-preview:large","max-video-preview":"max-video-preview:-1"},"canonical":"https:\/\/ulmeka.com\/en\/urun\/comparative-tracking-index-cti-test-device\/","og_locale":"en_US","og_type":"article","og_title":"Comparative Tracking Index (CTI) Test Device - Ulmeka Mechatronics","og_description":"Comparative Tracking Index (CTI) Test Device The Comparative Tracking Index (CTI) Test Device is used to determine the tracking resistance","og_url":"https:\/\/ulmeka.com\/en\/urun\/comparative-tracking-index-cti-test-device\/","og_site_name":"Ulmeka Mechatronics","article_publisher":"https:\/\/www.facebook.com\/ulmekamekatronik","article_modified_time":"2025-01-23T08:40:28+00:00","og_image":[{"width":1000,"height":1000,"url":"https:\/\/ulmeka.com\/wp-content\/uploads\/2023\/09\/Cti-Tracking-Device.jpg","type":"image\/jpeg"}],"twitter_card":"summary_large_image","twitter_misc":{"Est. reading time":"2 minutes"},"schema":{"@context":"https:\/\/schema.org","@graph":[{"@type":"WebPage","@id":"https:\/\/ulmeka.com\/en\/urun\/comparative-tracking-index-cti-test-device\/","url":"https:\/\/ulmeka.com\/en\/urun\/comparative-tracking-index-cti-test-device\/","name":"Comparative Tracking Index (CTI) Test Device - Ulmeka Mechatronics","isPartOf":{"@id":"https:\/\/ulmeka.com\/en\/#website"},"primaryImageOfPage":{"@id":"https:\/\/ulmeka.com\/en\/urun\/comparative-tracking-index-cti-test-device\/#primaryimage"},"image":{"@id":"https:\/\/ulmeka.com\/en\/urun\/comparative-tracking-index-cti-test-device\/#primaryimage"},"thumbnailUrl":"https:\/\/ulmeka.com\/wp-content\/uploads\/2023\/09\/Cti-Tracking-Device.jpg","datePublished":"2023-09-22T11:46:36+00:00","dateModified":"2025-01-23T08:40:28+00:00","breadcrumb":{"@id":"https:\/\/ulmeka.com\/en\/urun\/comparative-tracking-index-cti-test-device\/#breadcrumb"},"inLanguage":"en-US","potentialAction":[{"@type":"ReadAction","target":["https:\/\/ulmeka.com\/en\/urun\/comparative-tracking-index-cti-test-device\/"]}]},{"@type":"ImageObject","inLanguage":"en-US","@id":"https:\/\/ulmeka.com\/en\/urun\/comparative-tracking-index-cti-test-device\/#primaryimage","url":"https:\/\/ulmeka.com\/wp-content\/uploads\/2023\/09\/Cti-Tracking-Device.jpg","contentUrl":"https:\/\/ulmeka.com\/wp-content\/uploads\/2023\/09\/Cti-Tracking-Device.jpg","width":1000,"height":1000},{"@type":"BreadcrumbList","@id":"https:\/\/ulmeka.com\/en\/urun\/comparative-tracking-index-cti-test-device\/#breadcrumb","itemListElement":[{"@type":"ListItem","position":1,"name":"Homepage","item":"https:\/\/ulmeka.com\/en\/"},{"@type":"ListItem","position":2,"name":"Shop","item":"https:\/\/ulmeka.com\/en\/?page_id=10392"},{"@type":"ListItem","position":3,"name":"Comparative Tracking Index (CTI) Test Device"}]},{"@type":"WebSite","@id":"https:\/\/ulmeka.com\/en\/#website","url":"https:\/\/ulmeka.com\/en\/","name":"Ulmeka Mekatronik - Test Cihazlar\u0131","description":"Test Makinalar\u0131 - \u00d6zel Makina \u0130malat\u0131 - Otomasyon - Yaz\u0131l\u0131m - Makina Otomasyonu","publisher":{"@id":"https:\/\/ulmeka.com\/en\/#organization"},"potentialAction":[{"@type":"SearchAction","target":{"@type":"EntryPoint","urlTemplate":"https:\/\/ulmeka.com\/en\/?s={search_term_string}"},"query-input":{"@type":"PropertyValueSpecification","valueRequired":true,"valueName":"search_term_string"}}],"inLanguage":"en-US"},{"@type":"Organization","@id":"https:\/\/ulmeka.com\/en\/#organization","name":"Ulmeka Mechatronics - Test Equipment","url":"https:\/\/ulmeka.com\/en\/","logo":{"@type":"ImageObject","inLanguage":"en-US","@id":"https:\/\/ulmeka.com\/en\/#\/schema\/logo\/image\/","url":"https:\/\/ulmeka.com\/wp-content\/uploads\/2023\/09\/ulmeka-logo.webp","contentUrl":"https:\/\/ulmeka.com\/wp-content\/uploads\/2023\/09\/ulmeka-logo.webp","width":1427,"height":385,"caption":"Ulmeka Mechatronics - Test Equipment"},"image":{"@id":"https:\/\/ulmeka.com\/en\/#\/schema\/logo\/image\/"},"sameAs":["https:\/\/www.facebook.com\/ulmekamekatronik"]}]}},"jetpack_sharing_enabled":true,"_links":{"self":[{"href":"https:\/\/ulmeka.com\/en\/wp-json\/wp\/v2\/product\/10783","targetHints":{"allow":["GET"]}}],"collection":[{"href":"https:\/\/ulmeka.com\/en\/wp-json\/wp\/v2\/product"}],"about":[{"href":"https:\/\/ulmeka.com\/en\/wp-json\/wp\/v2\/types\/product"}],"version-history":[{"count":1,"href":"https:\/\/ulmeka.com\/en\/wp-json\/wp\/v2\/product\/10783\/revisions"}],"predecessor-version":[{"id":10784,"href":"https:\/\/ulmeka.com\/en\/wp-json\/wp\/v2\/product\/10783\/revisions\/10784"}],"wp:featuredmedia":[{"embeddable":true,"href":"https:\/\/ulmeka.com\/en\/wp-json\/wp\/v2\/media\/10442"}],"wp:attachment":[{"href":"https:\/\/ulmeka.com\/en\/wp-json\/wp\/v2\/media?parent=10783"}],"wp:term":[{"taxonomy":"product_brand","embeddable":true,"href":"https:\/\/ulmeka.com\/en\/wp-json\/wp\/v2\/product_brand?post=10783"},{"taxonomy":"product_cat","embeddable":true,"href":"https:\/\/ulmeka.com\/en\/wp-json\/wp\/v2\/product_cat?post=10783"},{"taxonomy":"product_tag","embeddable":true,"href":"https:\/\/ulmeka.com\/en\/wp-json\/wp\/v2\/product_tag?post=10783"}],"curies":[{"name":"wp","href":"https:\/\/api.w.org\/{rel}","templated":true}]}}