{"id":10777,"date":"2023-09-22T14:46:37","date_gmt":"2023-09-22T11:46:37","guid":{"rendered":"https:\/\/ulmeka.com\/urun\/ip-test-probe-b-jointed-test-finger\/"},"modified":"2025-01-23T11:38:02","modified_gmt":"2025-01-23T08:38:02","slug":"ip-test-probe-b-jointed-test-finger","status":"publish","type":"product","link":"https:\/\/ulmeka.com\/en\/urun\/ip-test-probe-b-jointed-test-finger\/","title":{"rendered":"IP Test Probe B (Jointed Test Finger)"},"content":{"rendered":"<h3><strong>IP Test Probe B (Jointed Test Finger)<\/strong><\/h3>\n<p><strong>IP Test Probe B (Jointed Test Finger)<\/strong> is an essential tool used to verify the basic protection against access to hazardous parts. It is also employed to test access protection via a finger-like probe, making it critical for safety testing of electrical devices.<\/p>\n<hr \/>\n<h3><strong>Applicable Standards<\/strong>:<\/h3>\n<ul>\n<li><strong>IEC 61032, Section 6.1.2.b, Figure 2<\/strong>: This standard defines the required dimensions and shape of the test probe.<\/li>\n<li><strong>EN\/IEC 60950-1, Figure 2a<\/strong>: Specifies the use of this probe for the safety of electronic equipment.<\/li>\n<li><strong>UL 1278, Figure 8.4<\/strong>: Describes the design and functionality of the test probe used to test access to hazardous parts of devices.<\/li>\n<\/ul>\n<hr \/>\n<p>For <strong>orders<\/strong> or <strong>detailed information<\/strong> about <strong>IP Test Probe B<\/strong>, or if you have any questions, please feel free to <a href=\"mailto:info@ulmeka.com\"><strong>contact us<\/strong><\/a>!<\/p>\n","protected":false},"excerpt":{"rendered":"<p>IP Test Probe B (Jointed Test Finger) IP Test Probe B (Jointed Test Finger) is an essential tool used to<\/p>\n","protected":false},"featured_media":10448,"template":"","meta":[],"product_brand":[],"product_cat":[253,259,261,269,270,272,276,240,282],"product_tag":[],"class_list":{"0":"post-10777","1":"product","2":"type-product","3":"status-publish","4":"has-post-thumbnail","6":"product_cat-en-60045-iec-60045-en","7":"product_cat-en-60335-iec-60335-en","8":"product_cat-en-60529-iec-60529-en","9":"product_cat-en-60884-iec-60884-en","10":"product_cat-en-60950-iec-60950-en","11":"product_cat-en-61032-iec-61032-en","12":"product_cat-en-69745-iec-69745-en","13":"product_cat-ip-test-equipment","14":"product_cat-test-probes","16":"first","17":"instock","18":"shipping-taxable","19":"product-type-simple"},"yoast_head":"<!-- This site is optimized with the Yoast SEO plugin v24.3 - https:\/\/yoast.com\/wordpress\/plugins\/seo\/ -->\n<title>IP Test Probe B (Jointed Test Finger) - Ulmeka Mechatronics<\/title>\n<meta name=\"robots\" content=\"index, follow, max-snippet:-1, max-image-preview:large, max-video-preview:-1\" \/>\n<link rel=\"canonical\" href=\"https:\/\/ulmeka.com\/en\/urun\/ip-test-probe-b-jointed-test-finger\/\" \/>\n<meta property=\"og:locale\" content=\"en_US\" \/>\n<meta property=\"og:type\" content=\"article\" \/>\n<meta property=\"og:title\" content=\"IP Test Probe B (Jointed Test Finger) - Ulmeka Mechatronics\" \/>\n<meta property=\"og:description\" content=\"IP Test Probe B (Jointed Test Finger) IP Test Probe B (Jointed Test Finger) is an essential tool used to\" \/>\n<meta property=\"og:url\" content=\"https:\/\/ulmeka.com\/en\/urun\/ip-test-probe-b-jointed-test-finger\/\" \/>\n<meta property=\"og:site_name\" content=\"Ulmeka Mechatronics\" \/>\n<meta property=\"article:publisher\" content=\"https:\/\/www.facebook.com\/ulmekamekatronik\" \/>\n<meta property=\"article:modified_time\" content=\"2025-01-23T08:38:02+00:00\" \/>\n<meta property=\"og:image\" content=\"https:\/\/ulmeka.com\/wp-content\/uploads\/2023\/09\/ip-test-probe-B-Jointed-test-finger.jpg\" \/>\n\t<meta property=\"og:image:width\" content=\"1000\" \/>\n\t<meta property=\"og:image:height\" content=\"1000\" \/>\n\t<meta property=\"og:image:type\" content=\"image\/jpeg\" \/>\n<meta name=\"twitter:card\" content=\"summary_large_image\" \/>\n<meta name=\"twitter:label1\" content=\"Est. reading time\" \/>\n\t<meta name=\"twitter:data1\" content=\"1 minute\" \/>\n<script type=\"application\/ld+json\" class=\"yoast-schema-graph\">{\"@context\":\"https:\/\/schema.org\",\"@graph\":[{\"@type\":\"WebPage\",\"@id\":\"https:\/\/ulmeka.com\/en\/urun\/ip-test-probe-b-jointed-test-finger\/\",\"url\":\"https:\/\/ulmeka.com\/en\/urun\/ip-test-probe-b-jointed-test-finger\/\",\"name\":\"IP Test Probe B (Jointed Test Finger) - Ulmeka Mechatronics\",\"isPartOf\":{\"@id\":\"https:\/\/ulmeka.com\/en\/#website\"},\"primaryImageOfPage\":{\"@id\":\"https:\/\/ulmeka.com\/en\/urun\/ip-test-probe-b-jointed-test-finger\/#primaryimage\"},\"image\":{\"@id\":\"https:\/\/ulmeka.com\/en\/urun\/ip-test-probe-b-jointed-test-finger\/#primaryimage\"},\"thumbnailUrl\":\"https:\/\/ulmeka.com\/wp-content\/uploads\/2023\/09\/ip-test-probe-B-Jointed-test-finger.jpg\",\"datePublished\":\"2023-09-22T11:46:37+00:00\",\"dateModified\":\"2025-01-23T08:38:02+00:00\",\"breadcrumb\":{\"@id\":\"https:\/\/ulmeka.com\/en\/urun\/ip-test-probe-b-jointed-test-finger\/#breadcrumb\"},\"inLanguage\":\"en-US\",\"potentialAction\":[{\"@type\":\"ReadAction\",\"target\":[\"https:\/\/ulmeka.com\/en\/urun\/ip-test-probe-b-jointed-test-finger\/\"]}]},{\"@type\":\"ImageObject\",\"inLanguage\":\"en-US\",\"@id\":\"https:\/\/ulmeka.com\/en\/urun\/ip-test-probe-b-jointed-test-finger\/#primaryimage\",\"url\":\"https:\/\/ulmeka.com\/wp-content\/uploads\/2023\/09\/ip-test-probe-B-Jointed-test-finger.jpg\",\"contentUrl\":\"https:\/\/ulmeka.com\/wp-content\/uploads\/2023\/09\/ip-test-probe-B-Jointed-test-finger.jpg\",\"width\":1000,\"height\":1000},{\"@type\":\"BreadcrumbList\",\"@id\":\"https:\/\/ulmeka.com\/en\/urun\/ip-test-probe-b-jointed-test-finger\/#breadcrumb\",\"itemListElement\":[{\"@type\":\"ListItem\",\"position\":1,\"name\":\"Homepage\",\"item\":\"https:\/\/ulmeka.com\/en\/\"},{\"@type\":\"ListItem\",\"position\":2,\"name\":\"Shop\",\"item\":\"https:\/\/ulmeka.com\/en\/?page_id=10392\"},{\"@type\":\"ListItem\",\"position\":3,\"name\":\"IP Test Probe B (Jointed Test Finger)\"}]},{\"@type\":\"WebSite\",\"@id\":\"https:\/\/ulmeka.com\/en\/#website\",\"url\":\"https:\/\/ulmeka.com\/en\/\",\"name\":\"Ulmeka Mekatronik - Test Cihazlar\u0131\",\"description\":\"Test Makinalar\u0131 - \u00d6zel Makina \u0130malat\u0131 - Otomasyon - Yaz\u0131l\u0131m - Makina Otomasyonu\",\"publisher\":{\"@id\":\"https:\/\/ulmeka.com\/en\/#organization\"},\"potentialAction\":[{\"@type\":\"SearchAction\",\"target\":{\"@type\":\"EntryPoint\",\"urlTemplate\":\"https:\/\/ulmeka.com\/en\/?s={search_term_string}\"},\"query-input\":{\"@type\":\"PropertyValueSpecification\",\"valueRequired\":true,\"valueName\":\"search_term_string\"}}],\"inLanguage\":\"en-US\"},{\"@type\":\"Organization\",\"@id\":\"https:\/\/ulmeka.com\/en\/#organization\",\"name\":\"Ulmeka Mechatronics - Test Equipment\",\"url\":\"https:\/\/ulmeka.com\/en\/\",\"logo\":{\"@type\":\"ImageObject\",\"inLanguage\":\"en-US\",\"@id\":\"https:\/\/ulmeka.com\/en\/#\/schema\/logo\/image\/\",\"url\":\"https:\/\/ulmeka.com\/wp-content\/uploads\/2023\/09\/ulmeka-logo.webp\",\"contentUrl\":\"https:\/\/ulmeka.com\/wp-content\/uploads\/2023\/09\/ulmeka-logo.webp\",\"width\":1427,\"height\":385,\"caption\":\"Ulmeka Mechatronics - Test Equipment\"},\"image\":{\"@id\":\"https:\/\/ulmeka.com\/en\/#\/schema\/logo\/image\/\"},\"sameAs\":[\"https:\/\/www.facebook.com\/ulmekamekatronik\"]}]}<\/script>\n<!-- \/ Yoast SEO plugin. -->","yoast_head_json":{"title":"IP Test Probe B (Jointed Test Finger) - Ulmeka Mechatronics","robots":{"index":"index","follow":"follow","max-snippet":"max-snippet:-1","max-image-preview":"max-image-preview:large","max-video-preview":"max-video-preview:-1"},"canonical":"https:\/\/ulmeka.com\/en\/urun\/ip-test-probe-b-jointed-test-finger\/","og_locale":"en_US","og_type":"article","og_title":"IP Test Probe B (Jointed Test Finger) - Ulmeka Mechatronics","og_description":"IP Test Probe B (Jointed Test Finger) IP Test Probe B (Jointed Test Finger) is an essential tool used to","og_url":"https:\/\/ulmeka.com\/en\/urun\/ip-test-probe-b-jointed-test-finger\/","og_site_name":"Ulmeka Mechatronics","article_publisher":"https:\/\/www.facebook.com\/ulmekamekatronik","article_modified_time":"2025-01-23T08:38:02+00:00","og_image":[{"width":1000,"height":1000,"url":"https:\/\/ulmeka.com\/wp-content\/uploads\/2023\/09\/ip-test-probe-B-Jointed-test-finger.jpg","type":"image\/jpeg"}],"twitter_card":"summary_large_image","twitter_misc":{"Est. reading time":"1 minute"},"schema":{"@context":"https:\/\/schema.org","@graph":[{"@type":"WebPage","@id":"https:\/\/ulmeka.com\/en\/urun\/ip-test-probe-b-jointed-test-finger\/","url":"https:\/\/ulmeka.com\/en\/urun\/ip-test-probe-b-jointed-test-finger\/","name":"IP Test Probe B (Jointed Test Finger) - Ulmeka Mechatronics","isPartOf":{"@id":"https:\/\/ulmeka.com\/en\/#website"},"primaryImageOfPage":{"@id":"https:\/\/ulmeka.com\/en\/urun\/ip-test-probe-b-jointed-test-finger\/#primaryimage"},"image":{"@id":"https:\/\/ulmeka.com\/en\/urun\/ip-test-probe-b-jointed-test-finger\/#primaryimage"},"thumbnailUrl":"https:\/\/ulmeka.com\/wp-content\/uploads\/2023\/09\/ip-test-probe-B-Jointed-test-finger.jpg","datePublished":"2023-09-22T11:46:37+00:00","dateModified":"2025-01-23T08:38:02+00:00","breadcrumb":{"@id":"https:\/\/ulmeka.com\/en\/urun\/ip-test-probe-b-jointed-test-finger\/#breadcrumb"},"inLanguage":"en-US","potentialAction":[{"@type":"ReadAction","target":["https:\/\/ulmeka.com\/en\/urun\/ip-test-probe-b-jointed-test-finger\/"]}]},{"@type":"ImageObject","inLanguage":"en-US","@id":"https:\/\/ulmeka.com\/en\/urun\/ip-test-probe-b-jointed-test-finger\/#primaryimage","url":"https:\/\/ulmeka.com\/wp-content\/uploads\/2023\/09\/ip-test-probe-B-Jointed-test-finger.jpg","contentUrl":"https:\/\/ulmeka.com\/wp-content\/uploads\/2023\/09\/ip-test-probe-B-Jointed-test-finger.jpg","width":1000,"height":1000},{"@type":"BreadcrumbList","@id":"https:\/\/ulmeka.com\/en\/urun\/ip-test-probe-b-jointed-test-finger\/#breadcrumb","itemListElement":[{"@type":"ListItem","position":1,"name":"Homepage","item":"https:\/\/ulmeka.com\/en\/"},{"@type":"ListItem","position":2,"name":"Shop","item":"https:\/\/ulmeka.com\/en\/?page_id=10392"},{"@type":"ListItem","position":3,"name":"IP Test Probe B (Jointed Test Finger)"}]},{"@type":"WebSite","@id":"https:\/\/ulmeka.com\/en\/#website","url":"https:\/\/ulmeka.com\/en\/","name":"Ulmeka Mekatronik - Test Cihazlar\u0131","description":"Test Makinalar\u0131 - \u00d6zel Makina \u0130malat\u0131 - Otomasyon - Yaz\u0131l\u0131m - Makina Otomasyonu","publisher":{"@id":"https:\/\/ulmeka.com\/en\/#organization"},"potentialAction":[{"@type":"SearchAction","target":{"@type":"EntryPoint","urlTemplate":"https:\/\/ulmeka.com\/en\/?s={search_term_string}"},"query-input":{"@type":"PropertyValueSpecification","valueRequired":true,"valueName":"search_term_string"}}],"inLanguage":"en-US"},{"@type":"Organization","@id":"https:\/\/ulmeka.com\/en\/#organization","name":"Ulmeka Mechatronics - Test Equipment","url":"https:\/\/ulmeka.com\/en\/","logo":{"@type":"ImageObject","inLanguage":"en-US","@id":"https:\/\/ulmeka.com\/en\/#\/schema\/logo\/image\/","url":"https:\/\/ulmeka.com\/wp-content\/uploads\/2023\/09\/ulmeka-logo.webp","contentUrl":"https:\/\/ulmeka.com\/wp-content\/uploads\/2023\/09\/ulmeka-logo.webp","width":1427,"height":385,"caption":"Ulmeka Mechatronics - Test Equipment"},"image":{"@id":"https:\/\/ulmeka.com\/en\/#\/schema\/logo\/image\/"},"sameAs":["https:\/\/www.facebook.com\/ulmekamekatronik"]}]}},"jetpack_sharing_enabled":true,"_links":{"self":[{"href":"https:\/\/ulmeka.com\/en\/wp-json\/wp\/v2\/product\/10777","targetHints":{"allow":["GET"]}}],"collection":[{"href":"https:\/\/ulmeka.com\/en\/wp-json\/wp\/v2\/product"}],"about":[{"href":"https:\/\/ulmeka.com\/en\/wp-json\/wp\/v2\/types\/product"}],"version-history":[{"count":1,"href":"https:\/\/ulmeka.com\/en\/wp-json\/wp\/v2\/product\/10777\/revisions"}],"predecessor-version":[{"id":10778,"href":"https:\/\/ulmeka.com\/en\/wp-json\/wp\/v2\/product\/10777\/revisions\/10778"}],"wp:featuredmedia":[{"embeddable":true,"href":"https:\/\/ulmeka.com\/en\/wp-json\/wp\/v2\/media\/10448"}],"wp:attachment":[{"href":"https:\/\/ulmeka.com\/en\/wp-json\/wp\/v2\/media?parent=10777"}],"wp:term":[{"taxonomy":"product_brand","embeddable":true,"href":"https:\/\/ulmeka.com\/en\/wp-json\/wp\/v2\/product_brand?post=10777"},{"taxonomy":"product_cat","embeddable":true,"href":"https:\/\/ulmeka.com\/en\/wp-json\/wp\/v2\/product_cat?post=10777"},{"taxonomy":"product_tag","embeddable":true,"href":"https:\/\/ulmeka.com\/en\/wp-json\/wp\/v2\/product_tag?post=10777"}],"curies":[{"name":"wp","href":"https:\/\/api.w.org\/{rel}","templated":true}]}}