{"id":10773,"date":"2023-09-22T14:46:37","date_gmt":"2023-09-22T11:46:37","guid":{"rendered":"https:\/\/ulmeka.com\/urun\/ip-test-probe-11\/"},"modified":"2025-01-23T11:35:50","modified_gmt":"2025-01-23T08:35:50","slug":"ip-test-probe-11","status":"publish","type":"product","link":"https:\/\/ulmeka.com\/en\/urun\/ip-test-probe-11\/","title":{"rendered":"IP Test Probe 11"},"content":{"rendered":"<h3><strong>IP Test Probe 11<\/strong><\/h3>\n<p><strong>IP Test Probe 11<\/strong> is designed in accordance with the <strong>IEC 61032<\/strong> standard and is used for electrical safety testing. This probe is specifically developed to simulate a human finger and is used to assess whether protective measures are in place to prevent access to live parts of electrical equipment.<\/p>\n<hr \/>\n<h3><strong>IP Test Probe 11 Specifications<\/strong>:<\/h3>\n<ul>\n<li><strong>Length<\/strong>: 80 mm<\/li>\n<li><strong>Diameter<\/strong>: 12 mm (simulates a human finger)<\/li>\n<li><strong>Material<\/strong>: Stainless steel, with optional chrome coating for enhanced durability.<\/li>\n<li><strong>Pressure Force<\/strong>: Adjustable between 10N and 75N to meet various testing requirements.<\/li>\n<li><strong>Additional Features<\/strong>:\n<ul>\n<li>Dual 50 mm diameter polyamide washers.<\/li>\n<li>4 mm connection socket for accurate measurements.<\/li>\n<\/ul>\n<\/li>\n<\/ul>\n<hr \/>\n<h3><strong>Applicable Standards<\/strong>:<\/h3>\n<ul>\n<li><strong>IEC 61032<\/strong>: The test probe simulates a finger to ensure safety in electrical devices and verifies that access to live parts is prevented.<\/li>\n<li><strong>EN 60335-1<\/strong>: Used for testing mechanical strength and safety of accessible parts in household appliances.<\/li>\n<li><strong>TSE<\/strong>: Meets the <strong>TS EN 60335-2-36<\/strong>, <strong>TS EN 60335-2-38<\/strong>, and <strong>TS EN 60335-2-12<\/strong> standards.<\/li>\n<li><strong>UL (Underwriters Laboratories)<\/strong>: Suitable for use in UL certified test devices to ensure safety from access to live components.<\/li>\n<\/ul>\n<hr \/>\n<p>For <strong>orders<\/strong> or more detailed information regarding <strong>IP Test Probe 11<\/strong>, feel free to <a href=\"mailto:info@ulmeka.com\"><strong>contact us<\/strong><\/a>!<\/p>\n","protected":false},"excerpt":{"rendered":"<p>IP Test Probe 11 IP Test Probe 11 is designed in accordance with the IEC 61032 standard and is used<\/p>\n","protected":false},"featured_media":10452,"template":"","meta":[],"product_brand":[],"product_cat":[254,259,269,272,240,282],"product_tag":[],"class_list":{"0":"post-10773","1":"product","2":"type-product","3":"status-publish","4":"has-post-thumbnail","6":"product_cat-en-60065-iec-60065-en","7":"product_cat-en-60335-iec-60335-en","8":"product_cat-en-60884-iec-60884-en","9":"product_cat-en-61032-iec-61032-en","10":"product_cat-ip-test-equipment","11":"product_cat-test-probes","13":"first","14":"instock","15":"shipping-taxable","16":"product-type-simple"},"yoast_head":"<!-- This site is optimized with the Yoast SEO plugin v24.3 - https:\/\/yoast.com\/wordpress\/plugins\/seo\/ -->\n<title>IP Test Probe 11 - Ulmeka Mechatronics<\/title>\n<meta name=\"robots\" content=\"index, follow, max-snippet:-1, max-image-preview:large, max-video-preview:-1\" \/>\n<link rel=\"canonical\" href=\"https:\/\/ulmeka.com\/en\/urun\/ip-test-probe-11\/\" \/>\n<meta property=\"og:locale\" content=\"en_US\" \/>\n<meta property=\"og:type\" content=\"article\" \/>\n<meta property=\"og:title\" content=\"IP Test Probe 11 - Ulmeka Mechatronics\" \/>\n<meta property=\"og:description\" content=\"IP Test Probe 11 IP Test Probe 11 is designed in accordance with the IEC 61032 standard and is used\" \/>\n<meta property=\"og:url\" content=\"https:\/\/ulmeka.com\/en\/urun\/ip-test-probe-11\/\" \/>\n<meta property=\"og:site_name\" content=\"Ulmeka Mechatronics\" \/>\n<meta property=\"article:publisher\" content=\"https:\/\/www.facebook.com\/ulmekamekatronik\" \/>\n<meta property=\"article:modified_time\" content=\"2025-01-23T08:35:50+00:00\" \/>\n<meta property=\"og:image\" content=\"https:\/\/ulmeka.com\/wp-content\/uploads\/2023\/09\/ip-test-probe-11-Rigid-test-probe.jpg\" \/>\n\t<meta property=\"og:image:width\" content=\"1000\" \/>\n\t<meta property=\"og:image:height\" content=\"1000\" \/>\n\t<meta property=\"og:image:type\" content=\"image\/jpeg\" \/>\n<meta name=\"twitter:card\" content=\"summary_large_image\" \/>\n<meta name=\"twitter:label1\" content=\"Est. reading time\" \/>\n\t<meta name=\"twitter:data1\" content=\"2 minutes\" \/>\n<script type=\"application\/ld+json\" class=\"yoast-schema-graph\">{\"@context\":\"https:\/\/schema.org\",\"@graph\":[{\"@type\":\"WebPage\",\"@id\":\"https:\/\/ulmeka.com\/en\/urun\/ip-test-probe-11\/\",\"url\":\"https:\/\/ulmeka.com\/en\/urun\/ip-test-probe-11\/\",\"name\":\"IP Test Probe 11 - Ulmeka Mechatronics\",\"isPartOf\":{\"@id\":\"https:\/\/ulmeka.com\/en\/#website\"},\"primaryImageOfPage\":{\"@id\":\"https:\/\/ulmeka.com\/en\/urun\/ip-test-probe-11\/#primaryimage\"},\"image\":{\"@id\":\"https:\/\/ulmeka.com\/en\/urun\/ip-test-probe-11\/#primaryimage\"},\"thumbnailUrl\":\"https:\/\/ulmeka.com\/wp-content\/uploads\/2023\/09\/ip-test-probe-11-Rigid-test-probe.jpg\",\"datePublished\":\"2023-09-22T11:46:37+00:00\",\"dateModified\":\"2025-01-23T08:35:50+00:00\",\"breadcrumb\":{\"@id\":\"https:\/\/ulmeka.com\/en\/urun\/ip-test-probe-11\/#breadcrumb\"},\"inLanguage\":\"en-US\",\"potentialAction\":[{\"@type\":\"ReadAction\",\"target\":[\"https:\/\/ulmeka.com\/en\/urun\/ip-test-probe-11\/\"]}]},{\"@type\":\"ImageObject\",\"inLanguage\":\"en-US\",\"@id\":\"https:\/\/ulmeka.com\/en\/urun\/ip-test-probe-11\/#primaryimage\",\"url\":\"https:\/\/ulmeka.com\/wp-content\/uploads\/2023\/09\/ip-test-probe-11-Rigid-test-probe.jpg\",\"contentUrl\":\"https:\/\/ulmeka.com\/wp-content\/uploads\/2023\/09\/ip-test-probe-11-Rigid-test-probe.jpg\",\"width\":1000,\"height\":1000},{\"@type\":\"BreadcrumbList\",\"@id\":\"https:\/\/ulmeka.com\/en\/urun\/ip-test-probe-11\/#breadcrumb\",\"itemListElement\":[{\"@type\":\"ListItem\",\"position\":1,\"name\":\"Homepage\",\"item\":\"https:\/\/ulmeka.com\/en\/\"},{\"@type\":\"ListItem\",\"position\":2,\"name\":\"Shop\",\"item\":\"https:\/\/ulmeka.com\/en\/?page_id=10392\"},{\"@type\":\"ListItem\",\"position\":3,\"name\":\"IP Test Probe 11\"}]},{\"@type\":\"WebSite\",\"@id\":\"https:\/\/ulmeka.com\/en\/#website\",\"url\":\"https:\/\/ulmeka.com\/en\/\",\"name\":\"Ulmeka Mekatronik - Test Cihazlar\u0131\",\"description\":\"Test Makinalar\u0131 - \u00d6zel Makina \u0130malat\u0131 - Otomasyon - Yaz\u0131l\u0131m - Makina Otomasyonu\",\"publisher\":{\"@id\":\"https:\/\/ulmeka.com\/en\/#organization\"},\"potentialAction\":[{\"@type\":\"SearchAction\",\"target\":{\"@type\":\"EntryPoint\",\"urlTemplate\":\"https:\/\/ulmeka.com\/en\/?s={search_term_string}\"},\"query-input\":{\"@type\":\"PropertyValueSpecification\",\"valueRequired\":true,\"valueName\":\"search_term_string\"}}],\"inLanguage\":\"en-US\"},{\"@type\":\"Organization\",\"@id\":\"https:\/\/ulmeka.com\/en\/#organization\",\"name\":\"Ulmeka Mechatronics - Test Equipment\",\"url\":\"https:\/\/ulmeka.com\/en\/\",\"logo\":{\"@type\":\"ImageObject\",\"inLanguage\":\"en-US\",\"@id\":\"https:\/\/ulmeka.com\/en\/#\/schema\/logo\/image\/\",\"url\":\"https:\/\/ulmeka.com\/wp-content\/uploads\/2023\/09\/ulmeka-logo.webp\",\"contentUrl\":\"https:\/\/ulmeka.com\/wp-content\/uploads\/2023\/09\/ulmeka-logo.webp\",\"width\":1427,\"height\":385,\"caption\":\"Ulmeka Mechatronics - Test Equipment\"},\"image\":{\"@id\":\"https:\/\/ulmeka.com\/en\/#\/schema\/logo\/image\/\"},\"sameAs\":[\"https:\/\/www.facebook.com\/ulmekamekatronik\"]}]}<\/script>\n<!-- \/ Yoast SEO plugin. -->","yoast_head_json":{"title":"IP Test Probe 11 - Ulmeka Mechatronics","robots":{"index":"index","follow":"follow","max-snippet":"max-snippet:-1","max-image-preview":"max-image-preview:large","max-video-preview":"max-video-preview:-1"},"canonical":"https:\/\/ulmeka.com\/en\/urun\/ip-test-probe-11\/","og_locale":"en_US","og_type":"article","og_title":"IP Test Probe 11 - Ulmeka Mechatronics","og_description":"IP Test Probe 11 IP Test Probe 11 is designed in accordance with the IEC 61032 standard and is used","og_url":"https:\/\/ulmeka.com\/en\/urun\/ip-test-probe-11\/","og_site_name":"Ulmeka Mechatronics","article_publisher":"https:\/\/www.facebook.com\/ulmekamekatronik","article_modified_time":"2025-01-23T08:35:50+00:00","og_image":[{"width":1000,"height":1000,"url":"https:\/\/ulmeka.com\/wp-content\/uploads\/2023\/09\/ip-test-probe-11-Rigid-test-probe.jpg","type":"image\/jpeg"}],"twitter_card":"summary_large_image","twitter_misc":{"Est. reading time":"2 minutes"},"schema":{"@context":"https:\/\/schema.org","@graph":[{"@type":"WebPage","@id":"https:\/\/ulmeka.com\/en\/urun\/ip-test-probe-11\/","url":"https:\/\/ulmeka.com\/en\/urun\/ip-test-probe-11\/","name":"IP Test Probe 11 - Ulmeka Mechatronics","isPartOf":{"@id":"https:\/\/ulmeka.com\/en\/#website"},"primaryImageOfPage":{"@id":"https:\/\/ulmeka.com\/en\/urun\/ip-test-probe-11\/#primaryimage"},"image":{"@id":"https:\/\/ulmeka.com\/en\/urun\/ip-test-probe-11\/#primaryimage"},"thumbnailUrl":"https:\/\/ulmeka.com\/wp-content\/uploads\/2023\/09\/ip-test-probe-11-Rigid-test-probe.jpg","datePublished":"2023-09-22T11:46:37+00:00","dateModified":"2025-01-23T08:35:50+00:00","breadcrumb":{"@id":"https:\/\/ulmeka.com\/en\/urun\/ip-test-probe-11\/#breadcrumb"},"inLanguage":"en-US","potentialAction":[{"@type":"ReadAction","target":["https:\/\/ulmeka.com\/en\/urun\/ip-test-probe-11\/"]}]},{"@type":"ImageObject","inLanguage":"en-US","@id":"https:\/\/ulmeka.com\/en\/urun\/ip-test-probe-11\/#primaryimage","url":"https:\/\/ulmeka.com\/wp-content\/uploads\/2023\/09\/ip-test-probe-11-Rigid-test-probe.jpg","contentUrl":"https:\/\/ulmeka.com\/wp-content\/uploads\/2023\/09\/ip-test-probe-11-Rigid-test-probe.jpg","width":1000,"height":1000},{"@type":"BreadcrumbList","@id":"https:\/\/ulmeka.com\/en\/urun\/ip-test-probe-11\/#breadcrumb","itemListElement":[{"@type":"ListItem","position":1,"name":"Homepage","item":"https:\/\/ulmeka.com\/en\/"},{"@type":"ListItem","position":2,"name":"Shop","item":"https:\/\/ulmeka.com\/en\/?page_id=10392"},{"@type":"ListItem","position":3,"name":"IP Test Probe 11"}]},{"@type":"WebSite","@id":"https:\/\/ulmeka.com\/en\/#website","url":"https:\/\/ulmeka.com\/en\/","name":"Ulmeka Mekatronik - Test Cihazlar\u0131","description":"Test Makinalar\u0131 - \u00d6zel Makina \u0130malat\u0131 - Otomasyon - Yaz\u0131l\u0131m - Makina Otomasyonu","publisher":{"@id":"https:\/\/ulmeka.com\/en\/#organization"},"potentialAction":[{"@type":"SearchAction","target":{"@type":"EntryPoint","urlTemplate":"https:\/\/ulmeka.com\/en\/?s={search_term_string}"},"query-input":{"@type":"PropertyValueSpecification","valueRequired":true,"valueName":"search_term_string"}}],"inLanguage":"en-US"},{"@type":"Organization","@id":"https:\/\/ulmeka.com\/en\/#organization","name":"Ulmeka Mechatronics - Test Equipment","url":"https:\/\/ulmeka.com\/en\/","logo":{"@type":"ImageObject","inLanguage":"en-US","@id":"https:\/\/ulmeka.com\/en\/#\/schema\/logo\/image\/","url":"https:\/\/ulmeka.com\/wp-content\/uploads\/2023\/09\/ulmeka-logo.webp","contentUrl":"https:\/\/ulmeka.com\/wp-content\/uploads\/2023\/09\/ulmeka-logo.webp","width":1427,"height":385,"caption":"Ulmeka Mechatronics - Test Equipment"},"image":{"@id":"https:\/\/ulmeka.com\/en\/#\/schema\/logo\/image\/"},"sameAs":["https:\/\/www.facebook.com\/ulmekamekatronik"]}]}},"jetpack_sharing_enabled":true,"_links":{"self":[{"href":"https:\/\/ulmeka.com\/en\/wp-json\/wp\/v2\/product\/10773","targetHints":{"allow":["GET"]}}],"collection":[{"href":"https:\/\/ulmeka.com\/en\/wp-json\/wp\/v2\/product"}],"about":[{"href":"https:\/\/ulmeka.com\/en\/wp-json\/wp\/v2\/types\/product"}],"version-history":[{"count":1,"href":"https:\/\/ulmeka.com\/en\/wp-json\/wp\/v2\/product\/10773\/revisions"}],"predecessor-version":[{"id":10774,"href":"https:\/\/ulmeka.com\/en\/wp-json\/wp\/v2\/product\/10773\/revisions\/10774"}],"wp:featuredmedia":[{"embeddable":true,"href":"https:\/\/ulmeka.com\/en\/wp-json\/wp\/v2\/media\/10452"}],"wp:attachment":[{"href":"https:\/\/ulmeka.com\/en\/wp-json\/wp\/v2\/media?parent=10773"}],"wp:term":[{"taxonomy":"product_brand","embeddable":true,"href":"https:\/\/ulmeka.com\/en\/wp-json\/wp\/v2\/product_brand?post=10773"},{"taxonomy":"product_cat","embeddable":true,"href":"https:\/\/ulmeka.com\/en\/wp-json\/wp\/v2\/product_cat?post=10773"},{"taxonomy":"product_tag","embeddable":true,"href":"https:\/\/ulmeka.com\/en\/wp-json\/wp\/v2\/product_tag?post=10773"}],"curies":[{"name":"wp","href":"https:\/\/api.w.org\/{rel}","templated":true}]}}