{"id":10771,"date":"2023-09-22T14:46:38","date_gmt":"2023-09-22T11:46:38","guid":{"rendered":"https:\/\/ulmeka.com\/urun\/ip-test-probe-12-and-13\/"},"modified":"2025-01-23T11:34:40","modified_gmt":"2025-01-23T08:34:40","slug":"ip-test-probe-12-and-13","status":"publish","type":"product","link":"https:\/\/ulmeka.com\/en\/urun\/ip-test-probe-12-and-13\/","title":{"rendered":"IP Test Probe 12 and 13"},"content":{"rendered":"<h3><strong>IP Test Probe 12 and 13<\/strong><\/h3>\n<p><strong>IP Test Probes 12 and 13<\/strong> are specifically designed to assess the safety of electrical equipment by testing access to hazardous parts, particularly live electrical components. These probes help determine whether humans or tools can reach these dangerous areas.<\/p>\n<hr \/>\n<h3><strong>IP Test Probe 12<\/strong> Specifications:<\/h3>\n<ul>\n<li><strong>Dimensions<\/strong>: 4 mm diameter, 50 mm length<\/li>\n<li><strong>Application<\/strong>: Used to test access to live electrical parts with a tool (e.g., a screwdriver).<\/li>\n<\/ul>\n<hr \/>\n<h3><strong>IP Test Probe 13<\/strong> Specifications:<\/h3>\n<ul>\n<li><strong>Dimensions<\/strong>: 3 mm head diameter, 4 mm tail diameter, 15 mm length<\/li>\n<li><strong>Application<\/strong>: Similar to Probe 12, it is used to test the safety level of devices and their protection against access to hazardous parts.<\/li>\n<\/ul>\n<hr \/>\n<h3><strong>Applicable Standards<\/strong>:<\/h3>\n<ul>\n<li><strong>IEC 61032<\/strong>: Regulates the design and use of test probe devices to meet safety requirements for access to dangerous components.<\/li>\n<li><strong>EN 61032<\/strong>: European standard ensuring correct use of test probes in line with IEC 61032.<\/li>\n<li><strong>IEC 60065 and IEC 60335-1<\/strong>: Specifies safety requirements for electrical household and heating appliances, ensuring probe compliance.<\/li>\n<li><strong>IEC 60950<\/strong>: Defines safety requirements for IT equipment, ensuring test probes are compatible with such devices.<\/li>\n<\/ul>\n<hr \/>\n<p>For <strong>orders<\/strong> or further <strong>inquiries<\/strong> regarding <strong>IP Test Probes 12 and 13<\/strong>, please feel free to <a href=\"mailto:info@ulmeka.com\"><strong>contact us<\/strong><\/a>!<\/p>\n","protected":false},"excerpt":{"rendered":"<p>IP Test Probe 12 and 13 IP Test Probes 12 and 13 are specifically designed to assess the safety of<\/p>\n","protected":false},"featured_media":10454,"template":"","meta":[],"product_brand":[],"product_cat":[254,259,270,272,282],"product_tag":[],"class_list":{"0":"post-10771","1":"product","2":"type-product","3":"status-publish","4":"has-post-thumbnail","6":"product_cat-en-60065-iec-60065-en","7":"product_cat-en-60335-iec-60335-en","8":"product_cat-en-60950-iec-60950-en","9":"product_cat-en-61032-iec-61032-en","10":"product_cat-test-probes","12":"first","13":"instock","14":"shipping-taxable","15":"product-type-simple"},"yoast_head":"<!-- This site is optimized with the Yoast SEO plugin v24.3 - https:\/\/yoast.com\/wordpress\/plugins\/seo\/ -->\n<title>IP Test Probe 12 and 13 - Ulmeka Mechatronics<\/title>\n<meta name=\"robots\" content=\"index, follow, max-snippet:-1, max-image-preview:large, max-video-preview:-1\" \/>\n<link rel=\"canonical\" href=\"https:\/\/ulmeka.com\/en\/urun\/ip-test-probe-12-and-13\/\" \/>\n<meta property=\"og:locale\" content=\"en_US\" \/>\n<meta property=\"og:type\" content=\"article\" \/>\n<meta property=\"og:title\" content=\"IP Test Probe 12 and 13 - Ulmeka Mechatronics\" \/>\n<meta property=\"og:description\" content=\"IP Test Probe 12 and 13 IP Test Probes 12 and 13 are specifically designed to assess the safety of\" \/>\n<meta property=\"og:url\" content=\"https:\/\/ulmeka.com\/en\/urun\/ip-test-probe-12-and-13\/\" \/>\n<meta property=\"og:site_name\" content=\"Ulmeka Mechatronics\" \/>\n<meta property=\"article:publisher\" content=\"https:\/\/www.facebook.com\/ulmekamekatronik\" \/>\n<meta property=\"article:modified_time\" content=\"2025-01-23T08:34:40+00:00\" \/>\n<meta property=\"og:image\" content=\"https:\/\/ulmeka.com\/wp-content\/uploads\/2023\/09\/ip-test-probe-12-13-Long-test-pin-probe-Short-test-pin-probe.jpg\" \/>\n\t<meta property=\"og:image:width\" content=\"1000\" \/>\n\t<meta property=\"og:image:height\" content=\"1000\" \/>\n\t<meta property=\"og:image:type\" content=\"image\/jpeg\" \/>\n<meta name=\"twitter:card\" content=\"summary_large_image\" \/>\n<meta name=\"twitter:label1\" content=\"Est. reading time\" \/>\n\t<meta name=\"twitter:data1\" content=\"2 minutes\" \/>\n<script type=\"application\/ld+json\" class=\"yoast-schema-graph\">{\"@context\":\"https:\/\/schema.org\",\"@graph\":[{\"@type\":\"WebPage\",\"@id\":\"https:\/\/ulmeka.com\/en\/urun\/ip-test-probe-12-and-13\/\",\"url\":\"https:\/\/ulmeka.com\/en\/urun\/ip-test-probe-12-and-13\/\",\"name\":\"IP Test Probe 12 and 13 - Ulmeka Mechatronics\",\"isPartOf\":{\"@id\":\"https:\/\/ulmeka.com\/en\/#website\"},\"primaryImageOfPage\":{\"@id\":\"https:\/\/ulmeka.com\/en\/urun\/ip-test-probe-12-and-13\/#primaryimage\"},\"image\":{\"@id\":\"https:\/\/ulmeka.com\/en\/urun\/ip-test-probe-12-and-13\/#primaryimage\"},\"thumbnailUrl\":\"https:\/\/ulmeka.com\/wp-content\/uploads\/2023\/09\/ip-test-probe-12-13-Long-test-pin-probe-Short-test-pin-probe.jpg\",\"datePublished\":\"2023-09-22T11:46:38+00:00\",\"dateModified\":\"2025-01-23T08:34:40+00:00\",\"breadcrumb\":{\"@id\":\"https:\/\/ulmeka.com\/en\/urun\/ip-test-probe-12-and-13\/#breadcrumb\"},\"inLanguage\":\"en-US\",\"potentialAction\":[{\"@type\":\"ReadAction\",\"target\":[\"https:\/\/ulmeka.com\/en\/urun\/ip-test-probe-12-and-13\/\"]}]},{\"@type\":\"ImageObject\",\"inLanguage\":\"en-US\",\"@id\":\"https:\/\/ulmeka.com\/en\/urun\/ip-test-probe-12-and-13\/#primaryimage\",\"url\":\"https:\/\/ulmeka.com\/wp-content\/uploads\/2023\/09\/ip-test-probe-12-13-Long-test-pin-probe-Short-test-pin-probe.jpg\",\"contentUrl\":\"https:\/\/ulmeka.com\/wp-content\/uploads\/2023\/09\/ip-test-probe-12-13-Long-test-pin-probe-Short-test-pin-probe.jpg\",\"width\":1000,\"height\":1000},{\"@type\":\"BreadcrumbList\",\"@id\":\"https:\/\/ulmeka.com\/en\/urun\/ip-test-probe-12-and-13\/#breadcrumb\",\"itemListElement\":[{\"@type\":\"ListItem\",\"position\":1,\"name\":\"Homepage\",\"item\":\"https:\/\/ulmeka.com\/en\/\"},{\"@type\":\"ListItem\",\"position\":2,\"name\":\"Shop\",\"item\":\"https:\/\/ulmeka.com\/en\/?page_id=10392\"},{\"@type\":\"ListItem\",\"position\":3,\"name\":\"IP Test Probe 12 and 13\"}]},{\"@type\":\"WebSite\",\"@id\":\"https:\/\/ulmeka.com\/en\/#website\",\"url\":\"https:\/\/ulmeka.com\/en\/\",\"name\":\"Ulmeka Mekatronik - Test Cihazlar\u0131\",\"description\":\"Test Makinalar\u0131 - \u00d6zel Makina \u0130malat\u0131 - Otomasyon - Yaz\u0131l\u0131m - Makina Otomasyonu\",\"publisher\":{\"@id\":\"https:\/\/ulmeka.com\/en\/#organization\"},\"potentialAction\":[{\"@type\":\"SearchAction\",\"target\":{\"@type\":\"EntryPoint\",\"urlTemplate\":\"https:\/\/ulmeka.com\/en\/?s={search_term_string}\"},\"query-input\":{\"@type\":\"PropertyValueSpecification\",\"valueRequired\":true,\"valueName\":\"search_term_string\"}}],\"inLanguage\":\"en-US\"},{\"@type\":\"Organization\",\"@id\":\"https:\/\/ulmeka.com\/en\/#organization\",\"name\":\"Ulmeka Mechatronics - Test Equipment\",\"url\":\"https:\/\/ulmeka.com\/en\/\",\"logo\":{\"@type\":\"ImageObject\",\"inLanguage\":\"en-US\",\"@id\":\"https:\/\/ulmeka.com\/en\/#\/schema\/logo\/image\/\",\"url\":\"https:\/\/ulmeka.com\/wp-content\/uploads\/2023\/09\/ulmeka-logo.webp\",\"contentUrl\":\"https:\/\/ulmeka.com\/wp-content\/uploads\/2023\/09\/ulmeka-logo.webp\",\"width\":1427,\"height\":385,\"caption\":\"Ulmeka Mechatronics - Test Equipment\"},\"image\":{\"@id\":\"https:\/\/ulmeka.com\/en\/#\/schema\/logo\/image\/\"},\"sameAs\":[\"https:\/\/www.facebook.com\/ulmekamekatronik\"]}]}<\/script>\n<!-- \/ Yoast SEO plugin. -->","yoast_head_json":{"title":"IP Test Probe 12 and 13 - Ulmeka Mechatronics","robots":{"index":"index","follow":"follow","max-snippet":"max-snippet:-1","max-image-preview":"max-image-preview:large","max-video-preview":"max-video-preview:-1"},"canonical":"https:\/\/ulmeka.com\/en\/urun\/ip-test-probe-12-and-13\/","og_locale":"en_US","og_type":"article","og_title":"IP Test Probe 12 and 13 - Ulmeka Mechatronics","og_description":"IP Test Probe 12 and 13 IP Test Probes 12 and 13 are specifically designed to assess the safety of","og_url":"https:\/\/ulmeka.com\/en\/urun\/ip-test-probe-12-and-13\/","og_site_name":"Ulmeka Mechatronics","article_publisher":"https:\/\/www.facebook.com\/ulmekamekatronik","article_modified_time":"2025-01-23T08:34:40+00:00","og_image":[{"width":1000,"height":1000,"url":"https:\/\/ulmeka.com\/wp-content\/uploads\/2023\/09\/ip-test-probe-12-13-Long-test-pin-probe-Short-test-pin-probe.jpg","type":"image\/jpeg"}],"twitter_card":"summary_large_image","twitter_misc":{"Est. reading time":"2 minutes"},"schema":{"@context":"https:\/\/schema.org","@graph":[{"@type":"WebPage","@id":"https:\/\/ulmeka.com\/en\/urun\/ip-test-probe-12-and-13\/","url":"https:\/\/ulmeka.com\/en\/urun\/ip-test-probe-12-and-13\/","name":"IP Test Probe 12 and 13 - Ulmeka Mechatronics","isPartOf":{"@id":"https:\/\/ulmeka.com\/en\/#website"},"primaryImageOfPage":{"@id":"https:\/\/ulmeka.com\/en\/urun\/ip-test-probe-12-and-13\/#primaryimage"},"image":{"@id":"https:\/\/ulmeka.com\/en\/urun\/ip-test-probe-12-and-13\/#primaryimage"},"thumbnailUrl":"https:\/\/ulmeka.com\/wp-content\/uploads\/2023\/09\/ip-test-probe-12-13-Long-test-pin-probe-Short-test-pin-probe.jpg","datePublished":"2023-09-22T11:46:38+00:00","dateModified":"2025-01-23T08:34:40+00:00","breadcrumb":{"@id":"https:\/\/ulmeka.com\/en\/urun\/ip-test-probe-12-and-13\/#breadcrumb"},"inLanguage":"en-US","potentialAction":[{"@type":"ReadAction","target":["https:\/\/ulmeka.com\/en\/urun\/ip-test-probe-12-and-13\/"]}]},{"@type":"ImageObject","inLanguage":"en-US","@id":"https:\/\/ulmeka.com\/en\/urun\/ip-test-probe-12-and-13\/#primaryimage","url":"https:\/\/ulmeka.com\/wp-content\/uploads\/2023\/09\/ip-test-probe-12-13-Long-test-pin-probe-Short-test-pin-probe.jpg","contentUrl":"https:\/\/ulmeka.com\/wp-content\/uploads\/2023\/09\/ip-test-probe-12-13-Long-test-pin-probe-Short-test-pin-probe.jpg","width":1000,"height":1000},{"@type":"BreadcrumbList","@id":"https:\/\/ulmeka.com\/en\/urun\/ip-test-probe-12-and-13\/#breadcrumb","itemListElement":[{"@type":"ListItem","position":1,"name":"Homepage","item":"https:\/\/ulmeka.com\/en\/"},{"@type":"ListItem","position":2,"name":"Shop","item":"https:\/\/ulmeka.com\/en\/?page_id=10392"},{"@type":"ListItem","position":3,"name":"IP Test Probe 12 and 13"}]},{"@type":"WebSite","@id":"https:\/\/ulmeka.com\/en\/#website","url":"https:\/\/ulmeka.com\/en\/","name":"Ulmeka Mekatronik - Test Cihazlar\u0131","description":"Test Makinalar\u0131 - \u00d6zel Makina \u0130malat\u0131 - Otomasyon - Yaz\u0131l\u0131m - Makina Otomasyonu","publisher":{"@id":"https:\/\/ulmeka.com\/en\/#organization"},"potentialAction":[{"@type":"SearchAction","target":{"@type":"EntryPoint","urlTemplate":"https:\/\/ulmeka.com\/en\/?s={search_term_string}"},"query-input":{"@type":"PropertyValueSpecification","valueRequired":true,"valueName":"search_term_string"}}],"inLanguage":"en-US"},{"@type":"Organization","@id":"https:\/\/ulmeka.com\/en\/#organization","name":"Ulmeka Mechatronics - Test Equipment","url":"https:\/\/ulmeka.com\/en\/","logo":{"@type":"ImageObject","inLanguage":"en-US","@id":"https:\/\/ulmeka.com\/en\/#\/schema\/logo\/image\/","url":"https:\/\/ulmeka.com\/wp-content\/uploads\/2023\/09\/ulmeka-logo.webp","contentUrl":"https:\/\/ulmeka.com\/wp-content\/uploads\/2023\/09\/ulmeka-logo.webp","width":1427,"height":385,"caption":"Ulmeka Mechatronics - Test Equipment"},"image":{"@id":"https:\/\/ulmeka.com\/en\/#\/schema\/logo\/image\/"},"sameAs":["https:\/\/www.facebook.com\/ulmekamekatronik"]}]}},"jetpack_sharing_enabled":true,"_links":{"self":[{"href":"https:\/\/ulmeka.com\/en\/wp-json\/wp\/v2\/product\/10771","targetHints":{"allow":["GET"]}}],"collection":[{"href":"https:\/\/ulmeka.com\/en\/wp-json\/wp\/v2\/product"}],"about":[{"href":"https:\/\/ulmeka.com\/en\/wp-json\/wp\/v2\/types\/product"}],"version-history":[{"count":1,"href":"https:\/\/ulmeka.com\/en\/wp-json\/wp\/v2\/product\/10771\/revisions"}],"predecessor-version":[{"id":10772,"href":"https:\/\/ulmeka.com\/en\/wp-json\/wp\/v2\/product\/10771\/revisions\/10772"}],"wp:featuredmedia":[{"embeddable":true,"href":"https:\/\/ulmeka.com\/en\/wp-json\/wp\/v2\/media\/10454"}],"wp:attachment":[{"href":"https:\/\/ulmeka.com\/en\/wp-json\/wp\/v2\/media?parent=10771"}],"wp:term":[{"taxonomy":"product_brand","embeddable":true,"href":"https:\/\/ulmeka.com\/en\/wp-json\/wp\/v2\/product_brand?post=10771"},{"taxonomy":"product_cat","embeddable":true,"href":"https:\/\/ulmeka.com\/en\/wp-json\/wp\/v2\/product_cat?post=10771"},{"taxonomy":"product_tag","embeddable":true,"href":"https:\/\/ulmeka.com\/en\/wp-json\/wp\/v2\/product_tag?post=10771"}],"curies":[{"name":"wp","href":"https:\/\/api.w.org\/{rel}","templated":true}]}}