{"id":10766,"date":"2023-09-22T14:46:38","date_gmt":"2023-09-22T11:46:38","guid":{"rendered":"https:\/\/ulmeka.com\/urun\/ip-probe-41-and-43\/"},"modified":"2025-01-23T11:30:04","modified_gmt":"2025-01-23T08:30:04","slug":"ip-probe-41-and-43","status":"publish","type":"product","link":"https:\/\/ulmeka.com\/en\/urun\/ip-probe-41-and-43\/","title":{"rendered":"IP Probe 41 and 43"},"content":{"rendered":"<h3>IP Probe 41 and 43<\/h3>\n<p><strong>Test Probes 41 and 43<\/strong> are typically used for testing electrical and electronic devices&#8217; protection against access to hazardous parts, in accordance with the <strong>IEC 61032<\/strong> standard. These probes are crucial for evaluating devices with certain protection levels to ensure safety.<\/p>\n<hr \/>\n<h3><strong>IP Probe 41<\/strong> Specifications:<\/h3>\n<ul>\n<li><strong>IEC 61032 Standard<\/strong>: Used for testing access to hazardous parts, especially hot or electrically charged components. The shape and dimensions of the probe are defined in <strong>IEC 61032, Figure 16<\/strong>.<\/li>\n<\/ul>\n<h4><strong>Technical Specifications:<\/strong><\/h4>\n<ul>\n<li><strong>Length<\/strong>: 80 mm<\/li>\n<li><strong>Diameter<\/strong>: 30 mm<\/li>\n<li><strong>Tip Length<\/strong>: 21.5 mm<\/li>\n<li><strong>Handle<\/strong>: 50 mm diameter, 80 mm length<\/li>\n<li><strong>Application<\/strong>: Provides protection against access to hot parts and other components that could pose a risk of contact.<\/li>\n<\/ul>\n<hr \/>\n<h3><strong>IP Probe 43<\/strong> Specifications:<\/h3>\n<ul>\n<li><strong>IEC 61032 Standard<\/strong>: Used for testing access protection in electrical devices, as defined in <strong>IEC 61032, Figure 17<\/strong>.<\/li>\n<\/ul>\n<h4><strong>Technical Specifications:<\/strong><\/h4>\n<ul>\n<li><strong>Length<\/strong>: 100 mm<\/li>\n<li><strong>Tip Diameter<\/strong>: 30 mm<\/li>\n<li><strong>Handle<\/strong>: 80 mm length, 50 mm diameter<\/li>\n<li><strong>Application<\/strong>: Measures access risks to hazardous parts in electrical devices, commonly used in <strong>IP classification tests<\/strong>.<\/li>\n<\/ul>\n<hr \/>\n<h3><strong>Relevant Standards:<\/strong><\/h3>\n<ul>\n<li><strong>IEC 61032<\/strong>: Protection of persons and equipment (Clause 6.2) defines the probe types and conditions for access tests. Probes check the possibility of accessing hazardous parts through openings.<\/li>\n<li><strong>EN 61032<\/strong>: The European adaptation of the IEC 61032 standard.<\/li>\n<li><strong>EN 60529<\/strong>: Probes are used for access protection tests at various levels, such as <strong>IPXXB<\/strong> and <strong>IPXXC<\/strong>.<\/li>\n<li><strong>UL 61032<\/strong>: The U.S. standard for access protection, in compliance with IEC 61032.<\/li>\n<li><strong>TSE<\/strong>: In Turkey, probes are used in accordance with <strong>TS EN 61032<\/strong>, aligning with European standards.<\/li>\n<\/ul>\n<hr \/>\n<p>For more information or to place an order, feel free to <a href=\"mailto:info@ulmeka.com\"><strong>contact us<\/strong><\/a>!<\/p>\n","protected":false},"excerpt":{"rendered":"<p>IP Probe 41 and 43 Test Probes 41 and 43 are typically used for testing electrical and electronic devices&#8217; protection<\/p>\n","protected":false},"featured_media":10460,"template":"","meta":[],"product_brand":[],"product_cat":[272,240,282],"product_tag":[],"class_list":{"0":"post-10766","1":"product","2":"type-product","3":"status-publish","4":"has-post-thumbnail","6":"product_cat-en-61032-iec-61032-en","7":"product_cat-ip-test-equipment","8":"product_cat-test-probes","10":"first","11":"instock","12":"shipping-taxable","13":"product-type-simple"},"yoast_head":"<!-- This site is optimized with the Yoast SEO plugin v24.3 - https:\/\/yoast.com\/wordpress\/plugins\/seo\/ -->\n<title>IP Probe 41 and 43 - Ulmeka Mechatronics<\/title>\n<meta name=\"robots\" content=\"index, follow, max-snippet:-1, max-image-preview:large, max-video-preview:-1\" \/>\n<link rel=\"canonical\" href=\"https:\/\/ulmeka.com\/en\/urun\/ip-probe-41-and-43\/\" \/>\n<meta property=\"og:locale\" content=\"en_US\" \/>\n<meta property=\"og:type\" content=\"article\" \/>\n<meta property=\"og:title\" content=\"IP Probe 41 and 43 - Ulmeka Mechatronics\" \/>\n<meta property=\"og:description\" content=\"IP Probe 41 and 43 Test Probes 41 and 43 are typically used for testing electrical and electronic devices&#8217; protection\" \/>\n<meta property=\"og:url\" content=\"https:\/\/ulmeka.com\/en\/urun\/ip-probe-41-and-43\/\" \/>\n<meta property=\"og:site_name\" content=\"Ulmeka Mechatronics\" \/>\n<meta property=\"article:publisher\" content=\"https:\/\/www.facebook.com\/ulmekamekatronik\" \/>\n<meta property=\"article:modified_time\" content=\"2025-01-23T08:30:04+00:00\" \/>\n<meta property=\"og:image\" content=\"https:\/\/ulmeka.com\/wp-content\/uploads\/2023\/09\/ip-test-probe-41-43-Test-thorn-probe.jpg\" \/>\n\t<meta property=\"og:image:width\" content=\"1000\" \/>\n\t<meta property=\"og:image:height\" content=\"1000\" \/>\n\t<meta property=\"og:image:type\" content=\"image\/jpeg\" \/>\n<meta name=\"twitter:card\" content=\"summary_large_image\" \/>\n<meta name=\"twitter:label1\" content=\"Est. reading time\" \/>\n\t<meta name=\"twitter:data1\" content=\"2 minutes\" \/>\n<script type=\"application\/ld+json\" class=\"yoast-schema-graph\">{\"@context\":\"https:\/\/schema.org\",\"@graph\":[{\"@type\":\"WebPage\",\"@id\":\"https:\/\/ulmeka.com\/en\/urun\/ip-probe-41-and-43\/\",\"url\":\"https:\/\/ulmeka.com\/en\/urun\/ip-probe-41-and-43\/\",\"name\":\"IP Probe 41 and 43 - Ulmeka Mechatronics\",\"isPartOf\":{\"@id\":\"https:\/\/ulmeka.com\/en\/#website\"},\"primaryImageOfPage\":{\"@id\":\"https:\/\/ulmeka.com\/en\/urun\/ip-probe-41-and-43\/#primaryimage\"},\"image\":{\"@id\":\"https:\/\/ulmeka.com\/en\/urun\/ip-probe-41-and-43\/#primaryimage\"},\"thumbnailUrl\":\"https:\/\/ulmeka.com\/wp-content\/uploads\/2023\/09\/ip-test-probe-41-43-Test-thorn-probe.jpg\",\"datePublished\":\"2023-09-22T11:46:38+00:00\",\"dateModified\":\"2025-01-23T08:30:04+00:00\",\"breadcrumb\":{\"@id\":\"https:\/\/ulmeka.com\/en\/urun\/ip-probe-41-and-43\/#breadcrumb\"},\"inLanguage\":\"en-US\",\"potentialAction\":[{\"@type\":\"ReadAction\",\"target\":[\"https:\/\/ulmeka.com\/en\/urun\/ip-probe-41-and-43\/\"]}]},{\"@type\":\"ImageObject\",\"inLanguage\":\"en-US\",\"@id\":\"https:\/\/ulmeka.com\/en\/urun\/ip-probe-41-and-43\/#primaryimage\",\"url\":\"https:\/\/ulmeka.com\/wp-content\/uploads\/2023\/09\/ip-test-probe-41-43-Test-thorn-probe.jpg\",\"contentUrl\":\"https:\/\/ulmeka.com\/wp-content\/uploads\/2023\/09\/ip-test-probe-41-43-Test-thorn-probe.jpg\",\"width\":1000,\"height\":1000},{\"@type\":\"BreadcrumbList\",\"@id\":\"https:\/\/ulmeka.com\/en\/urun\/ip-probe-41-and-43\/#breadcrumb\",\"itemListElement\":[{\"@type\":\"ListItem\",\"position\":1,\"name\":\"Homepage\",\"item\":\"https:\/\/ulmeka.com\/en\/\"},{\"@type\":\"ListItem\",\"position\":2,\"name\":\"Shop\",\"item\":\"https:\/\/ulmeka.com\/en\/?page_id=10392\"},{\"@type\":\"ListItem\",\"position\":3,\"name\":\"IP Probe 41 and 43\"}]},{\"@type\":\"WebSite\",\"@id\":\"https:\/\/ulmeka.com\/en\/#website\",\"url\":\"https:\/\/ulmeka.com\/en\/\",\"name\":\"Ulmeka Mekatronik - Test Cihazlar\u0131\",\"description\":\"Test Makinalar\u0131 - \u00d6zel Makina \u0130malat\u0131 - Otomasyon - Yaz\u0131l\u0131m - Makina Otomasyonu\",\"publisher\":{\"@id\":\"https:\/\/ulmeka.com\/en\/#organization\"},\"potentialAction\":[{\"@type\":\"SearchAction\",\"target\":{\"@type\":\"EntryPoint\",\"urlTemplate\":\"https:\/\/ulmeka.com\/en\/?s={search_term_string}\"},\"query-input\":{\"@type\":\"PropertyValueSpecification\",\"valueRequired\":true,\"valueName\":\"search_term_string\"}}],\"inLanguage\":\"en-US\"},{\"@type\":\"Organization\",\"@id\":\"https:\/\/ulmeka.com\/en\/#organization\",\"name\":\"Ulmeka Mechatronics - Test Equipment\",\"url\":\"https:\/\/ulmeka.com\/en\/\",\"logo\":{\"@type\":\"ImageObject\",\"inLanguage\":\"en-US\",\"@id\":\"https:\/\/ulmeka.com\/en\/#\/schema\/logo\/image\/\",\"url\":\"https:\/\/ulmeka.com\/wp-content\/uploads\/2023\/09\/ulmeka-logo.webp\",\"contentUrl\":\"https:\/\/ulmeka.com\/wp-content\/uploads\/2023\/09\/ulmeka-logo.webp\",\"width\":1427,\"height\":385,\"caption\":\"Ulmeka Mechatronics - Test Equipment\"},\"image\":{\"@id\":\"https:\/\/ulmeka.com\/en\/#\/schema\/logo\/image\/\"},\"sameAs\":[\"https:\/\/www.facebook.com\/ulmekamekatronik\"]}]}<\/script>\n<!-- \/ Yoast SEO plugin. -->","yoast_head_json":{"title":"IP Probe 41 and 43 - Ulmeka Mechatronics","robots":{"index":"index","follow":"follow","max-snippet":"max-snippet:-1","max-image-preview":"max-image-preview:large","max-video-preview":"max-video-preview:-1"},"canonical":"https:\/\/ulmeka.com\/en\/urun\/ip-probe-41-and-43\/","og_locale":"en_US","og_type":"article","og_title":"IP Probe 41 and 43 - Ulmeka Mechatronics","og_description":"IP Probe 41 and 43 Test Probes 41 and 43 are typically used for testing electrical and electronic devices&#8217; protection","og_url":"https:\/\/ulmeka.com\/en\/urun\/ip-probe-41-and-43\/","og_site_name":"Ulmeka Mechatronics","article_publisher":"https:\/\/www.facebook.com\/ulmekamekatronik","article_modified_time":"2025-01-23T08:30:04+00:00","og_image":[{"width":1000,"height":1000,"url":"https:\/\/ulmeka.com\/wp-content\/uploads\/2023\/09\/ip-test-probe-41-43-Test-thorn-probe.jpg","type":"image\/jpeg"}],"twitter_card":"summary_large_image","twitter_misc":{"Est. reading time":"2 minutes"},"schema":{"@context":"https:\/\/schema.org","@graph":[{"@type":"WebPage","@id":"https:\/\/ulmeka.com\/en\/urun\/ip-probe-41-and-43\/","url":"https:\/\/ulmeka.com\/en\/urun\/ip-probe-41-and-43\/","name":"IP Probe 41 and 43 - Ulmeka Mechatronics","isPartOf":{"@id":"https:\/\/ulmeka.com\/en\/#website"},"primaryImageOfPage":{"@id":"https:\/\/ulmeka.com\/en\/urun\/ip-probe-41-and-43\/#primaryimage"},"image":{"@id":"https:\/\/ulmeka.com\/en\/urun\/ip-probe-41-and-43\/#primaryimage"},"thumbnailUrl":"https:\/\/ulmeka.com\/wp-content\/uploads\/2023\/09\/ip-test-probe-41-43-Test-thorn-probe.jpg","datePublished":"2023-09-22T11:46:38+00:00","dateModified":"2025-01-23T08:30:04+00:00","breadcrumb":{"@id":"https:\/\/ulmeka.com\/en\/urun\/ip-probe-41-and-43\/#breadcrumb"},"inLanguage":"en-US","potentialAction":[{"@type":"ReadAction","target":["https:\/\/ulmeka.com\/en\/urun\/ip-probe-41-and-43\/"]}]},{"@type":"ImageObject","inLanguage":"en-US","@id":"https:\/\/ulmeka.com\/en\/urun\/ip-probe-41-and-43\/#primaryimage","url":"https:\/\/ulmeka.com\/wp-content\/uploads\/2023\/09\/ip-test-probe-41-43-Test-thorn-probe.jpg","contentUrl":"https:\/\/ulmeka.com\/wp-content\/uploads\/2023\/09\/ip-test-probe-41-43-Test-thorn-probe.jpg","width":1000,"height":1000},{"@type":"BreadcrumbList","@id":"https:\/\/ulmeka.com\/en\/urun\/ip-probe-41-and-43\/#breadcrumb","itemListElement":[{"@type":"ListItem","position":1,"name":"Homepage","item":"https:\/\/ulmeka.com\/en\/"},{"@type":"ListItem","position":2,"name":"Shop","item":"https:\/\/ulmeka.com\/en\/?page_id=10392"},{"@type":"ListItem","position":3,"name":"IP Probe 41 and 43"}]},{"@type":"WebSite","@id":"https:\/\/ulmeka.com\/en\/#website","url":"https:\/\/ulmeka.com\/en\/","name":"Ulmeka Mekatronik - Test Cihazlar\u0131","description":"Test Makinalar\u0131 - \u00d6zel Makina \u0130malat\u0131 - Otomasyon - Yaz\u0131l\u0131m - Makina Otomasyonu","publisher":{"@id":"https:\/\/ulmeka.com\/en\/#organization"},"potentialAction":[{"@type":"SearchAction","target":{"@type":"EntryPoint","urlTemplate":"https:\/\/ulmeka.com\/en\/?s={search_term_string}"},"query-input":{"@type":"PropertyValueSpecification","valueRequired":true,"valueName":"search_term_string"}}],"inLanguage":"en-US"},{"@type":"Organization","@id":"https:\/\/ulmeka.com\/en\/#organization","name":"Ulmeka Mechatronics - Test Equipment","url":"https:\/\/ulmeka.com\/en\/","logo":{"@type":"ImageObject","inLanguage":"en-US","@id":"https:\/\/ulmeka.com\/en\/#\/schema\/logo\/image\/","url":"https:\/\/ulmeka.com\/wp-content\/uploads\/2023\/09\/ulmeka-logo.webp","contentUrl":"https:\/\/ulmeka.com\/wp-content\/uploads\/2023\/09\/ulmeka-logo.webp","width":1427,"height":385,"caption":"Ulmeka Mechatronics - Test Equipment"},"image":{"@id":"https:\/\/ulmeka.com\/en\/#\/schema\/logo\/image\/"},"sameAs":["https:\/\/www.facebook.com\/ulmekamekatronik"]}]}},"jetpack_sharing_enabled":true,"_links":{"self":[{"href":"https:\/\/ulmeka.com\/en\/wp-json\/wp\/v2\/product\/10766","targetHints":{"allow":["GET"]}}],"collection":[{"href":"https:\/\/ulmeka.com\/en\/wp-json\/wp\/v2\/product"}],"about":[{"href":"https:\/\/ulmeka.com\/en\/wp-json\/wp\/v2\/types\/product"}],"version-history":[{"count":1,"href":"https:\/\/ulmeka.com\/en\/wp-json\/wp\/v2\/product\/10766\/revisions"}],"predecessor-version":[{"id":10879,"href":"https:\/\/ulmeka.com\/en\/wp-json\/wp\/v2\/product\/10766\/revisions\/10879"}],"wp:featuredmedia":[{"embeddable":true,"href":"https:\/\/ulmeka.com\/en\/wp-json\/wp\/v2\/media\/10460"}],"wp:attachment":[{"href":"https:\/\/ulmeka.com\/en\/wp-json\/wp\/v2\/media?parent=10766"}],"wp:term":[{"taxonomy":"product_brand","embeddable":true,"href":"https:\/\/ulmeka.com\/en\/wp-json\/wp\/v2\/product_brand?post=10766"},{"taxonomy":"product_cat","embeddable":true,"href":"https:\/\/ulmeka.com\/en\/wp-json\/wp\/v2\/product_cat?post=10766"},{"taxonomy":"product_tag","embeddable":true,"href":"https:\/\/ulmeka.com\/en\/wp-json\/wp\/v2\/product_tag?post=10766"}],"curies":[{"name":"wp","href":"https:\/\/api.w.org\/{rel}","templated":true}]}}