{"id":10764,"date":"2023-09-22T14:46:38","date_gmt":"2023-09-22T11:46:38","guid":{"rendered":"https:\/\/ulmeka.com\/urun\/ipx3-and-ipx4-spray-nozzles\/"},"modified":"2025-01-23T11:29:03","modified_gmt":"2025-01-23T08:29:03","slug":"ipx3-and-ipx4-spray-nozzles","status":"publish","type":"product","link":"https:\/\/ulmeka.com\/en\/urun\/ipx3-and-ipx4-spray-nozzles\/","title":{"rendered":"IPX3 and IPX4 Spray Nozzles"},"content":{"rendered":"<h3>IPX3 and IPX4 Spray Nozzles<\/h3>\n<p>The <strong>IPX3<\/strong> and <strong>IPX4<\/strong> spray nozzles are used in tests that measure the water resistance of electronic devices. These tests are typically performed according to the <strong>IEC 60529<\/strong> standard. They evaluate the device&#8217;s protection against water and its potential water permeability.<\/p>\n<hr \/>\n<h3>IPX3 Test (Spray Nozzle):<\/h3>\n<ul>\n<li><strong>Water Spray Angle<\/strong>: Typically between 90\u00b0 and 60\u00b0.<\/li>\n<li><strong>Purpose<\/strong>: Tests the device\u2019s resistance to water spraying at these angles.<\/li>\n<\/ul>\n<h3>IPX4 Test (Spray Nozzle):<\/h3>\n<ul>\n<li><strong>Water Spray Angle<\/strong>: The device is tested for protection against water splashes from all directions.<\/li>\n<li><strong>Purpose<\/strong>: Determines the device&#8217;s level of protection against water splashing from any direction.<\/li>\n<\/ul>\n<hr \/>\n<h3>Spray Nozzle Specifications:<\/h3>\n<ul>\n<li><strong>Nozzle Diameter<\/strong>: Typically 102 mm.<\/li>\n<li><strong>Number of Holes<\/strong>: 121 holes, each with a diameter of 0.5 mm.<\/li>\n<li><strong>Water Flow Rate<\/strong>: 10 L\/min \u00b1 5%.<\/li>\n<li><strong>Pressure<\/strong>: Adjustable between 50 &#8211; 150 kPa (manual or electronic control).<\/li>\n<\/ul>\n<hr \/>\n<h3>Applications:<\/h3>\n<ul>\n<li><strong>Electronic Devices<\/strong><\/li>\n<li><strong>Electrical Panels<\/strong><\/li>\n<li><strong>Automotive Components<\/strong><\/li>\n<li><strong>Outdoor Lighting Systems<\/strong><\/li>\n<\/ul>\n<hr \/>\n<h3>Relevant Standards:<\/h3>\n<ul>\n<li><strong>IEC 60529<\/strong><\/li>\n<li><strong>IEC 60598-1<\/strong><\/li>\n<li><strong>EN 60335-1<\/strong><\/li>\n<li><strong>UL50 and UL50E<\/strong><\/li>\n<li><strong>TS EN 60529<\/strong><\/li>\n<\/ul>\n<hr \/>\n<p>If you need <strong>IPX3<\/strong> and <strong>IPX4 Spray Nozzles<\/strong>, feel free to <a href=\"mailto:info@ulmeka.com\"><strong>contact us<\/strong><\/a> for more information or to place an order!<\/p>\n","protected":false},"excerpt":{"rendered":"<p>IPX3 and IPX4 Spray Nozzles The IPX3 and IPX4 spray nozzles are used in tests that measure the water resistance<\/p>\n","protected":false},"featured_media":10462,"template":"","meta":[],"product_brand":[],"product_cat":[259,261,262,267,240,282],"product_tag":[],"class_list":{"0":"post-10764","1":"product","2":"type-product","3":"status-publish","4":"has-post-thumbnail","6":"product_cat-en-60335-iec-60335-en","7":"product_cat-en-60529-iec-60529-en","8":"product_cat-en-60598-iec-60598-en","9":"product_cat-en-60745-iec-60745-en","10":"product_cat-ip-test-equipment","11":"product_cat-test-probes","13":"first","14":"instock","15":"shipping-taxable","16":"product-type-simple"},"yoast_head":"<!-- This site is optimized with the Yoast SEO plugin v24.3 - https:\/\/yoast.com\/wordpress\/plugins\/seo\/ -->\n<title>IPX3 and IPX4 Spray Nozzles - Ulmeka Mechatronics<\/title>\n<meta name=\"robots\" content=\"index, follow, max-snippet:-1, max-image-preview:large, max-video-preview:-1\" \/>\n<link rel=\"canonical\" href=\"https:\/\/ulmeka.com\/en\/urun\/ipx3-and-ipx4-spray-nozzles\/\" \/>\n<meta property=\"og:locale\" content=\"en_US\" \/>\n<meta property=\"og:type\" content=\"article\" \/>\n<meta property=\"og:title\" content=\"IPX3 and IPX4 Spray Nozzles - Ulmeka Mechatronics\" \/>\n<meta property=\"og:description\" content=\"IPX3 and IPX4 Spray Nozzles The IPX3 and IPX4 spray nozzles are used in tests that measure the water resistance\" \/>\n<meta property=\"og:url\" content=\"https:\/\/ulmeka.com\/en\/urun\/ipx3-and-ipx4-spray-nozzles\/\" \/>\n<meta property=\"og:site_name\" content=\"Ulmeka Mechatronics\" \/>\n<meta property=\"article:publisher\" content=\"https:\/\/www.facebook.com\/ulmekamekatronik\" \/>\n<meta property=\"article:modified_time\" content=\"2025-01-23T08:29:03+00:00\" \/>\n<meta property=\"og:image\" content=\"https:\/\/ulmeka.com\/wp-content\/uploads\/2023\/09\/IPX3-IPX4-Spray-Nozzle.jpg\" \/>\n\t<meta property=\"og:image:width\" content=\"1000\" \/>\n\t<meta property=\"og:image:height\" content=\"1000\" \/>\n\t<meta property=\"og:image:type\" content=\"image\/jpeg\" \/>\n<meta name=\"twitter:card\" content=\"summary_large_image\" \/>\n<meta name=\"twitter:label1\" content=\"Est. reading time\" \/>\n\t<meta name=\"twitter:data1\" content=\"2 minutes\" \/>\n<script type=\"application\/ld+json\" class=\"yoast-schema-graph\">{\"@context\":\"https:\/\/schema.org\",\"@graph\":[{\"@type\":\"WebPage\",\"@id\":\"https:\/\/ulmeka.com\/en\/urun\/ipx3-and-ipx4-spray-nozzles\/\",\"url\":\"https:\/\/ulmeka.com\/en\/urun\/ipx3-and-ipx4-spray-nozzles\/\",\"name\":\"IPX3 and IPX4 Spray Nozzles - Ulmeka Mechatronics\",\"isPartOf\":{\"@id\":\"https:\/\/ulmeka.com\/en\/#website\"},\"primaryImageOfPage\":{\"@id\":\"https:\/\/ulmeka.com\/en\/urun\/ipx3-and-ipx4-spray-nozzles\/#primaryimage\"},\"image\":{\"@id\":\"https:\/\/ulmeka.com\/en\/urun\/ipx3-and-ipx4-spray-nozzles\/#primaryimage\"},\"thumbnailUrl\":\"https:\/\/ulmeka.com\/wp-content\/uploads\/2023\/09\/IPX3-IPX4-Spray-Nozzle.jpg\",\"datePublished\":\"2023-09-22T11:46:38+00:00\",\"dateModified\":\"2025-01-23T08:29:03+00:00\",\"breadcrumb\":{\"@id\":\"https:\/\/ulmeka.com\/en\/urun\/ipx3-and-ipx4-spray-nozzles\/#breadcrumb\"},\"inLanguage\":\"en-US\",\"potentialAction\":[{\"@type\":\"ReadAction\",\"target\":[\"https:\/\/ulmeka.com\/en\/urun\/ipx3-and-ipx4-spray-nozzles\/\"]}]},{\"@type\":\"ImageObject\",\"inLanguage\":\"en-US\",\"@id\":\"https:\/\/ulmeka.com\/en\/urun\/ipx3-and-ipx4-spray-nozzles\/#primaryimage\",\"url\":\"https:\/\/ulmeka.com\/wp-content\/uploads\/2023\/09\/IPX3-IPX4-Spray-Nozzle.jpg\",\"contentUrl\":\"https:\/\/ulmeka.com\/wp-content\/uploads\/2023\/09\/IPX3-IPX4-Spray-Nozzle.jpg\",\"width\":1000,\"height\":1000},{\"@type\":\"BreadcrumbList\",\"@id\":\"https:\/\/ulmeka.com\/en\/urun\/ipx3-and-ipx4-spray-nozzles\/#breadcrumb\",\"itemListElement\":[{\"@type\":\"ListItem\",\"position\":1,\"name\":\"Homepage\",\"item\":\"https:\/\/ulmeka.com\/en\/\"},{\"@type\":\"ListItem\",\"position\":2,\"name\":\"Shop\",\"item\":\"https:\/\/ulmeka.com\/en\/?page_id=10392\"},{\"@type\":\"ListItem\",\"position\":3,\"name\":\"IPX3 and IPX4 Spray Nozzles\"}]},{\"@type\":\"WebSite\",\"@id\":\"https:\/\/ulmeka.com\/en\/#website\",\"url\":\"https:\/\/ulmeka.com\/en\/\",\"name\":\"Ulmeka Mekatronik - Test Cihazlar\u0131\",\"description\":\"Test Makinalar\u0131 - \u00d6zel Makina \u0130malat\u0131 - Otomasyon - Yaz\u0131l\u0131m - Makina Otomasyonu\",\"publisher\":{\"@id\":\"https:\/\/ulmeka.com\/en\/#organization\"},\"potentialAction\":[{\"@type\":\"SearchAction\",\"target\":{\"@type\":\"EntryPoint\",\"urlTemplate\":\"https:\/\/ulmeka.com\/en\/?s={search_term_string}\"},\"query-input\":{\"@type\":\"PropertyValueSpecification\",\"valueRequired\":true,\"valueName\":\"search_term_string\"}}],\"inLanguage\":\"en-US\"},{\"@type\":\"Organization\",\"@id\":\"https:\/\/ulmeka.com\/en\/#organization\",\"name\":\"Ulmeka Mechatronics - Test Equipment\",\"url\":\"https:\/\/ulmeka.com\/en\/\",\"logo\":{\"@type\":\"ImageObject\",\"inLanguage\":\"en-US\",\"@id\":\"https:\/\/ulmeka.com\/en\/#\/schema\/logo\/image\/\",\"url\":\"https:\/\/ulmeka.com\/wp-content\/uploads\/2023\/09\/ulmeka-logo.webp\",\"contentUrl\":\"https:\/\/ulmeka.com\/wp-content\/uploads\/2023\/09\/ulmeka-logo.webp\",\"width\":1427,\"height\":385,\"caption\":\"Ulmeka Mechatronics - Test Equipment\"},\"image\":{\"@id\":\"https:\/\/ulmeka.com\/en\/#\/schema\/logo\/image\/\"},\"sameAs\":[\"https:\/\/www.facebook.com\/ulmekamekatronik\"]}]}<\/script>\n<!-- \/ Yoast SEO plugin. -->","yoast_head_json":{"title":"IPX3 and IPX4 Spray Nozzles - Ulmeka Mechatronics","robots":{"index":"index","follow":"follow","max-snippet":"max-snippet:-1","max-image-preview":"max-image-preview:large","max-video-preview":"max-video-preview:-1"},"canonical":"https:\/\/ulmeka.com\/en\/urun\/ipx3-and-ipx4-spray-nozzles\/","og_locale":"en_US","og_type":"article","og_title":"IPX3 and IPX4 Spray Nozzles - Ulmeka Mechatronics","og_description":"IPX3 and IPX4 Spray Nozzles The IPX3 and IPX4 spray nozzles are used in tests that measure the water resistance","og_url":"https:\/\/ulmeka.com\/en\/urun\/ipx3-and-ipx4-spray-nozzles\/","og_site_name":"Ulmeka Mechatronics","article_publisher":"https:\/\/www.facebook.com\/ulmekamekatronik","article_modified_time":"2025-01-23T08:29:03+00:00","og_image":[{"width":1000,"height":1000,"url":"https:\/\/ulmeka.com\/wp-content\/uploads\/2023\/09\/IPX3-IPX4-Spray-Nozzle.jpg","type":"image\/jpeg"}],"twitter_card":"summary_large_image","twitter_misc":{"Est. reading time":"2 minutes"},"schema":{"@context":"https:\/\/schema.org","@graph":[{"@type":"WebPage","@id":"https:\/\/ulmeka.com\/en\/urun\/ipx3-and-ipx4-spray-nozzles\/","url":"https:\/\/ulmeka.com\/en\/urun\/ipx3-and-ipx4-spray-nozzles\/","name":"IPX3 and IPX4 Spray Nozzles - Ulmeka Mechatronics","isPartOf":{"@id":"https:\/\/ulmeka.com\/en\/#website"},"primaryImageOfPage":{"@id":"https:\/\/ulmeka.com\/en\/urun\/ipx3-and-ipx4-spray-nozzles\/#primaryimage"},"image":{"@id":"https:\/\/ulmeka.com\/en\/urun\/ipx3-and-ipx4-spray-nozzles\/#primaryimage"},"thumbnailUrl":"https:\/\/ulmeka.com\/wp-content\/uploads\/2023\/09\/IPX3-IPX4-Spray-Nozzle.jpg","datePublished":"2023-09-22T11:46:38+00:00","dateModified":"2025-01-23T08:29:03+00:00","breadcrumb":{"@id":"https:\/\/ulmeka.com\/en\/urun\/ipx3-and-ipx4-spray-nozzles\/#breadcrumb"},"inLanguage":"en-US","potentialAction":[{"@type":"ReadAction","target":["https:\/\/ulmeka.com\/en\/urun\/ipx3-and-ipx4-spray-nozzles\/"]}]},{"@type":"ImageObject","inLanguage":"en-US","@id":"https:\/\/ulmeka.com\/en\/urun\/ipx3-and-ipx4-spray-nozzles\/#primaryimage","url":"https:\/\/ulmeka.com\/wp-content\/uploads\/2023\/09\/IPX3-IPX4-Spray-Nozzle.jpg","contentUrl":"https:\/\/ulmeka.com\/wp-content\/uploads\/2023\/09\/IPX3-IPX4-Spray-Nozzle.jpg","width":1000,"height":1000},{"@type":"BreadcrumbList","@id":"https:\/\/ulmeka.com\/en\/urun\/ipx3-and-ipx4-spray-nozzles\/#breadcrumb","itemListElement":[{"@type":"ListItem","position":1,"name":"Homepage","item":"https:\/\/ulmeka.com\/en\/"},{"@type":"ListItem","position":2,"name":"Shop","item":"https:\/\/ulmeka.com\/en\/?page_id=10392"},{"@type":"ListItem","position":3,"name":"IPX3 and IPX4 Spray Nozzles"}]},{"@type":"WebSite","@id":"https:\/\/ulmeka.com\/en\/#website","url":"https:\/\/ulmeka.com\/en\/","name":"Ulmeka Mekatronik - Test Cihazlar\u0131","description":"Test Makinalar\u0131 - \u00d6zel Makina \u0130malat\u0131 - Otomasyon - Yaz\u0131l\u0131m - Makina Otomasyonu","publisher":{"@id":"https:\/\/ulmeka.com\/en\/#organization"},"potentialAction":[{"@type":"SearchAction","target":{"@type":"EntryPoint","urlTemplate":"https:\/\/ulmeka.com\/en\/?s={search_term_string}"},"query-input":{"@type":"PropertyValueSpecification","valueRequired":true,"valueName":"search_term_string"}}],"inLanguage":"en-US"},{"@type":"Organization","@id":"https:\/\/ulmeka.com\/en\/#organization","name":"Ulmeka Mechatronics - Test Equipment","url":"https:\/\/ulmeka.com\/en\/","logo":{"@type":"ImageObject","inLanguage":"en-US","@id":"https:\/\/ulmeka.com\/en\/#\/schema\/logo\/image\/","url":"https:\/\/ulmeka.com\/wp-content\/uploads\/2023\/09\/ulmeka-logo.webp","contentUrl":"https:\/\/ulmeka.com\/wp-content\/uploads\/2023\/09\/ulmeka-logo.webp","width":1427,"height":385,"caption":"Ulmeka Mechatronics - Test Equipment"},"image":{"@id":"https:\/\/ulmeka.com\/en\/#\/schema\/logo\/image\/"},"sameAs":["https:\/\/www.facebook.com\/ulmekamekatronik"]}]}},"jetpack_sharing_enabled":true,"_links":{"self":[{"href":"https:\/\/ulmeka.com\/en\/wp-json\/wp\/v2\/product\/10764","targetHints":{"allow":["GET"]}}],"collection":[{"href":"https:\/\/ulmeka.com\/en\/wp-json\/wp\/v2\/product"}],"about":[{"href":"https:\/\/ulmeka.com\/en\/wp-json\/wp\/v2\/types\/product"}],"version-history":[{"count":1,"href":"https:\/\/ulmeka.com\/en\/wp-json\/wp\/v2\/product\/10764\/revisions"}],"predecessor-version":[{"id":10765,"href":"https:\/\/ulmeka.com\/en\/wp-json\/wp\/v2\/product\/10764\/revisions\/10765"}],"wp:featuredmedia":[{"embeddable":true,"href":"https:\/\/ulmeka.com\/en\/wp-json\/wp\/v2\/media\/10462"}],"wp:attachment":[{"href":"https:\/\/ulmeka.com\/en\/wp-json\/wp\/v2\/media?parent=10764"}],"wp:term":[{"taxonomy":"product_brand","embeddable":true,"href":"https:\/\/ulmeka.com\/en\/wp-json\/wp\/v2\/product_brand?post=10764"},{"taxonomy":"product_cat","embeddable":true,"href":"https:\/\/ulmeka.com\/en\/wp-json\/wp\/v2\/product_cat?post=10764"},{"taxonomy":"product_tag","embeddable":true,"href":"https:\/\/ulmeka.com\/en\/wp-json\/wp\/v2\/product_tag?post=10764"}],"curies":[{"name":"wp","href":"https:\/\/api.w.org\/{rel}","templated":true}]}}