{"id":10760,"date":"2023-09-22T14:46:39","date_gmt":"2023-09-22T11:46:39","guid":{"rendered":"https:\/\/ulmeka.com\/urun\/climatic-test-chambers\/"},"modified":"2025-02-24T12:45:20","modified_gmt":"2025-02-24T09:45:20","slug":"climatic-test-chambers","status":"publish","type":"product","link":"https:\/\/ulmeka.com\/en\/urun\/climatic-test-chambers\/","title":{"rendered":"Climatic Test Chambers"},"content":{"rendered":"<h3>Climatic Test Chambers<\/h3>\n<p>Climatic Test Chambers are used to evaluate the performance of products under varying temperature and humidity conditions. These chambers are critical for testing product safety and durability across a wide range of industries, from automotive to electronics, pharmaceuticals to materials science.<\/p>\n<hr \/>\n<h3>Features &amp; Capabilities<\/h3>\n<ul>\n<li><strong>Temperature Range<\/strong>: <strong>-70\u00b0C to +180\u00b0C<\/strong><\/li>\n<li><strong>Humidity Range<\/strong>: <strong>10% to 98% RH<\/strong> (Relative Humidity)<\/li>\n<li><strong>Testing Options<\/strong>:\n<ul>\n<li>Stability tests<\/li>\n<li>Rapid temperature change tests<\/li>\n<li>Corrosion testing<\/li>\n<li>Climatic cycling<\/li>\n<\/ul>\n<\/li>\n<li><strong>Applications<\/strong>:\n<ul>\n<li>Testing of materials and products under extreme environmental conditions.<\/li>\n<\/ul>\n<\/li>\n<\/ul>\n<hr \/>\n<h3>Relevant Standards<\/h3>\n<ul>\n<li><strong>IEC 60068<\/strong> (60068-2-1, 60068-2-2, 60068-2-30)<\/li>\n<li><strong>IEC 61300<\/strong><\/li>\n<li><strong>EN 60068<\/strong><\/li>\n<li><strong>EN 60529<\/strong><\/li>\n<li><strong>UL 94<\/strong><\/li>\n<li><strong>UL 746C<\/strong><\/li>\n<li><strong>TSE EN 60068<\/strong><\/li>\n<li><strong>TSE EN ISO 6270<\/strong><\/li>\n<li><strong>TS EN 50581<\/strong><\/li>\n<\/ul>\n<hr \/>\n<h3>Custom Design<\/h3>\n<p>The design of the climatic test chambers is tailored to each user&#8217;s needs for material and test safety. You can contact us to specify the <strong>dimensions<\/strong> and <strong>custom requirements<\/strong> of the chamber for your application.<\/p>\n<p>For more information or to place an order, feel free to <a href=\"mailto:info@ulmeka.com\"><strong>contact us<\/strong><\/a>!<\/p>\n","protected":false},"excerpt":{"rendered":"<p data-start=\"0\" data-end=\"27\"><strong data-start=\"0\" data-end=\"25\">Climate Test Chambers<\/strong><\/p>\n<p data-start=\"29\" data-end=\"231\" data-is-last-node=\"\" data-is-only-node=\"\">Since the design of these types of chambers is unique to each user in terms of material and test safety, you can <a href=\"mailto: info@ulmeka.com\">contact us<\/a> to specify the dimensions according to your needs and obtain more information.<\/p>\n","protected":false},"featured_media":10436,"template":"","meta":[],"product_brand":[],"product_cat":[283,284,278,286],"product_tag":[],"class_list":{"0":"post-10760","1":"product","2":"type-product","3":"status-publish","4":"has-post-thumbnail","6":"product_cat-environmental-test-chambers","7":"product_cat-mil-std-tests","8":"product_cat-mil-std-810-h-en","9":"product_cat-walk-in-test-rooms","11":"first","12":"instock","13":"shipping-taxable","14":"product-type-simple"},"yoast_head":"<!-- This site is optimized with the Yoast SEO plugin v24.3 - https:\/\/yoast.com\/wordpress\/plugins\/seo\/ -->\n<title>Climatic Test Chambers - Ulmeka Mechatronics<\/title>\n<meta name=\"robots\" content=\"index, follow, max-snippet:-1, max-image-preview:large, max-video-preview:-1\" \/>\n<link rel=\"canonical\" href=\"https:\/\/ulmeka.com\/en\/urun\/climatic-test-chambers\/\" \/>\n<meta property=\"og:locale\" content=\"en_US\" \/>\n<meta property=\"og:type\" content=\"article\" \/>\n<meta property=\"og:title\" content=\"Climatic Test Chambers - Ulmeka Mechatronics\" \/>\n<meta property=\"og:description\" content=\"Climate Test Chambers Since the design of these types of chambers is unique to each user in terms of material and test safety, you can contact us to specify the dimensions according to your needs and obtain more information.\" \/>\n<meta property=\"og:url\" content=\"https:\/\/ulmeka.com\/en\/urun\/climatic-test-chambers\/\" \/>\n<meta property=\"og:site_name\" content=\"Ulmeka Mechatronics\" \/>\n<meta property=\"article:publisher\" content=\"https:\/\/www.facebook.com\/ulmekamekatronik\" \/>\n<meta property=\"article:modified_time\" content=\"2025-02-24T09:45:20+00:00\" \/>\n<meta property=\"og:image\" content=\"https:\/\/ulmeka.com\/wp-content\/uploads\/2023\/09\/Walk-in-Environmental-Test-Chamber.jpg\" \/>\n\t<meta property=\"og:image:width\" content=\"1000\" \/>\n\t<meta property=\"og:image:height\" content=\"1000\" \/>\n\t<meta property=\"og:image:type\" content=\"image\/jpeg\" \/>\n<meta name=\"twitter:card\" content=\"summary_large_image\" \/>\n<meta name=\"twitter:label1\" content=\"Est. reading time\" \/>\n\t<meta name=\"twitter:data1\" content=\"2 minutes\" \/>\n<script type=\"application\/ld+json\" class=\"yoast-schema-graph\">{\"@context\":\"https:\/\/schema.org\",\"@graph\":[{\"@type\":\"WebPage\",\"@id\":\"https:\/\/ulmeka.com\/en\/urun\/climatic-test-chambers\/\",\"url\":\"https:\/\/ulmeka.com\/en\/urun\/climatic-test-chambers\/\",\"name\":\"Climatic Test Chambers - Ulmeka Mechatronics\",\"isPartOf\":{\"@id\":\"https:\/\/ulmeka.com\/en\/#website\"},\"primaryImageOfPage\":{\"@id\":\"https:\/\/ulmeka.com\/en\/urun\/climatic-test-chambers\/#primaryimage\"},\"image\":{\"@id\":\"https:\/\/ulmeka.com\/en\/urun\/climatic-test-chambers\/#primaryimage\"},\"thumbnailUrl\":\"https:\/\/ulmeka.com\/wp-content\/uploads\/2023\/09\/Walk-in-Environmental-Test-Chamber.jpg\",\"datePublished\":\"2023-09-22T11:46:39+00:00\",\"dateModified\":\"2025-02-24T09:45:20+00:00\",\"breadcrumb\":{\"@id\":\"https:\/\/ulmeka.com\/en\/urun\/climatic-test-chambers\/#breadcrumb\"},\"inLanguage\":\"en-US\",\"potentialAction\":[{\"@type\":\"ReadAction\",\"target\":[\"https:\/\/ulmeka.com\/en\/urun\/climatic-test-chambers\/\"]}]},{\"@type\":\"ImageObject\",\"inLanguage\":\"en-US\",\"@id\":\"https:\/\/ulmeka.com\/en\/urun\/climatic-test-chambers\/#primaryimage\",\"url\":\"https:\/\/ulmeka.com\/wp-content\/uploads\/2023\/09\/Walk-in-Environmental-Test-Chamber.jpg\",\"contentUrl\":\"https:\/\/ulmeka.com\/wp-content\/uploads\/2023\/09\/Walk-in-Environmental-Test-Chamber.jpg\",\"width\":1000,\"height\":1000},{\"@type\":\"BreadcrumbList\",\"@id\":\"https:\/\/ulmeka.com\/en\/urun\/climatic-test-chambers\/#breadcrumb\",\"itemListElement\":[{\"@type\":\"ListItem\",\"position\":1,\"name\":\"Homepage\",\"item\":\"https:\/\/ulmeka.com\/en\/\"},{\"@type\":\"ListItem\",\"position\":2,\"name\":\"Shop\",\"item\":\"https:\/\/ulmeka.com\/en\/?page_id=10392\"},{\"@type\":\"ListItem\",\"position\":3,\"name\":\"Climatic Test Chambers\"}]},{\"@type\":\"WebSite\",\"@id\":\"https:\/\/ulmeka.com\/en\/#website\",\"url\":\"https:\/\/ulmeka.com\/en\/\",\"name\":\"Ulmeka Mekatronik - Test Cihazlar\u0131\",\"description\":\"Test Makinalar\u0131 - \u00d6zel Makina \u0130malat\u0131 - Otomasyon - Yaz\u0131l\u0131m - Makina Otomasyonu\",\"publisher\":{\"@id\":\"https:\/\/ulmeka.com\/en\/#organization\"},\"potentialAction\":[{\"@type\":\"SearchAction\",\"target\":{\"@type\":\"EntryPoint\",\"urlTemplate\":\"https:\/\/ulmeka.com\/en\/?s={search_term_string}\"},\"query-input\":{\"@type\":\"PropertyValueSpecification\",\"valueRequired\":true,\"valueName\":\"search_term_string\"}}],\"inLanguage\":\"en-US\"},{\"@type\":\"Organization\",\"@id\":\"https:\/\/ulmeka.com\/en\/#organization\",\"name\":\"Ulmeka Mechatronics - Test Equipment\",\"url\":\"https:\/\/ulmeka.com\/en\/\",\"logo\":{\"@type\":\"ImageObject\",\"inLanguage\":\"en-US\",\"@id\":\"https:\/\/ulmeka.com\/en\/#\/schema\/logo\/image\/\",\"url\":\"https:\/\/ulmeka.com\/wp-content\/uploads\/2023\/09\/ulmeka-logo.webp\",\"contentUrl\":\"https:\/\/ulmeka.com\/wp-content\/uploads\/2023\/09\/ulmeka-logo.webp\",\"width\":1427,\"height\":385,\"caption\":\"Ulmeka Mechatronics - Test Equipment\"},\"image\":{\"@id\":\"https:\/\/ulmeka.com\/en\/#\/schema\/logo\/image\/\"},\"sameAs\":[\"https:\/\/www.facebook.com\/ulmekamekatronik\"]}]}<\/script>\n<!-- \/ Yoast SEO plugin. -->","yoast_head_json":{"title":"Climatic Test Chambers - Ulmeka Mechatronics","robots":{"index":"index","follow":"follow","max-snippet":"max-snippet:-1","max-image-preview":"max-image-preview:large","max-video-preview":"max-video-preview:-1"},"canonical":"https:\/\/ulmeka.com\/en\/urun\/climatic-test-chambers\/","og_locale":"en_US","og_type":"article","og_title":"Climatic Test Chambers - Ulmeka Mechatronics","og_description":"Climate Test Chambers Since the design of these types of chambers is unique to each user in terms of material and test safety, you can contact us to specify the dimensions according to your needs and obtain more information.","og_url":"https:\/\/ulmeka.com\/en\/urun\/climatic-test-chambers\/","og_site_name":"Ulmeka Mechatronics","article_publisher":"https:\/\/www.facebook.com\/ulmekamekatronik","article_modified_time":"2025-02-24T09:45:20+00:00","og_image":[{"width":1000,"height":1000,"url":"https:\/\/ulmeka.com\/wp-content\/uploads\/2023\/09\/Walk-in-Environmental-Test-Chamber.jpg","type":"image\/jpeg"}],"twitter_card":"summary_large_image","twitter_misc":{"Est. reading time":"2 minutes"},"schema":{"@context":"https:\/\/schema.org","@graph":[{"@type":"WebPage","@id":"https:\/\/ulmeka.com\/en\/urun\/climatic-test-chambers\/","url":"https:\/\/ulmeka.com\/en\/urun\/climatic-test-chambers\/","name":"Climatic Test Chambers - Ulmeka Mechatronics","isPartOf":{"@id":"https:\/\/ulmeka.com\/en\/#website"},"primaryImageOfPage":{"@id":"https:\/\/ulmeka.com\/en\/urun\/climatic-test-chambers\/#primaryimage"},"image":{"@id":"https:\/\/ulmeka.com\/en\/urun\/climatic-test-chambers\/#primaryimage"},"thumbnailUrl":"https:\/\/ulmeka.com\/wp-content\/uploads\/2023\/09\/Walk-in-Environmental-Test-Chamber.jpg","datePublished":"2023-09-22T11:46:39+00:00","dateModified":"2025-02-24T09:45:20+00:00","breadcrumb":{"@id":"https:\/\/ulmeka.com\/en\/urun\/climatic-test-chambers\/#breadcrumb"},"inLanguage":"en-US","potentialAction":[{"@type":"ReadAction","target":["https:\/\/ulmeka.com\/en\/urun\/climatic-test-chambers\/"]}]},{"@type":"ImageObject","inLanguage":"en-US","@id":"https:\/\/ulmeka.com\/en\/urun\/climatic-test-chambers\/#primaryimage","url":"https:\/\/ulmeka.com\/wp-content\/uploads\/2023\/09\/Walk-in-Environmental-Test-Chamber.jpg","contentUrl":"https:\/\/ulmeka.com\/wp-content\/uploads\/2023\/09\/Walk-in-Environmental-Test-Chamber.jpg","width":1000,"height":1000},{"@type":"BreadcrumbList","@id":"https:\/\/ulmeka.com\/en\/urun\/climatic-test-chambers\/#breadcrumb","itemListElement":[{"@type":"ListItem","position":1,"name":"Homepage","item":"https:\/\/ulmeka.com\/en\/"},{"@type":"ListItem","position":2,"name":"Shop","item":"https:\/\/ulmeka.com\/en\/?page_id=10392"},{"@type":"ListItem","position":3,"name":"Climatic Test Chambers"}]},{"@type":"WebSite","@id":"https:\/\/ulmeka.com\/en\/#website","url":"https:\/\/ulmeka.com\/en\/","name":"Ulmeka Mekatronik - Test Cihazlar\u0131","description":"Test Makinalar\u0131 - \u00d6zel Makina \u0130malat\u0131 - Otomasyon - Yaz\u0131l\u0131m - Makina Otomasyonu","publisher":{"@id":"https:\/\/ulmeka.com\/en\/#organization"},"potentialAction":[{"@type":"SearchAction","target":{"@type":"EntryPoint","urlTemplate":"https:\/\/ulmeka.com\/en\/?s={search_term_string}"},"query-input":{"@type":"PropertyValueSpecification","valueRequired":true,"valueName":"search_term_string"}}],"inLanguage":"en-US"},{"@type":"Organization","@id":"https:\/\/ulmeka.com\/en\/#organization","name":"Ulmeka Mechatronics - Test Equipment","url":"https:\/\/ulmeka.com\/en\/","logo":{"@type":"ImageObject","inLanguage":"en-US","@id":"https:\/\/ulmeka.com\/en\/#\/schema\/logo\/image\/","url":"https:\/\/ulmeka.com\/wp-content\/uploads\/2023\/09\/ulmeka-logo.webp","contentUrl":"https:\/\/ulmeka.com\/wp-content\/uploads\/2023\/09\/ulmeka-logo.webp","width":1427,"height":385,"caption":"Ulmeka Mechatronics - Test Equipment"},"image":{"@id":"https:\/\/ulmeka.com\/en\/#\/schema\/logo\/image\/"},"sameAs":["https:\/\/www.facebook.com\/ulmekamekatronik"]}]}},"jetpack_sharing_enabled":true,"_links":{"self":[{"href":"https:\/\/ulmeka.com\/en\/wp-json\/wp\/v2\/product\/10760","targetHints":{"allow":["GET"]}}],"collection":[{"href":"https:\/\/ulmeka.com\/en\/wp-json\/wp\/v2\/product"}],"about":[{"href":"https:\/\/ulmeka.com\/en\/wp-json\/wp\/v2\/types\/product"}],"version-history":[{"count":2,"href":"https:\/\/ulmeka.com\/en\/wp-json\/wp\/v2\/product\/10760\/revisions"}],"predecessor-version":[{"id":12948,"href":"https:\/\/ulmeka.com\/en\/wp-json\/wp\/v2\/product\/10760\/revisions\/12948"}],"wp:featuredmedia":[{"embeddable":true,"href":"https:\/\/ulmeka.com\/en\/wp-json\/wp\/v2\/media\/10436"}],"wp:attachment":[{"href":"https:\/\/ulmeka.com\/en\/wp-json\/wp\/v2\/media?parent=10760"}],"wp:term":[{"taxonomy":"product_brand","embeddable":true,"href":"https:\/\/ulmeka.com\/en\/wp-json\/wp\/v2\/product_brand?post=10760"},{"taxonomy":"product_cat","embeddable":true,"href":"https:\/\/ulmeka.com\/en\/wp-json\/wp\/v2\/product_cat?post=10760"},{"taxonomy":"product_tag","embeddable":true,"href":"https:\/\/ulmeka.com\/en\/wp-json\/wp\/v2\/product_tag?post=10760"}],"curies":[{"name":"wp","href":"https:\/\/api.w.org\/{rel}","templated":true}]}}