{"id":10756,"date":"2025-01-15T11:15:19","date_gmt":"2025-01-15T08:15:19","guid":{"rendered":"https:\/\/ulmeka.com\/urun\/mil-std-810h-method-510-7-dust-and-sand-test-machine\/"},"modified":"2025-02-10T10:37:32","modified_gmt":"2025-02-10T07:37:32","slug":"mil-std-810h-method-510-7-dust-and-sand-test-machine","status":"publish","type":"product","link":"https:\/\/ulmeka.com\/en\/urun\/mil-std-810h-method-510-7-dust-and-sand-test-machine\/","title":{"rendered":"MIL-STD-810H Dust and Sand (Method 510.7) Test Machine"},"content":{"rendered":"<h3>MIL-STD-810H (Method 510.7) Dust and Sand<\/h3>\n<h3><strong>MIL-STD-810G (Method 510.5)<\/strong> Test Machine<\/h3>\n<p>The <strong>MIL-STD-810H (Method 510.7) Dust and Sand Test Machine<\/strong> is designed to assess the durability of devices in dusty and sandy environments. This test machine is crucial for military, automotive, and outdoor equipment, evaluating the effects of dust and sand, such as wear and performance loss, on the devices.<\/p>\n<hr \/>\n<h3>Test Objectives<\/h3>\n<ul>\n<li><strong>Dust and Sand Durability:<\/strong> Testing whether products can operate effectively in dusty and sandy environments.<\/li>\n<li><strong>Performance Degradation:<\/strong> Analyzing the potential damage caused by dust and sand accumulation on device components.<\/li>\n<li><strong>Protective Surface Testing:<\/strong> Evaluating the resistance of the device&#8217;s exterior and enclosures against such harsh conditions.<\/li>\n<\/ul>\n<hr \/>\n<h2><strong>1. Scope<\/strong><\/h2>\n<h3><strong>1.1 Purpose:<\/strong><\/h3>\n<p>This test is used to evaluate the effects of sand and dust environments on materials. <strong>Method 510.7<\/strong> defines:<\/p>\n<ul>\n<li><strong>Dust:<\/strong> Particles smaller than <strong>150 \u00b5m<\/strong> in diameter.<\/li>\n<li><strong>Sand:<\/strong> Particles between <strong>150 &#8211; 850 \u00b5m<\/strong> in diameter.<\/li>\n<\/ul>\n<p>This test includes two different procedures:<\/p>\n<ol>\n<li><strong>Dust test (&lt;150 \u00b5m):<\/strong> Evaluates the effects of fine dust that can clog openings, penetrate cracks, bearings, and seals. Also tests the effectiveness of filters.<\/li>\n<li><strong>Sand test (150 &#8211; 850 \u00b5m):<\/strong> Evaluates the abrasive effects of sand during storage and operation. Tests the erosion and clogging effects of sharp-edged particles.<\/li>\n<\/ol>\n<h3><strong>1.2 Application:<\/strong><\/h3>\n<p>This method applies to <strong>mechanical, optical, electrical, electronic, electrochemical, and electromechanical devices<\/strong>. In particular, <strong>portable and platform-mounted devices<\/strong> should be tested to ensure they can operate in sand and dust-filled atmospheres.<\/p>\n<h3><strong>1.3 Limitations:<\/strong><\/h3>\n<ul>\n<li>Electrostatic charge accumulation is not evaluated.<\/li>\n<li>Outdoor tests and the effects of settled dust are not considered.<\/li>\n<li>Special tests are required for missiles, aircraft fuselages, and rotor blades exposed to <strong>abrasive particles at hypersonic speeds<\/strong>.<\/li>\n<\/ul>\n<hr \/>\n<h2><strong>2. Test Tailoring Guidance<\/strong><\/h2>\n<h3><strong>2.1 Selecting this method<\/strong><\/h3>\n<p>This test should be selected based on the likelihood of the material being exposed to <strong>sand and dust environments<\/strong> during its lifecycle.<\/p>\n<h3><strong>2.1.1 Effects of Sand and Dust Environments<\/strong><\/h3>\n<ul>\n<li><strong>Abrasion and erosion<\/strong><\/li>\n<li><strong>Penetration into seals<\/strong><\/li>\n<li><strong>Performance degradation in electrical circuits<\/strong><\/li>\n<li><strong>Clogging of openings and filters<\/strong><\/li>\n<li><strong>Reduction in heat transfer<\/strong><\/li>\n<li><strong>Degradation of optical systems<\/strong><\/li>\n<li><strong>Overheating and fire risk due to ventilation blockage<\/strong><\/li>\n<li><strong>Reduction in signal transmission<\/strong><\/li>\n<\/ul>\n<h3><strong>2.1.2 Sequencing with other test methods<\/strong><\/h3>\n<p>The sand and dust test can provide better results when combined with the following methods:<\/p>\n<ul>\n<li><strong>Method 505.7 (Solar Radiation Test)<\/strong><\/li>\n<li><strong>Method 507.6 (Humidity Test)<\/strong><\/li>\n<li><strong>Method 508.8 (Fungus Test)<\/strong><\/li>\n<li><strong>Method 509.6 (Salt Fog Test)<\/strong><\/li>\n<\/ul>\n<h3><strong>2.2 Test procedure selection<\/strong><\/h3>\n<p><strong>Method 510.7<\/strong> includes two procedures:<\/p>\n<ol>\n<li><strong>Procedure I &#8211; Blowing Dust (&lt;150 \u00b5m):<\/strong> Tests the sensitivity of materials to dust particles.<\/li>\n<li><strong>Procedure II &#8211; Blowing Sand (150 &#8211; 850 \u00b5m):<\/strong> Tests the resistance of materials to airborne sand particles.<\/li>\n<\/ol>\n<h3><strong>2.3 Determining test levels and conditions<\/strong><\/h3>\n<ul>\n<li><strong>Climatic conditions:<\/strong> The environmental conditions where the material will be used should be considered.<\/li>\n<li><strong>Exposure duration:<\/strong> The test should be performed for durations that match real-world usage scenarios.<\/li>\n<li><strong>Material configuration:<\/strong> The placement of the tested material during actual use should be taken into account.<\/li>\n<\/ul>\n<hr \/>\n<h2><strong>3. Information Required<\/strong><\/h2>\n<h3><strong>3.1 Pre-test preparations<\/strong><\/h3>\n<ul>\n<li>Test chamber temperature and humidity level.<\/li>\n<li>Sand and dust composition.<\/li>\n<li>Airspeed and particle density.<\/li>\n<\/ul>\n<h3><strong>3.2 Data to be collected during the test<\/strong><\/h3>\n<ul>\n<li>Airflow and particle distribution in the test chamber.<\/li>\n<li>Amount of wear on the surface of the tested material.<\/li>\n<\/ul>\n<h3><strong>3.3 Post-test data<\/strong><\/h3>\n<ul>\n<li>The effects of dust or sand on the tested material.<\/li>\n<li>The functional condition and operability of the tested material.<\/li>\n<\/ul>\n<hr \/>\n<h2><strong>4. Test Process<\/strong><\/h2>\n<h3><strong>4.1 Test Facility and Equipment<\/strong><\/h3>\n<ul>\n<li><strong>For the dust test,<\/strong> a test chamber capable of keeping dust particles airborne is required.<\/li>\n<li><strong>For the sand test,<\/strong> a system capable of generating high-speed airflow is required.<\/li>\n<\/ul>\n<h3><strong>4.2 Test Controls<\/strong><\/h3>\n<ul>\n<li><strong>Airspeed:<\/strong>\n<ul>\n<li>For sand testing: <strong>18-29 m\/s (40-65 mph)<\/strong>.<\/li>\n<li>For dust testing: <strong>8.9 m\/s (1750 ft\/min)<\/strong>.<\/li>\n<\/ul>\n<\/li>\n<li><strong>Temperature:<\/strong> Must be maintained within specified ranges during testing.<\/li>\n<\/ul>\n<h3><strong>4.3 Test Interruptions<\/strong><\/h3>\n<ul>\n<li><strong>Test chamber failure:<\/strong> If test conditions are disrupted, the test should be restarted from the last successfully completed temperature level.<\/li>\n<li><strong>Material failure:<\/strong> If the tested material fails, a new sample should be used, and the test should be restarted.<\/li>\n<\/ul>\n<h3><strong>4.4 Test Implementation Procedures<\/strong><\/h3>\n<ul>\n<li><strong>Procedure I &#8211; Blowing Dust:<\/strong> Tests how dust particles penetrate openings and filters.<\/li>\n<li><strong>Procedure II &#8211; Blowing Sand:<\/strong> Evaluates the erosion effects of sharp-edged sand particles on surfaces.<\/li>\n<\/ul>\n<hr \/>\n<h2><strong>5. Analysis of Results<\/strong><\/h2>\n<p>Test results are analyzed based on the following:<\/p>\n<ul>\n<li><strong>Physical damage:<\/strong> Cracking, wear, clogging.<\/li>\n<li><strong>Functional degradation:<\/strong> Failures in electrical or mechanical components.<\/li>\n<li><strong>Chemical effects:<\/strong> Changes in material composition.<\/li>\n<li><strong>Optical systems:<\/strong> Accumulation of particles on lenses or screens.<\/li>\n<\/ul>\n<hr \/>\n<h2><strong>6. References and Related Documents<\/strong><\/h2>\n<ul>\n<li><strong>MIL-STD-810H<\/strong><\/li>\n<li><strong>NATO STANAG 4370, AECTP 300 (Climatic Environmental Testing, Method 313)<\/strong><\/li>\n<li><strong>MIL-HDBK-310 (Global Climatic Data)<\/strong><\/li>\n<\/ul>\n<h3>Key Features<\/h3>\n<table>\n<thead>\n<tr>\n<th><strong>Feature<\/strong><\/th>\n<th><strong>Value \/ Description<\/strong><\/th>\n<\/tr>\n<\/thead>\n<tbody>\n<tr>\n<td><strong>Dust Solution Ratio<\/strong><\/td>\n<td><strong>5% &#8211; 10%<\/strong> (for key dust types)<\/td>\n<\/tr>\n<tr>\n<td><strong>Sand Particle Size<\/strong><\/td>\n<td><strong>150 \u00b5m \u2013 500 \u00b5m<\/strong> (suitable for sandy environments)<\/td>\n<\/tr>\n<tr>\n<td><strong>Temperature Range<\/strong><\/td>\n<td><strong>-40\u00b0C \u2013 +60\u00b0C<\/strong> (adaptability to various environmental conditions)<\/td>\n<\/tr>\n<tr>\n<td><strong>Airflow Rate<\/strong><\/td>\n<td><strong>28 m\/s \u2013 56 m\/s<\/strong> (effective dispersion of dust and sand)<\/td>\n<\/tr>\n<tr>\n<td><strong>Test Duration<\/strong><\/td>\n<td><strong>1 hour \u2013 1000 hours<\/strong> (programmable test cycles)<\/td>\n<\/tr>\n<tr>\n<td><strong>Cabinet Volume<\/strong><\/td>\n<td><strong>50 L \u2013 1000 L<\/strong> (varied options based on device size)<\/td>\n<\/tr>\n<tr>\n<td><strong>Control System<\/strong><\/td>\n<td><strong>PLC-based, touch screen<\/strong> for fully automated control<\/td>\n<\/tr>\n<tr>\n<td><strong>Material<\/strong><\/td>\n<td><strong>Stainless steel<\/strong> and <strong>corrosion-resistant plastic<\/strong><\/td>\n<\/tr>\n<tr>\n<td><strong>Power Requirements<\/strong><\/td>\n<td><strong>220V AC, 50 Hz<\/strong> or <strong>380V AC, 50 Hz<\/strong><\/td>\n<\/tr>\n<tr>\n<td><strong>Monitoring and Logging<\/strong><\/td>\n<td><strong>Real-time test parameter recording and monitoring<\/strong> (USB\/LAN connection)<\/td>\n<\/tr>\n<tr>\n<td><strong>Optional Features<\/strong><\/td>\n<td>Special sensors for dust particle analysis, camera-based test monitoring<\/td>\n<\/tr>\n<\/tbody>\n<\/table>\n<hr \/>\n<h3>Application Areas<\/h3>\n<ul>\n<li><strong>Military Equipment:<\/strong> Testing devices designed to operate in desert environments.<\/li>\n<li><strong>Automotive Industry:<\/strong> Assessing the durability of off-road vehicles and other outdoor equipment.<\/li>\n<li><strong>Consumer Electronics:<\/strong> Evaluating the performance of electronic devices in dusty and\/or sandy conditions.<\/li>\n<\/ul>\n<hr \/>\n<p>For more detailed information about <strong>MIL-STD-810H (Method 510.7)<\/strong> and to place an order, please <a href=\"mailto:info@ulmeka.com\"><strong>contact us<\/strong><\/a>!<\/p>\n","protected":false},"excerpt":{"rendered":"<p>MIL-STD-810H (Method 510.7) Dust and Sand MIL-STD-810G (Method 510.5) Test Machine The MIL-STD-810H (Method 510.7) Dust and Sand Test Machine<\/p>\n","protected":false},"featured_media":12099,"template":"","meta":[],"product_brand":[],"product_cat":[283,284,278],"product_tag":[],"class_list":{"0":"post-10756","1":"product","2":"type-product","3":"status-publish","4":"has-post-thumbnail","6":"product_cat-environmental-test-chambers","7":"product_cat-mil-std-tests","8":"product_cat-mil-std-810-h-en","10":"first","11":"instock","12":"shipping-taxable","13":"product-type-simple"},"yoast_head":"<!-- This site is optimized with the Yoast SEO plugin v24.3 - https:\/\/yoast.com\/wordpress\/plugins\/seo\/ -->\n<title>MIL-STD-810H Dust and Sand (Method 510.7) Test Machine - Ulmeka Mechatronics<\/title>\n<meta name=\"robots\" content=\"index, follow, max-snippet:-1, max-image-preview:large, max-video-preview:-1\" \/>\n<link rel=\"canonical\" href=\"https:\/\/ulmeka.com\/en\/urun\/mil-std-810h-method-510-7-dust-and-sand-test-machine\/\" \/>\n<meta property=\"og:locale\" content=\"en_US\" \/>\n<meta property=\"og:type\" content=\"article\" \/>\n<meta property=\"og:title\" content=\"MIL-STD-810H Dust and Sand (Method 510.7) Test Machine - Ulmeka Mechatronics\" \/>\n<meta property=\"og:description\" content=\"MIL-STD-810H (Method 510.7) Dust and Sand MIL-STD-810G (Method 510.5) Test Machine The MIL-STD-810H (Method 510.7) Dust and Sand Test Machine\" \/>\n<meta property=\"og:url\" content=\"https:\/\/ulmeka.com\/en\/urun\/mil-std-810h-method-510-7-dust-and-sand-test-machine\/\" \/>\n<meta property=\"og:site_name\" content=\"Ulmeka Mechatronics\" \/>\n<meta property=\"article:publisher\" content=\"https:\/\/www.facebook.com\/ulmekamekatronik\" \/>\n<meta property=\"article:modified_time\" content=\"2025-02-10T07:37:32+00:00\" \/>\n<meta property=\"og:image\" content=\"https:\/\/ulmeka.com\/wp-content\/uploads\/2025\/01\/MIL-STD-810H-DUST-1.jpg\" \/>\n\t<meta property=\"og:image:width\" content=\"633\" \/>\n\t<meta property=\"og:image:height\" content=\"329\" \/>\n\t<meta property=\"og:image:type\" content=\"image\/jpeg\" \/>\n<meta name=\"twitter:card\" content=\"summary_large_image\" \/>\n<meta name=\"twitter:label1\" content=\"Est. reading time\" \/>\n\t<meta name=\"twitter:data1\" content=\"2 minutes\" \/>\n<script type=\"application\/ld+json\" class=\"yoast-schema-graph\">{\"@context\":\"https:\/\/schema.org\",\"@graph\":[{\"@type\":\"WebPage\",\"@id\":\"https:\/\/ulmeka.com\/en\/urun\/mil-std-810h-method-510-7-dust-and-sand-test-machine\/\",\"url\":\"https:\/\/ulmeka.com\/en\/urun\/mil-std-810h-method-510-7-dust-and-sand-test-machine\/\",\"name\":\"MIL-STD-810H Dust and Sand (Method 510.7) Test Machine - Ulmeka Mechatronics\",\"isPartOf\":{\"@id\":\"https:\/\/ulmeka.com\/en\/#website\"},\"primaryImageOfPage\":{\"@id\":\"https:\/\/ulmeka.com\/en\/urun\/mil-std-810h-method-510-7-dust-and-sand-test-machine\/#primaryimage\"},\"image\":{\"@id\":\"https:\/\/ulmeka.com\/en\/urun\/mil-std-810h-method-510-7-dust-and-sand-test-machine\/#primaryimage\"},\"thumbnailUrl\":\"https:\/\/ulmeka.com\/wp-content\/uploads\/2025\/01\/do-160-section-12.jpg\",\"datePublished\":\"2025-01-15T08:15:19+00:00\",\"dateModified\":\"2025-02-10T07:37:32+00:00\",\"breadcrumb\":{\"@id\":\"https:\/\/ulmeka.com\/en\/urun\/mil-std-810h-method-510-7-dust-and-sand-test-machine\/#breadcrumb\"},\"inLanguage\":\"en-US\",\"potentialAction\":[{\"@type\":\"ReadAction\",\"target\":[\"https:\/\/ulmeka.com\/en\/urun\/mil-std-810h-method-510-7-dust-and-sand-test-machine\/\"]}]},{\"@type\":\"ImageObject\",\"inLanguage\":\"en-US\",\"@id\":\"https:\/\/ulmeka.com\/en\/urun\/mil-std-810h-method-510-7-dust-and-sand-test-machine\/#primaryimage\",\"url\":\"https:\/\/ulmeka.com\/wp-content\/uploads\/2025\/01\/do-160-section-12.jpg\",\"contentUrl\":\"https:\/\/ulmeka.com\/wp-content\/uploads\/2025\/01\/do-160-section-12.jpg\",\"width\":500,\"height\":501},{\"@type\":\"BreadcrumbList\",\"@id\":\"https:\/\/ulmeka.com\/en\/urun\/mil-std-810h-method-510-7-dust-and-sand-test-machine\/#breadcrumb\",\"itemListElement\":[{\"@type\":\"ListItem\",\"position\":1,\"name\":\"Homepage\",\"item\":\"https:\/\/ulmeka.com\/en\/\"},{\"@type\":\"ListItem\",\"position\":2,\"name\":\"Shop\",\"item\":\"https:\/\/ulmeka.com\/en\/?page_id=10392\"},{\"@type\":\"ListItem\",\"position\":3,\"name\":\"MIL-STD-810H Dust and Sand (Method 510.7) Test Machine\"}]},{\"@type\":\"WebSite\",\"@id\":\"https:\/\/ulmeka.com\/en\/#website\",\"url\":\"https:\/\/ulmeka.com\/en\/\",\"name\":\"Ulmeka Mekatronik - Test Cihazlar\u0131\",\"description\":\"Test Makinalar\u0131 - \u00d6zel Makina \u0130malat\u0131 - Otomasyon - Yaz\u0131l\u0131m - Makina Otomasyonu\",\"publisher\":{\"@id\":\"https:\/\/ulmeka.com\/en\/#organization\"},\"potentialAction\":[{\"@type\":\"SearchAction\",\"target\":{\"@type\":\"EntryPoint\",\"urlTemplate\":\"https:\/\/ulmeka.com\/en\/?s={search_term_string}\"},\"query-input\":{\"@type\":\"PropertyValueSpecification\",\"valueRequired\":true,\"valueName\":\"search_term_string\"}}],\"inLanguage\":\"en-US\"},{\"@type\":\"Organization\",\"@id\":\"https:\/\/ulmeka.com\/en\/#organization\",\"name\":\"Ulmeka Mechatronics - Test Equipment\",\"url\":\"https:\/\/ulmeka.com\/en\/\",\"logo\":{\"@type\":\"ImageObject\",\"inLanguage\":\"en-US\",\"@id\":\"https:\/\/ulmeka.com\/en\/#\/schema\/logo\/image\/\",\"url\":\"https:\/\/ulmeka.com\/wp-content\/uploads\/2023\/09\/ulmeka-logo.webp\",\"contentUrl\":\"https:\/\/ulmeka.com\/wp-content\/uploads\/2023\/09\/ulmeka-logo.webp\",\"width\":1427,\"height\":385,\"caption\":\"Ulmeka Mechatronics - Test Equipment\"},\"image\":{\"@id\":\"https:\/\/ulmeka.com\/en\/#\/schema\/logo\/image\/\"},\"sameAs\":[\"https:\/\/www.facebook.com\/ulmekamekatronik\"]}]}<\/script>\n<!-- \/ Yoast SEO plugin. -->","yoast_head_json":{"title":"MIL-STD-810H Dust and Sand (Method 510.7) Test Machine - Ulmeka Mechatronics","robots":{"index":"index","follow":"follow","max-snippet":"max-snippet:-1","max-image-preview":"max-image-preview:large","max-video-preview":"max-video-preview:-1"},"canonical":"https:\/\/ulmeka.com\/en\/urun\/mil-std-810h-method-510-7-dust-and-sand-test-machine\/","og_locale":"en_US","og_type":"article","og_title":"MIL-STD-810H Dust and Sand (Method 510.7) Test Machine - Ulmeka Mechatronics","og_description":"MIL-STD-810H (Method 510.7) Dust and Sand MIL-STD-810G (Method 510.5) Test Machine The MIL-STD-810H (Method 510.7) Dust and Sand Test Machine","og_url":"https:\/\/ulmeka.com\/en\/urun\/mil-std-810h-method-510-7-dust-and-sand-test-machine\/","og_site_name":"Ulmeka Mechatronics","article_publisher":"https:\/\/www.facebook.com\/ulmekamekatronik","article_modified_time":"2025-02-10T07:37:32+00:00","og_image":[{"width":633,"height":329,"url":"https:\/\/ulmeka.com\/wp-content\/uploads\/2025\/01\/MIL-STD-810H-DUST-1.jpg","type":"image\/jpeg"}],"twitter_card":"summary_large_image","twitter_misc":{"Est. reading time":"2 minutes"},"schema":{"@context":"https:\/\/schema.org","@graph":[{"@type":"WebPage","@id":"https:\/\/ulmeka.com\/en\/urun\/mil-std-810h-method-510-7-dust-and-sand-test-machine\/","url":"https:\/\/ulmeka.com\/en\/urun\/mil-std-810h-method-510-7-dust-and-sand-test-machine\/","name":"MIL-STD-810H Dust and Sand (Method 510.7) Test Machine - Ulmeka Mechatronics","isPartOf":{"@id":"https:\/\/ulmeka.com\/en\/#website"},"primaryImageOfPage":{"@id":"https:\/\/ulmeka.com\/en\/urun\/mil-std-810h-method-510-7-dust-and-sand-test-machine\/#primaryimage"},"image":{"@id":"https:\/\/ulmeka.com\/en\/urun\/mil-std-810h-method-510-7-dust-and-sand-test-machine\/#primaryimage"},"thumbnailUrl":"https:\/\/ulmeka.com\/wp-content\/uploads\/2025\/01\/do-160-section-12.jpg","datePublished":"2025-01-15T08:15:19+00:00","dateModified":"2025-02-10T07:37:32+00:00","breadcrumb":{"@id":"https:\/\/ulmeka.com\/en\/urun\/mil-std-810h-method-510-7-dust-and-sand-test-machine\/#breadcrumb"},"inLanguage":"en-US","potentialAction":[{"@type":"ReadAction","target":["https:\/\/ulmeka.com\/en\/urun\/mil-std-810h-method-510-7-dust-and-sand-test-machine\/"]}]},{"@type":"ImageObject","inLanguage":"en-US","@id":"https:\/\/ulmeka.com\/en\/urun\/mil-std-810h-method-510-7-dust-and-sand-test-machine\/#primaryimage","url":"https:\/\/ulmeka.com\/wp-content\/uploads\/2025\/01\/do-160-section-12.jpg","contentUrl":"https:\/\/ulmeka.com\/wp-content\/uploads\/2025\/01\/do-160-section-12.jpg","width":500,"height":501},{"@type":"BreadcrumbList","@id":"https:\/\/ulmeka.com\/en\/urun\/mil-std-810h-method-510-7-dust-and-sand-test-machine\/#breadcrumb","itemListElement":[{"@type":"ListItem","position":1,"name":"Homepage","item":"https:\/\/ulmeka.com\/en\/"},{"@type":"ListItem","position":2,"name":"Shop","item":"https:\/\/ulmeka.com\/en\/?page_id=10392"},{"@type":"ListItem","position":3,"name":"MIL-STD-810H Dust and Sand (Method 510.7) Test Machine"}]},{"@type":"WebSite","@id":"https:\/\/ulmeka.com\/en\/#website","url":"https:\/\/ulmeka.com\/en\/","name":"Ulmeka Mekatronik - Test Cihazlar\u0131","description":"Test Makinalar\u0131 - \u00d6zel Makina \u0130malat\u0131 - Otomasyon - Yaz\u0131l\u0131m - Makina Otomasyonu","publisher":{"@id":"https:\/\/ulmeka.com\/en\/#organization"},"potentialAction":[{"@type":"SearchAction","target":{"@type":"EntryPoint","urlTemplate":"https:\/\/ulmeka.com\/en\/?s={search_term_string}"},"query-input":{"@type":"PropertyValueSpecification","valueRequired":true,"valueName":"search_term_string"}}],"inLanguage":"en-US"},{"@type":"Organization","@id":"https:\/\/ulmeka.com\/en\/#organization","name":"Ulmeka Mechatronics - Test Equipment","url":"https:\/\/ulmeka.com\/en\/","logo":{"@type":"ImageObject","inLanguage":"en-US","@id":"https:\/\/ulmeka.com\/en\/#\/schema\/logo\/image\/","url":"https:\/\/ulmeka.com\/wp-content\/uploads\/2023\/09\/ulmeka-logo.webp","contentUrl":"https:\/\/ulmeka.com\/wp-content\/uploads\/2023\/09\/ulmeka-logo.webp","width":1427,"height":385,"caption":"Ulmeka Mechatronics - Test Equipment"},"image":{"@id":"https:\/\/ulmeka.com\/en\/#\/schema\/logo\/image\/"},"sameAs":["https:\/\/www.facebook.com\/ulmekamekatronik"]}]}},"jetpack_sharing_enabled":true,"_links":{"self":[{"href":"https:\/\/ulmeka.com\/en\/wp-json\/wp\/v2\/product\/10756","targetHints":{"allow":["GET"]}}],"collection":[{"href":"https:\/\/ulmeka.com\/en\/wp-json\/wp\/v2\/product"}],"about":[{"href":"https:\/\/ulmeka.com\/en\/wp-json\/wp\/v2\/types\/product"}],"version-history":[{"count":4,"href":"https:\/\/ulmeka.com\/en\/wp-json\/wp\/v2\/product\/10756\/revisions"}],"predecessor-version":[{"id":11956,"href":"https:\/\/ulmeka.com\/en\/wp-json\/wp\/v2\/product\/10756\/revisions\/11956"}],"wp:featuredmedia":[{"embeddable":true,"href":"https:\/\/ulmeka.com\/en\/wp-json\/wp\/v2\/media\/12099"}],"wp:attachment":[{"href":"https:\/\/ulmeka.com\/en\/wp-json\/wp\/v2\/media?parent=10756"}],"wp:term":[{"taxonomy":"product_brand","embeddable":true,"href":"https:\/\/ulmeka.com\/en\/wp-json\/wp\/v2\/product_brand?post=10756"},{"taxonomy":"product_cat","embeddable":true,"href":"https:\/\/ulmeka.com\/en\/wp-json\/wp\/v2\/product_cat?post=10756"},{"taxonomy":"product_tag","embeddable":true,"href":"https:\/\/ulmeka.com\/en\/wp-json\/wp\/v2\/product_tag?post=10756"}],"curies":[{"name":"wp","href":"https:\/\/api.w.org\/{rel}","templated":true}]}}