{"id":12546,"date":"2025-02-13T13:49:04","date_gmt":"2025-02-13T10:49:04","guid":{"rendered":"https:\/\/ulmeka.com\/laboratory-setup\/"},"modified":"2025-02-25T10:45:54","modified_gmt":"2025-02-25T07:45:54","slug":"laboratory-setup","status":"publish","type":"page","link":"https:\/\/ulmeka.com\/en\/laboratory-setup\/","title":{"rendered":"Laboratory Setup"},"content":{"rendered":"<h2 style=\"text-align: center;\" data-pm-slice=\"1 1 []\"><strong>Laboratory Installation<\/strong><\/h2>\n<p>As <strong>ULMEKA Mekatronik LTD.<\/strong>, we provide the installation of the laboratories you need with our years of experience and expertise, utilizing the latest technological advancements, state-of-the-art technology, and superior engineering services.<\/p>\n<p>We manufacture and install all the test equipment required in your laboratory, including <strong><a href=\"https:\/\/ulmeka.com\/en\/urun-kategori\/ip-test-equipment\/\">IP Test Equipment<\/a>, <a href=\"https:\/\/ulmeka.com\/en\/urun-kategori\/environmental-test-chambers\/walk-in-test-rooms\/\">Walk-in Test Chambers<\/a>, <a href=\"https:\/\/ulmeka.com\/en\/urun-kategori\/environmental-test-chambers\/mil-std-tests\/\">MIL STD 810H Tests<\/a>, <a href=\"https:\/\/ulmeka.com\/en\/urun-kategori\/standards\/do-160-en\/\">DO 160 Tests<\/a>, <a href=\"https:\/\/ulmeka.com\/en\/urun-kategori\/test-equipment\/solar-panel-test-equipment\/\">Solar Panel Test Devices<\/a>, <a href=\"https:\/\/ulmeka.com\/en\/urun-kategori\/test-equipment\/tapware-and-faucet-test-devices\/\">Tapware and Faucet Test Devices<\/a>, <a href=\"https:\/\/ulmeka.com\/en\/urun-kategori\/standards\/en-60335-iec-60335-en\/\">Lighting Test Devices<\/a><\/strong>, and <a href=\"http:\/\/ulmeka.com\">all other test devices<\/a>. Below is a brief overview for your information.<\/p>\n<h2 style=\"text-align: center;\"><strong>IP Test Laboratory Installation<\/strong><\/h2>\n<p>An <strong>IP (Ingress Protection) test chamber<\/strong> is a specialized test environment used to measure the resistance of devices against water, dust, and other external factors. <strong>IP codes<\/strong> consist of two digits that determine the protection levels of devices. The first digit indicates the protection level against dust, while the second digit indicates the protection level against water. <strong>IP tests<\/strong> are widely applied in <strong>industrial products, electronic devices, transportation equipment, and the automotive industry<\/strong>, where waterproof and dustproof requirements are essential.<\/p>\n<h3 style=\"text-align: center;\"><strong>IP Test Levels<\/strong><\/h3>\n<p>IP tests consist of a series of tests that determine how resistant a device is to various external factors. The <strong>IP code<\/strong> consists of two digits: the <strong>first digit<\/strong> indicates the device\u2019s resistance to solid objects (e.g., dust), while the <strong>second digit<\/strong> indicates its resistance to water. Below are the detailed explanations of the IP tests:<\/p>\n<p><strong>IPX1 Test:<\/strong><br \/><strong>IPX1<\/strong> tests the resistance of a device to vertically falling water droplets. In this test, <strong>2.5 mm diameter water droplets<\/strong> fall on all sides of the device for <strong>10 minutes<\/strong>. It is checked whether any water enters the device. <strong>IPX1 provides a basic level of protection against water droplets.<\/strong><\/p>\n<p><strong>IPX2 Test:<\/strong><br \/><strong>IPX2<\/strong> tests the device&#8217;s protection against water droplets, allowing exposure at inclined angles. In this test, the device is exposed to <strong>2.5 mm diameter water droplets<\/strong> at a <strong>15\u00b0 angle<\/strong> for <strong>10 minutes<\/strong>. This test ensures the device&#8217;s resistance to light rain or water exposure at an inclined position.<\/p>\n<p><strong>IPX3 Test:<\/strong><br \/><strong>IPX3<\/strong> ensures that the device is protected against <strong>water sprays at a 60\u00b0 angle<\/strong>. The device is exposed to <strong>3 mm diameter water jets<\/strong> for <strong>5 minutes<\/strong>. The device must not be damaged by water or allow water to enter. <strong>IPX3 indicates resistance to rain and water splashes.<\/strong><\/p>\n<p><strong>IPX4 Test:<\/strong><br \/><strong>IPX4<\/strong> tests the device&#8217;s protection against <strong>water splashes from all directions<\/strong>. The device is exposed to <strong>1 mm diameter water jets<\/strong> for <strong>5 minutes<\/strong>. No water should enter, and functionality must not be affected. <strong>IPX4 confirms protection against light water splashes.<\/strong><\/p>\n<p><strong>IPX5 Test:<\/strong><br \/><strong>IPX5<\/strong> determines the resistance of the device to <strong>water jets<\/strong>. A <strong>6.3 mm diameter water jet<\/strong> is applied to all sides of the device at <strong>a pressure of 12.5 L\/min for at least 3 minutes<\/strong>. The device must prevent water ingress or show minimal effects, proving <strong>protection against water splashes and low-pressure water.<\/strong><\/p>\n<p><strong>IPX6 Test:<\/strong><br \/><strong>IPX6<\/strong> tests resistance to <strong>stronger water jets<\/strong>. The device is subjected to <strong>12.5 mm diameter water jets<\/strong> at <strong>100 L\/min for 3 minutes<\/strong>. The device should not allow water ingress or damage internal mechanisms. <strong>IPX6 ensures resistance to more challenging water conditions.<\/strong><\/p>\n<p><strong>IPX7 Test:<\/strong><br \/><strong>IPX7<\/strong> tests the device&#8217;s <strong>immersion resistance<\/strong>. The device is submerged in <strong>1 meter of water for 30 minutes<\/strong>, and no water ingress should be detected. This test proves the device&#8217;s resistance to short-term immersion.<\/p>\n<p><strong>IPX8 Test:<\/strong><br \/><strong>IPX8<\/strong> tests the device&#8217;s <strong>continuous water submersion resistance<\/strong>. Similar to <strong>IPX7<\/strong>, but in this case, the device is submerged <strong>at a depth and duration specified by the manufacturer<\/strong>. The device must be resistant to prolonged water immersion.<\/p>\n<p><strong>IPX9K Test:<\/strong><br \/><strong>IPX9K<\/strong> tests the device&#8217;s resistance to <strong>high-pressure and high-temperature water jets<\/strong>. The device is tested with <strong>80\u00b0C water at 14-16 L\/min at 80 bar pressure from a distance of 4-6 meters<\/strong>. This test confirms that the device is resistant to <strong>harsh industrial environments.<\/strong><\/p>\n<p style=\"text-align: center;\">As <a href=\"http:\/\/ulmeka.com\"><strong>ULMEKA Mekatronik LTD. <\/strong><\/a>, we design and manufacture all test equipment in compliance with relevant standards and according to your specific needs. Additionally, we provide <strong>support services for test laboratories and other laboratory test devices<\/strong> that you may require. If you need <strong>laboratory installation<\/strong> or <strong>custom-designed and custom-sized test devices<\/strong>, feel free to <a href=\"mailto: info@ulmeka.com\">contact us<\/a>.<\/p><p><\/p>","protected":false},"excerpt":{"rendered":"<p>Laboratory Installation As ULMEKA Mekatronik LTD., we provide the installation of the laboratories you need with our years of experience<\/p>\n","protected":false},"author":3,"featured_media":11271,"parent":0,"menu_order":0,"comment_status":"closed","ping_status":"closed","template":"","meta":{"footnotes":""},"class_list":["post-12546","page","type-page","status-publish","has-post-thumbnail","hentry"],"yoast_head":"<!-- This site is optimized with the Yoast SEO plugin v24.3 - https:\/\/yoast.com\/wordpress\/plugins\/seo\/ -->\n<title>Laboratory Setup - Ulmeka Mechatronics<\/title>\n<meta name=\"robots\" content=\"index, follow, max-snippet:-1, max-image-preview:large, max-video-preview:-1\" \/>\n<link rel=\"canonical\" href=\"https:\/\/ulmeka.com\/en\/laboratory-setup\/\" \/>\n<meta property=\"og:locale\" content=\"en_US\" \/>\n<meta property=\"og:type\" content=\"article\" \/>\n<meta property=\"og:title\" content=\"Laboratory Setup - Ulmeka Mechatronics\" \/>\n<meta property=\"og:description\" content=\"Laboratory Installation As ULMEKA Mekatronik LTD., we provide the installation of the laboratories you need with our years of experience\" \/>\n<meta property=\"og:url\" content=\"https:\/\/ulmeka.com\/en\/laboratory-setup\/\" \/>\n<meta property=\"og:site_name\" content=\"Ulmeka Mechatronics\" \/>\n<meta property=\"article:publisher\" content=\"https:\/\/www.facebook.com\/ulmekamekatronik\" \/>\n<meta property=\"article:modified_time\" content=\"2025-02-25T07:45:54+00:00\" \/>\n<meta property=\"og:image\" content=\"https:\/\/ulmeka.com\/wp-content\/uploads\/2025\/01\/ip-test-kabini-1.png\" \/>\n\t<meta property=\"og:image:width\" content=\"1200\" \/>\n\t<meta property=\"og:image:height\" content=\"1200\" \/>\n\t<meta property=\"og:image:type\" content=\"image\/png\" \/>\n<meta name=\"twitter:card\" content=\"summary_large_image\" \/>\n<meta name=\"twitter:label1\" content=\"Est. reading time\" \/>\n\t<meta name=\"twitter:data1\" content=\"5 minutes\" \/>\n<script type=\"application\/ld+json\" class=\"yoast-schema-graph\">{\"@context\":\"https:\/\/schema.org\",\"@graph\":[{\"@type\":\"WebPage\",\"@id\":\"https:\/\/ulmeka.com\/en\/laboratory-setup\/\",\"url\":\"https:\/\/ulmeka.com\/en\/laboratory-setup\/\",\"name\":\"Laboratory Setup - Ulmeka Mechatronics\",\"isPartOf\":{\"@id\":\"https:\/\/ulmeka.com\/en\/#website\"},\"primaryImageOfPage\":{\"@id\":\"https:\/\/ulmeka.com\/en\/laboratory-setup\/#primaryimage\"},\"image\":{\"@id\":\"https:\/\/ulmeka.com\/en\/laboratory-setup\/#primaryimage\"},\"thumbnailUrl\":\"https:\/\/ulmeka.com\/wp-content\/uploads\/2025\/01\/ip-test-kabini-1.png\",\"datePublished\":\"2025-02-13T10:49:04+00:00\",\"dateModified\":\"2025-02-25T07:45:54+00:00\",\"breadcrumb\":{\"@id\":\"https:\/\/ulmeka.com\/en\/laboratory-setup\/#breadcrumb\"},\"inLanguage\":\"en-US\",\"potentialAction\":[{\"@type\":\"ReadAction\",\"target\":[\"https:\/\/ulmeka.com\/en\/laboratory-setup\/\"]}]},{\"@type\":\"ImageObject\",\"inLanguage\":\"en-US\",\"@id\":\"https:\/\/ulmeka.com\/en\/laboratory-setup\/#primaryimage\",\"url\":\"https:\/\/ulmeka.com\/wp-content\/uploads\/2025\/01\/ip-test-kabini-1.png\",\"contentUrl\":\"https:\/\/ulmeka.com\/wp-content\/uploads\/2025\/01\/ip-test-kabini-1.png\",\"width\":1200,\"height\":1200},{\"@type\":\"BreadcrumbList\",\"@id\":\"https:\/\/ulmeka.com\/en\/laboratory-setup\/#breadcrumb\",\"itemListElement\":[{\"@type\":\"ListItem\",\"position\":1,\"name\":\"Homepage\",\"item\":\"https:\/\/ulmeka.com\/en\/\"},{\"@type\":\"ListItem\",\"position\":2,\"name\":\"Laboratory Setup\"}]},{\"@type\":\"WebSite\",\"@id\":\"https:\/\/ulmeka.com\/en\/#website\",\"url\":\"https:\/\/ulmeka.com\/en\/\",\"name\":\"Ulmeka Mekatronik - Test Cihazlar\u0131\",\"description\":\"Test Makinalar\u0131 - \u00d6zel Makina \u0130malat\u0131 - Otomasyon - Yaz\u0131l\u0131m - Makina Otomasyonu\",\"publisher\":{\"@id\":\"https:\/\/ulmeka.com\/en\/#organization\"},\"potentialAction\":[{\"@type\":\"SearchAction\",\"target\":{\"@type\":\"EntryPoint\",\"urlTemplate\":\"https:\/\/ulmeka.com\/en\/?s={search_term_string}\"},\"query-input\":{\"@type\":\"PropertyValueSpecification\",\"valueRequired\":true,\"valueName\":\"search_term_string\"}}],\"inLanguage\":\"en-US\"},{\"@type\":\"Organization\",\"@id\":\"https:\/\/ulmeka.com\/en\/#organization\",\"name\":\"Ulmeka Mechatronics - Test Equipment\",\"url\":\"https:\/\/ulmeka.com\/en\/\",\"logo\":{\"@type\":\"ImageObject\",\"inLanguage\":\"en-US\",\"@id\":\"https:\/\/ulmeka.com\/en\/#\/schema\/logo\/image\/\",\"url\":\"https:\/\/ulmeka.com\/wp-content\/uploads\/2023\/09\/ulmeka-logo.webp\",\"contentUrl\":\"https:\/\/ulmeka.com\/wp-content\/uploads\/2023\/09\/ulmeka-logo.webp\",\"width\":1427,\"height\":385,\"caption\":\"Ulmeka Mechatronics - Test Equipment\"},\"image\":{\"@id\":\"https:\/\/ulmeka.com\/en\/#\/schema\/logo\/image\/\"},\"sameAs\":[\"https:\/\/www.facebook.com\/ulmekamekatronik\"]}]}<\/script>\n<!-- \/ Yoast SEO plugin. -->","yoast_head_json":{"title":"Laboratory Setup - Ulmeka Mechatronics","robots":{"index":"index","follow":"follow","max-snippet":"max-snippet:-1","max-image-preview":"max-image-preview:large","max-video-preview":"max-video-preview:-1"},"canonical":"https:\/\/ulmeka.com\/en\/laboratory-setup\/","og_locale":"en_US","og_type":"article","og_title":"Laboratory Setup - Ulmeka Mechatronics","og_description":"Laboratory Installation As ULMEKA Mekatronik LTD., we provide the installation of the laboratories you need with our years of experience","og_url":"https:\/\/ulmeka.com\/en\/laboratory-setup\/","og_site_name":"Ulmeka Mechatronics","article_publisher":"https:\/\/www.facebook.com\/ulmekamekatronik","article_modified_time":"2025-02-25T07:45:54+00:00","og_image":[{"width":1200,"height":1200,"url":"https:\/\/ulmeka.com\/wp-content\/uploads\/2025\/01\/ip-test-kabini-1.png","type":"image\/png"}],"twitter_card":"summary_large_image","twitter_misc":{"Est. reading time":"5 minutes"},"schema":{"@context":"https:\/\/schema.org","@graph":[{"@type":"WebPage","@id":"https:\/\/ulmeka.com\/en\/laboratory-setup\/","url":"https:\/\/ulmeka.com\/en\/laboratory-setup\/","name":"Laboratory Setup - Ulmeka Mechatronics","isPartOf":{"@id":"https:\/\/ulmeka.com\/en\/#website"},"primaryImageOfPage":{"@id":"https:\/\/ulmeka.com\/en\/laboratory-setup\/#primaryimage"},"image":{"@id":"https:\/\/ulmeka.com\/en\/laboratory-setup\/#primaryimage"},"thumbnailUrl":"https:\/\/ulmeka.com\/wp-content\/uploads\/2025\/01\/ip-test-kabini-1.png","datePublished":"2025-02-13T10:49:04+00:00","dateModified":"2025-02-25T07:45:54+00:00","breadcrumb":{"@id":"https:\/\/ulmeka.com\/en\/laboratory-setup\/#breadcrumb"},"inLanguage":"en-US","potentialAction":[{"@type":"ReadAction","target":["https:\/\/ulmeka.com\/en\/laboratory-setup\/"]}]},{"@type":"ImageObject","inLanguage":"en-US","@id":"https:\/\/ulmeka.com\/en\/laboratory-setup\/#primaryimage","url":"https:\/\/ulmeka.com\/wp-content\/uploads\/2025\/01\/ip-test-kabini-1.png","contentUrl":"https:\/\/ulmeka.com\/wp-content\/uploads\/2025\/01\/ip-test-kabini-1.png","width":1200,"height":1200},{"@type":"BreadcrumbList","@id":"https:\/\/ulmeka.com\/en\/laboratory-setup\/#breadcrumb","itemListElement":[{"@type":"ListItem","position":1,"name":"Homepage","item":"https:\/\/ulmeka.com\/en\/"},{"@type":"ListItem","position":2,"name":"Laboratory Setup"}]},{"@type":"WebSite","@id":"https:\/\/ulmeka.com\/en\/#website","url":"https:\/\/ulmeka.com\/en\/","name":"Ulmeka Mekatronik - Test Cihazlar\u0131","description":"Test Makinalar\u0131 - \u00d6zel Makina \u0130malat\u0131 - Otomasyon - Yaz\u0131l\u0131m - Makina Otomasyonu","publisher":{"@id":"https:\/\/ulmeka.com\/en\/#organization"},"potentialAction":[{"@type":"SearchAction","target":{"@type":"EntryPoint","urlTemplate":"https:\/\/ulmeka.com\/en\/?s={search_term_string}"},"query-input":{"@type":"PropertyValueSpecification","valueRequired":true,"valueName":"search_term_string"}}],"inLanguage":"en-US"},{"@type":"Organization","@id":"https:\/\/ulmeka.com\/en\/#organization","name":"Ulmeka Mechatronics - Test Equipment","url":"https:\/\/ulmeka.com\/en\/","logo":{"@type":"ImageObject","inLanguage":"en-US","@id":"https:\/\/ulmeka.com\/en\/#\/schema\/logo\/image\/","url":"https:\/\/ulmeka.com\/wp-content\/uploads\/2023\/09\/ulmeka-logo.webp","contentUrl":"https:\/\/ulmeka.com\/wp-content\/uploads\/2023\/09\/ulmeka-logo.webp","width":1427,"height":385,"caption":"Ulmeka Mechatronics - Test Equipment"},"image":{"@id":"https:\/\/ulmeka.com\/en\/#\/schema\/logo\/image\/"},"sameAs":["https:\/\/www.facebook.com\/ulmekamekatronik"]}]}},"jetpack_sharing_enabled":true,"_links":{"self":[{"href":"https:\/\/ulmeka.com\/en\/wp-json\/wp\/v2\/pages\/12546","targetHints":{"allow":["GET"]}}],"collection":[{"href":"https:\/\/ulmeka.com\/en\/wp-json\/wp\/v2\/pages"}],"about":[{"href":"https:\/\/ulmeka.com\/en\/wp-json\/wp\/v2\/types\/page"}],"author":[{"embeddable":true,"href":"https:\/\/ulmeka.com\/en\/wp-json\/wp\/v2\/users\/3"}],"replies":[{"embeddable":true,"href":"https:\/\/ulmeka.com\/en\/wp-json\/wp\/v2\/comments?post=12546"}],"version-history":[{"count":7,"href":"https:\/\/ulmeka.com\/en\/wp-json\/wp\/v2\/pages\/12546\/revisions"}],"predecessor-version":[{"id":12979,"href":"https:\/\/ulmeka.com\/en\/wp-json\/wp\/v2\/pages\/12546\/revisions\/12979"}],"wp:featuredmedia":[{"embeddable":true,"href":"https:\/\/ulmeka.com\/en\/wp-json\/wp\/v2\/media\/11271"}],"wp:attachment":[{"href":"https:\/\/ulmeka.com\/en\/wp-json\/wp\/v2\/media?parent=12546"}],"curies":[{"name":"wp","href":"https:\/\/api.w.org\/{rel}","templated":true}]}}