{"id":10725,"date":"2024-12-19T12:27:52","date_gmt":"2024-12-19T09:27:52","guid":{"rendered":"https:\/\/ulmeka.com\/machine-automation\/"},"modified":"2025-02-08T12:00:45","modified_gmt":"2025-02-08T09:00:45","slug":"machine-automation","status":"publish","type":"page","link":"https:\/\/ulmeka.com\/en\/machine-automation\/","title":{"rendered":"Machine Automation"},"content":{"rendered":"\t\t<div data-elementor-type=\"wp-page\" data-elementor-id=\"10725\" class=\"elementor elementor-10725 elementor-10179\">\n\t\t\t\t<div class=\"elementor-element elementor-element-4c8800e4 e-flex e-con-boxed wd-section-disabled e-con e-parent\" data-id=\"4c8800e4\" data-element_type=\"container\">\n\t\t\t\t\t<div class=\"e-con-inner\">\n\t\t\t\t<div class=\"elementor-element elementor-element-4d43d832 color-scheme-inherit text-left elementor-widget elementor-widget-text-editor\" data-id=\"4d43d832\" data-element_type=\"widget\" data-widget_type=\"text-editor.default\">\n\t\t\t\t<div class=\"elementor-widget-container\">\n\t\t\t\t\t\t\t\t\t<p><\/p>\n<h3 class=\"wp-block-heading\"><strong>What is Machine Automation?<\/strong><\/h3>\n<p><\/p>\n<p>Machine automation is the process of programming and controlling machines in industrial processes so that they can perform a specific job without the need for human intervention. These systems increase production speed, reduce the error rate and provide energy efficiency.<\/p>\n<p><\/p>\n<hr class=\"wp-block-separator has-alpha-channel-opacity\">\n<p><\/p>\n<h3 class=\"wp-block-heading\"><strong>Advantages of Machine Automation<\/strong><\/h3>\n<p><\/p>\n<ul class=\"wp-block-list\"><p><\/p>\n<li><strong>Efficiency:<\/strong> Processes are completed faster.<\/li>\n<p><\/p>\n<li><strong>Error Reduction:<\/strong> Human errors are minimized.<\/li>\n<p><\/p>\n<li><strong>Cost Reduction:<\/strong> Reduces labor costs in the long run.<\/li>\n<p><\/p>\n<li><strong>Traceability:<\/strong> Data can be continuously monitored and analyzed.<\/li>\n<p><\/p>\n<li><strong>Safety<\/strong> In hazardous environments, machines work instead of people.<\/li>\n<p><\/p><\/ul>\n<p><\/p>\n<hr class=\"wp-block-separator has-alpha-channel-opacity\">\n<p><\/p>\n<h3 class=\"wp-block-heading\"><strong>Our Services<\/strong><\/h3>\n<p><\/p>\n<p>As Ulmeka Mechatronics company, we prepare the automation of all kinds of machines and systems for you, design systems according to your needs or prepare and produce the automation of the systems you are using. You can contact us for your machines that you need or want to have automation done.<\/p>\n<p><\/p>\n<p>As Ulmeka Mechatronics company, we solve your automation projects in a professional way by performing PLC and HMI programming processes. In addition, we are always with you for the maintenance of your automation systems that we have prepared for you and to support you. We serve you with PLCs and HMIs that we use in all different types and brands.<\/p>\n<p><\/p>\n<p><\/p>\t\t\t\t\t\t\t\t<\/div>\n\t\t\t\t<\/div>\n\t\t\t\t\t<\/div>\n\t\t\t\t<\/div>\n\t\t\t\t<\/div>\n\t\t","protected":false},"excerpt":{"rendered":"<p>What is Machine Automation? Machine automation is the process of programming and controlling machines in industrial processes so that they<\/p>\n","protected":false},"author":3,"featured_media":0,"parent":0,"menu_order":0,"comment_status":"closed","ping_status":"closed","template":"","meta":{"footnotes":""},"class_list":["post-10725","page","type-page","status-publish","hentry"],"yoast_head":"<!-- This site is optimized with the Yoast SEO plugin v24.3 - https:\/\/yoast.com\/wordpress\/plugins\/seo\/ -->\n<title>Machine Automation - Ulmeka Mechatronics<\/title>\n<meta name=\"robots\" content=\"index, follow, max-snippet:-1, max-image-preview:large, max-video-preview:-1\" \/>\n<link rel=\"canonical\" href=\"https:\/\/ulmeka.com\/en\/machine-automation\/\" \/>\n<meta property=\"og:locale\" content=\"en_US\" \/>\n<meta property=\"og:type\" content=\"article\" \/>\n<meta property=\"og:title\" content=\"Machine Automation - Ulmeka Mechatronics\" \/>\n<meta property=\"og:description\" content=\"What is Machine Automation? Machine automation is the process of programming and controlling machines in industrial processes so that they\" \/>\n<meta property=\"og:url\" content=\"https:\/\/ulmeka.com\/en\/machine-automation\/\" \/>\n<meta property=\"og:site_name\" content=\"Ulmeka Mechatronics\" \/>\n<meta property=\"article:publisher\" content=\"https:\/\/www.facebook.com\/ulmekamekatronik\" \/>\n<meta property=\"article:modified_time\" content=\"2025-02-08T09:00:45+00:00\" \/>\n<meta name=\"twitter:card\" content=\"summary_large_image\" \/>\n<meta name=\"twitter:label1\" content=\"Est. reading time\" \/>\n\t<meta name=\"twitter:data1\" content=\"1 minute\" \/>\n<script type=\"application\/ld+json\" class=\"yoast-schema-graph\">{\"@context\":\"https:\/\/schema.org\",\"@graph\":[{\"@type\":\"WebPage\",\"@id\":\"https:\/\/ulmeka.com\/en\/machine-automation\/\",\"url\":\"https:\/\/ulmeka.com\/en\/machine-automation\/\",\"name\":\"Machine Automation - Ulmeka Mechatronics\",\"isPartOf\":{\"@id\":\"https:\/\/ulmeka.com\/en\/#website\"},\"datePublished\":\"2024-12-19T09:27:52+00:00\",\"dateModified\":\"2025-02-08T09:00:45+00:00\",\"breadcrumb\":{\"@id\":\"https:\/\/ulmeka.com\/en\/machine-automation\/#breadcrumb\"},\"inLanguage\":\"en-US\",\"potentialAction\":[{\"@type\":\"ReadAction\",\"target\":[\"https:\/\/ulmeka.com\/en\/machine-automation\/\"]}]},{\"@type\":\"BreadcrumbList\",\"@id\":\"https:\/\/ulmeka.com\/en\/machine-automation\/#breadcrumb\",\"itemListElement\":[{\"@type\":\"ListItem\",\"position\":1,\"name\":\"Homepage\",\"item\":\"https:\/\/ulmeka.com\/en\/\"},{\"@type\":\"ListItem\",\"position\":2,\"name\":\"Machine Automation\"}]},{\"@type\":\"WebSite\",\"@id\":\"https:\/\/ulmeka.com\/en\/#website\",\"url\":\"https:\/\/ulmeka.com\/en\/\",\"name\":\"Ulmeka Mekatronik - Test Cihazlar\u0131\",\"description\":\"Test Makinalar\u0131 - \u00d6zel Makina \u0130malat\u0131 - Otomasyon - Yaz\u0131l\u0131m - Makina Otomasyonu\",\"publisher\":{\"@id\":\"https:\/\/ulmeka.com\/en\/#organization\"},\"potentialAction\":[{\"@type\":\"SearchAction\",\"target\":{\"@type\":\"EntryPoint\",\"urlTemplate\":\"https:\/\/ulmeka.com\/en\/?s={search_term_string}\"},\"query-input\":{\"@type\":\"PropertyValueSpecification\",\"valueRequired\":true,\"valueName\":\"search_term_string\"}}],\"inLanguage\":\"en-US\"},{\"@type\":\"Organization\",\"@id\":\"https:\/\/ulmeka.com\/en\/#organization\",\"name\":\"Ulmeka Mechatronics - Test Equipment\",\"url\":\"https:\/\/ulmeka.com\/en\/\",\"logo\":{\"@type\":\"ImageObject\",\"inLanguage\":\"en-US\",\"@id\":\"https:\/\/ulmeka.com\/en\/#\/schema\/logo\/image\/\",\"url\":\"https:\/\/ulmeka.com\/wp-content\/uploads\/2023\/09\/ulmeka-logo.webp\",\"contentUrl\":\"https:\/\/ulmeka.com\/wp-content\/uploads\/2023\/09\/ulmeka-logo.webp\",\"width\":1427,\"height\":385,\"caption\":\"Ulmeka Mechatronics - Test Equipment\"},\"image\":{\"@id\":\"https:\/\/ulmeka.com\/en\/#\/schema\/logo\/image\/\"},\"sameAs\":[\"https:\/\/www.facebook.com\/ulmekamekatronik\"]}]}<\/script>\n<!-- \/ Yoast SEO plugin. -->","yoast_head_json":{"title":"Machine Automation - Ulmeka Mechatronics","robots":{"index":"index","follow":"follow","max-snippet":"max-snippet:-1","max-image-preview":"max-image-preview:large","max-video-preview":"max-video-preview:-1"},"canonical":"https:\/\/ulmeka.com\/en\/machine-automation\/","og_locale":"en_US","og_type":"article","og_title":"Machine Automation - Ulmeka Mechatronics","og_description":"What is Machine Automation? Machine automation is the process of programming and controlling machines in industrial processes so that they","og_url":"https:\/\/ulmeka.com\/en\/machine-automation\/","og_site_name":"Ulmeka Mechatronics","article_publisher":"https:\/\/www.facebook.com\/ulmekamekatronik","article_modified_time":"2025-02-08T09:00:45+00:00","twitter_card":"summary_large_image","twitter_misc":{"Est. reading time":"1 minute"},"schema":{"@context":"https:\/\/schema.org","@graph":[{"@type":"WebPage","@id":"https:\/\/ulmeka.com\/en\/machine-automation\/","url":"https:\/\/ulmeka.com\/en\/machine-automation\/","name":"Machine Automation - Ulmeka Mechatronics","isPartOf":{"@id":"https:\/\/ulmeka.com\/en\/#website"},"datePublished":"2024-12-19T09:27:52+00:00","dateModified":"2025-02-08T09:00:45+00:00","breadcrumb":{"@id":"https:\/\/ulmeka.com\/en\/machine-automation\/#breadcrumb"},"inLanguage":"en-US","potentialAction":[{"@type":"ReadAction","target":["https:\/\/ulmeka.com\/en\/machine-automation\/"]}]},{"@type":"BreadcrumbList","@id":"https:\/\/ulmeka.com\/en\/machine-automation\/#breadcrumb","itemListElement":[{"@type":"ListItem","position":1,"name":"Homepage","item":"https:\/\/ulmeka.com\/en\/"},{"@type":"ListItem","position":2,"name":"Machine Automation"}]},{"@type":"WebSite","@id":"https:\/\/ulmeka.com\/en\/#website","url":"https:\/\/ulmeka.com\/en\/","name":"Ulmeka Mekatronik - Test Cihazlar\u0131","description":"Test Makinalar\u0131 - \u00d6zel Makina \u0130malat\u0131 - Otomasyon - Yaz\u0131l\u0131m - Makina Otomasyonu","publisher":{"@id":"https:\/\/ulmeka.com\/en\/#organization"},"potentialAction":[{"@type":"SearchAction","target":{"@type":"EntryPoint","urlTemplate":"https:\/\/ulmeka.com\/en\/?s={search_term_string}"},"query-input":{"@type":"PropertyValueSpecification","valueRequired":true,"valueName":"search_term_string"}}],"inLanguage":"en-US"},{"@type":"Organization","@id":"https:\/\/ulmeka.com\/en\/#organization","name":"Ulmeka Mechatronics - Test Equipment","url":"https:\/\/ulmeka.com\/en\/","logo":{"@type":"ImageObject","inLanguage":"en-US","@id":"https:\/\/ulmeka.com\/en\/#\/schema\/logo\/image\/","url":"https:\/\/ulmeka.com\/wp-content\/uploads\/2023\/09\/ulmeka-logo.webp","contentUrl":"https:\/\/ulmeka.com\/wp-content\/uploads\/2023\/09\/ulmeka-logo.webp","width":1427,"height":385,"caption":"Ulmeka Mechatronics - Test Equipment"},"image":{"@id":"https:\/\/ulmeka.com\/en\/#\/schema\/logo\/image\/"},"sameAs":["https:\/\/www.facebook.com\/ulmekamekatronik"]}]}},"jetpack_sharing_enabled":true,"_links":{"self":[{"href":"https:\/\/ulmeka.com\/en\/wp-json\/wp\/v2\/pages\/10725","targetHints":{"allow":["GET"]}}],"collection":[{"href":"https:\/\/ulmeka.com\/en\/wp-json\/wp\/v2\/pages"}],"about":[{"href":"https:\/\/ulmeka.com\/en\/wp-json\/wp\/v2\/types\/page"}],"author":[{"embeddable":true,"href":"https:\/\/ulmeka.com\/en\/wp-json\/wp\/v2\/users\/3"}],"replies":[{"embeddable":true,"href":"https:\/\/ulmeka.com\/en\/wp-json\/wp\/v2\/comments?post=10725"}],"version-history":[{"count":4,"href":"https:\/\/ulmeka.com\/en\/wp-json\/wp\/v2\/pages\/10725\/revisions"}],"predecessor-version":[{"id":11922,"href":"https:\/\/ulmeka.com\/en\/wp-json\/wp\/v2\/pages\/10725\/revisions\/11922"}],"wp:attachment":[{"href":"https:\/\/ulmeka.com\/en\/wp-json\/wp\/v2\/media?parent=10725"}],"curies":[{"name":"wp","href":"https:\/\/api.w.org\/{rel}","templated":true}]}}